{"id":19000,"date":"2026-02-04T13:11:29","date_gmt":"2026-02-04T13:11:29","guid":{"rendered":"https:\/\/edenalvor.com\/junta-te-a-nos\/"},"modified":"2026-02-27T13:40:48","modified_gmt":"2026-02-27T13:40:48","slug":"junta-te-a-nos","status":"publish","type":"page","link":"https:\/\/edenalvor.com\/pt-pt\/junta-te-a-nos\/","title":{"rendered":"Junta-te a N\u00f3s"},"content":{"rendered":"\n<p><strong>Vem trabalhar num dos locais mais \u00fanicos do Algarve<\/strong><\/p>\n\n<p>Somos o \u00fanico local no Algarve onde podes encontrar Mini Golfe Tropical, um Spa Exterior com Piscina aquecida, Sauna e Tratamentos de Beleza e um Restaurante que recebe cr\u00edticas excelentes pela qualidade da comida que servimos, que supera as expectativas, juntamente com uma sala de simulador virtual para jogar golfe e participar em experi\u00eancias de realidade virtual. <\/p>\n\n<p>A nossa vis\u00e3o \u00e9 criar uma experi\u00eancia incr\u00edvel para qualquer pessoa que visite o Eden Alvor, e se queres trabalhar num dos locais \u00fanicos do Algarve, podes enviar-nos o teu CV ou candidatar-te diretamente a qualquer emprego atualmente anunciado. <\/p>\n\n<p>Clica abaixo para nos enviares o teu CV para <a href=\"mailto:info@edenalvor.com\" class=\"orange\">info@edenalvor.com<\/a>:<\/p>\n\n<div class=\"wp-block-buttons is-layout-flex wp-block-buttons-is-layout-flex\">\n<div class=\"wp-block-button\"><a class=\"wp-block-button__link wp-element-button\" href=\"mailto:info@edenalvor.com\">Clica aqui para nos enviares o teu CV<\/a><\/div>\n<\/div>\n\n<p><\/p>\n\n<p><strong>\u00daltimos Empregos no Eden Alvor<\/strong><\/p>\n\n<ul class=\"wp-block-list\">\n<li><a href=\"https:\/\/edenalvor.com\/pt-pt\/empregados-de-mesa-empregadas-de-mesa-experientes\/\" class=\"orange\">Empregados\/as de mesa com experi\u00eancia<\/a><\/li>\n\n\n\n<li><a href=\"https:\/\/edenalvor.com\/pt-pt\/2o-cozinheiro\/\" class=\"orange\">2.\u00ba Cozinheiro  <\/a><\/li>\n<\/ul>\n\n<p><\/p>\n","protected":false},"excerpt":{"rendered":"<p>Vem trabalhar num dos locais mais \u00fanicos do Algarve Somos o \u00fanico local no Algarve onde podes encontrar Mini Golfe Tropical, um Spa Exterior com Piscina aquecida, Sauna e Tratamentos de Beleza e um Restaurante que recebe cr\u00edticas excelentes pela qualidade da comida que servimos, que supera as expectativas, juntamente com uma sala de simulador [&hellip;]<\/p>\n","protected":false},"author":1,"featured_media":0,"parent":0,"menu_order":0,"comment_status":"closed","ping_status":"closed","template":"","meta":{"_piecal_is_event":false,"_piecal_start_date":"","_piecal_end_date":"","_piecal_is_allday":false,"footnotes":""},"class_list":["post-19000","page","type-page","status-publish","hentry"],"_links":{"self":[{"href":"https:\/\/edenalvor.com\/pt-pt\/wp-json\/wp\/v2\/pages\/19000","targetHints":{"allow":["GET"]}}],"collection":[{"href":"https:\/\/edenalvor.com\/pt-pt\/wp-json\/wp\/v2\/pages"}],"about":[{"href":"https:\/\/edenalvor.com\/pt-pt\/wp-json\/wp\/v2\/types\/page"}],"author":[{"embeddable":true,"href":"https:\/\/edenalvor.com\/pt-pt\/wp-json\/wp\/v2\/users\/1"}],"replies":[{"embeddable":true,"href":"https:\/\/edenalvor.com\/pt-pt\/wp-json\/wp\/v2\/comments?post=19000"}],"version-history":[{"count":6,"href":"https:\/\/edenalvor.com\/pt-pt\/wp-json\/wp\/v2\/pages\/19000\/revisions"}],"predecessor-version":[{"id":19656,"href":"https:\/\/edenalvor.com\/pt-pt\/wp-json\/wp\/v2\/pages\/19000\/revisions\/19656"}],"wp:attachment":[{"href":"https:\/\/edenalvor.com\/pt-pt\/wp-json\/wp\/v2\/media?parent=19000"}],"curies":[{"name":"wp","href":"https:\/\/api.w.org\/{rel}","templated":true}]}}