{"id":6599,"date":"2025-07-22T17:36:51","date_gmt":"2025-07-22T16:36:51","guid":{"rendered":"https:\/\/edenalvor.com\/a-nossa-historia\/"},"modified":"2025-10-22T12:02:16","modified_gmt":"2025-10-22T11:02:16","slug":"a-nossa-historia","status":"publish","type":"page","link":"https:\/\/edenalvor.com\/pt-pt\/a-nossa-historia\/","title":{"rendered":"A nossa hist\u00f3ria"},"content":{"rendered":"\n<div class=\"wp-block-columns is-layout-flex wp-container-core-columns-is-layout-9d6595d7 wp-block-columns-is-layout-flex\">\n<div class=\"wp-block-column is-layout-flow wp-block-column-is-layout-flow\">\n<p><span style=\"font-weight: 400;\">Bem-vindo ao Eden Alvor, o seu Ref\u00fagio de Bem-estar Tropical, onde pode relaxar na nossa piscina de \u00e1gua salgada aquecida ou na sauna, desfrutar de mini-golfe, de um almo\u00e7o delicioso ou de uma refei\u00e7\u00e3o gourmet. <\/span><\/p>\n<p><span style=\"font-weight: 400;\">O Eden Alvor \u00e9 a evolu\u00e7\u00e3o do Golfland, fundado por Rey Langels para criar uma atra\u00e7\u00e3o durante todo o ano para fam\u00edlias e golfistas, combinando mini-golfe tropical com animatr\u00f3nicos, gastronomia e o Simulador de Golfe Trackman. <\/span><\/p>\n<p><span style=\"font-weight: 400;\">Em 2024, o neg\u00f3cio expandiu-se para oferecer um verdadeiro o\u00e1sis tropical, incorporando um spa com piscina de \u00e1gua salgada, sauna e imers\u00e3o em \u00e1gua fria, bem como massagens e tratamentos de beleza. Um concurso p\u00fablico de nomea\u00e7\u00e3o levou ao novo nome \"Eden Alvor\", refletindo o seu cen\u00e1rio de jardim tropical exuberante e o para\u00edso de Alvor. A \u00e1rea do Spa foi lan\u00e7ada no in\u00edcio de 2025 e tamb\u00e9m acolhe eventos privados como Casamentos e Ch\u00e1s de Beb\u00e9.<\/span><\/p>\n<\/div>\n\n\n\n<div class=\"wp-block-column is-layout-flow wp-block-column-is-layout-flow\">\n<figure class=\"wp-block-image size-full\"><img loading=\"lazy\" decoding=\"async\" width=\"600\" height=\"400\" src=\"https:\/\/askai.pt\/wp-content\/uploads\/2025\/08\/eden-alvor-history.jpg\" alt=\"\" class=\"wp-image-2029\" srcset=\"https:\/\/edenalvor.com\/wp-content\/uploads\/2025\/08\/eden-alvor-history.jpg 600w, https:\/\/edenalvor.com\/wp-content\/uploads\/2025\/08\/eden-alvor-history-300x200.jpg 300w\" sizes=\"auto, (max-width: 600px) 100vw, 600px\" \/><\/figure>\n<\/div>\n<\/div>\n\n<figure class=\"wp-block-gallery has-nested-images columns-default is-cropped wp-block-gallery-1 is-layout-flex wp-block-gallery-is-layout-flex\">\n<figure class=\"wp-block-image size-large\"><img loading=\"lazy\" decoding=\"async\" width=\"800\" height=\"600\" data-id=\"756\" src=\"https:\/\/askai.pt\/wp-content\/uploads\/2025\/06\/eden-alvor-restaurant.jpg\" alt=\"\" class=\"wp-image-756\" srcset=\"https:\/\/edenalvor.com\/wp-content\/uploads\/2025\/06\/eden-alvor-restaurant.jpg 800w, https:\/\/edenalvor.com\/wp-content\/uploads\/2025\/06\/eden-alvor-restaurant-300x225.jpg 300w, https:\/\/edenalvor.com\/wp-content\/uploads\/2025\/06\/eden-alvor-restaurant-768x576.jpg 768w\" sizes=\"auto, (max-width: 800px) 100vw, 800px\" \/><\/figure>\n\n\n\n<figure class=\"wp-block-image size-large\"><img loading=\"lazy\" decoding=\"async\" width=\"800\" height=\"600\" data-id=\"753\" src=\"https:\/\/askai.pt\/wp-content\/uploads\/2025\/06\/eden-mini-golf-g4.jpg\" alt=\"\" class=\"wp-image-753\" srcset=\"https:\/\/edenalvor.com\/wp-content\/uploads\/2025\/06\/eden-mini-golf-g4.jpg 800w, https:\/\/edenalvor.com\/wp-content\/uploads\/2025\/06\/eden-mini-golf-g4-300x225.jpg 300w, https:\/\/edenalvor.com\/wp-content\/uploads\/2025\/06\/eden-mini-golf-g4-768x576.jpg 768w\" sizes=\"auto, (max-width: 800px) 100vw, 800px\" \/><\/figure>\n\n\n\n<figure class=\"wp-block-image size-large\"><img loading=\"lazy\" decoding=\"async\" width=\"800\" height=\"600\" data-id=\"752\" src=\"https:\/\/askai.pt\/wp-content\/uploads\/2025\/06\/eden-mini-golf-g3.jpg\" alt=\"\" class=\"wp-image-752\" srcset=\"https:\/\/edenalvor.com\/wp-content\/uploads\/2025\/06\/eden-mini-golf-g3.jpg 800w, https:\/\/edenalvor.com\/wp-content\/uploads\/2025\/06\/eden-mini-golf-g3-300x225.jpg 300w, https:\/\/edenalvor.com\/wp-content\/uploads\/2025\/06\/eden-mini-golf-g3-768x576.jpg 768w\" sizes=\"auto, (max-width: 800px) 100vw, 800px\" \/><\/figure>\n\n\n\n<figure class=\"wp-block-image size-large\"><img loading=\"lazy\" decoding=\"async\" width=\"800\" height=\"600\" data-id=\"750\" src=\"https:\/\/askai.pt\/wp-content\/uploads\/2025\/06\/eden-mini-golf-g1.jpg\" alt=\"\" class=\"wp-image-750\" srcset=\"https:\/\/edenalvor.com\/wp-content\/uploads\/2025\/06\/eden-mini-golf-g1.jpg 800w, https:\/\/edenalvor.com\/wp-content\/uploads\/2025\/06\/eden-mini-golf-g1-300x225.jpg 300w, https:\/\/edenalvor.com\/wp-content\/uploads\/2025\/06\/eden-mini-golf-g1-768x576.jpg 768w\" sizes=\"auto, (max-width: 800px) 100vw, 800px\" \/><\/figure>\n\n\n\n<figure class=\"wp-block-image size-large\"><img loading=\"lazy\" decoding=\"async\" width=\"600\" height=\"400\" data-id=\"654\" src=\"https:\/\/askai.pt\/wp-content\/uploads\/2025\/07\/treatments.jpg\" alt=\"\" class=\"wp-image-654\" srcset=\"https:\/\/edenalvor.com\/wp-content\/uploads\/2025\/07\/treatments.jpg 600w, https:\/\/edenalvor.com\/wp-content\/uploads\/2025\/07\/treatments-300x200.jpg 300w\" sizes=\"auto, (max-width: 600px) 100vw, 600px\" \/><\/figure>\n\n\n\n<figure class=\"wp-block-image size-large\"><img loading=\"lazy\" decoding=\"async\" width=\"667\" height=\"500\" data-id=\"219\" src=\"https:\/\/askai.pt\/wp-content\/uploads\/2025\/06\/eden-spa.jpg\" alt=\"\" class=\"wp-image-219\" srcset=\"https:\/\/edenalvor.com\/wp-content\/uploads\/2025\/06\/eden-spa.jpg 667w, https:\/\/edenalvor.com\/wp-content\/uploads\/2025\/06\/eden-spa-300x225.jpg 300w\" sizes=\"auto, (max-width: 667px) 100vw, 667px\" \/><\/figure>\n\n\n\n<figure class=\"wp-block-image size-large\"><img loading=\"lazy\" decoding=\"async\" width=\"800\" height=\"600\" data-id=\"218\" src=\"https:\/\/askai.pt\/wp-content\/uploads\/2025\/06\/eden-mini-golf.jpg\" alt=\"\" class=\"wp-image-218\" srcset=\"https:\/\/edenalvor.com\/wp-content\/uploads\/2025\/06\/eden-mini-golf.jpg 800w, https:\/\/edenalvor.com\/wp-content\/uploads\/2025\/06\/eden-mini-golf-300x225.jpg 300w, https:\/\/edenalvor.com\/wp-content\/uploads\/2025\/06\/eden-mini-golf-768x576.jpg 768w\" sizes=\"auto, (max-width: 800px) 100vw, 800px\" \/><\/figure>\n<\/figure>\n","protected":false},"excerpt":{"rendered":"<p>Bem-vindo ao Eden Alvor, o seu Ref\u00fagio de Bem-estar Tropical, onde pode relaxar na nossa piscina de \u00e1gua salgada aquecida ou na sauna, desfrutar de mini-golfe, de um almo\u00e7o delicioso ou de uma refei\u00e7\u00e3o gourmet. O Eden Alvor \u00e9 a evolu\u00e7\u00e3o do Golfland, fundado por Rey Langels para criar uma atra\u00e7\u00e3o durante todo o ano [&hellip;]<\/p>\n","protected":false},"author":1,"featured_media":0,"parent":0,"menu_order":0,"comment_status":"closed","ping_status":"closed","template":"template-fullwidth.php","meta":{"_piecal_is_event":false,"_piecal_start_date":"","_piecal_end_date":"","_piecal_is_allday":false,"footnotes":""},"class_list":["post-6599","page","type-page","status-publish","hentry"],"_links":{"self":[{"href":"https:\/\/edenalvor.com\/pt-pt\/wp-json\/wp\/v2\/pages\/6599","targetHints":{"allow":["GET"]}}],"collection":[{"href":"https:\/\/edenalvor.com\/pt-pt\/wp-json\/wp\/v2\/pages"}],"about":[{"href":"https:\/\/edenalvor.com\/pt-pt\/wp-json\/wp\/v2\/types\/page"}],"author":[{"embeddable":true,"href":"https:\/\/edenalvor.com\/pt-pt\/wp-json\/wp\/v2\/users\/1"}],"replies":[{"embeddable":true,"href":"https:\/\/edenalvor.com\/pt-pt\/wp-json\/wp\/v2\/comments?post=6599"}],"version-history":[{"count":3,"href":"https:\/\/edenalvor.com\/pt-pt\/wp-json\/wp\/v2\/pages\/6599\/revisions"}],"predecessor-version":[{"id":6613,"href":"https:\/\/edenalvor.com\/pt-pt\/wp-json\/wp\/v2\/pages\/6599\/revisions\/6613"}],"wp:attachment":[{"href":"https:\/\/edenalvor.com\/pt-pt\/wp-json\/wp\/v2\/media?parent=6599"}],"curies":[{"name":"wp","href":"https:\/\/api.w.org\/{rel}","templated":true}]}}