{"id":6604,"date":"2025-07-22T17:43:49","date_gmt":"2025-07-22T16:43:49","guid":{"rendered":"https:\/\/edenalvor.com\/visita-virtual\/"},"modified":"2025-10-22T12:02:03","modified_gmt":"2025-10-22T11:02:03","slug":"visita-virtual","status":"publish","type":"page","link":"https:\/\/edenalvor.com\/pt-pt\/visita-virtual\/","title":{"rendered":"Visita virtual"},"content":{"rendered":"\n<p>Fa\u00e7a um passeio connosco pelo Eden. Utilize o menu \u00e0 esquerda para saltar para a sec\u00e7\u00e3o que pretende visualizar e use as setas que aparecem para percorrer o Eden Alvor antes da sua visita.<\/p>\n\n<iframe loading=\"lazy\" width=\"100%\" height=\"600\" frameborder=\"0\" allowfullscreen=\"\" src=\"https:\/\/tourmkr.com\/F1Rovl9k2t\"><\/iframe>\n","protected":false},"excerpt":{"rendered":"<p>Fa\u00e7a um passeio connosco pelo Eden. Utilize o menu \u00e0 esquerda para saltar para a sec\u00e7\u00e3o que pretende visualizar e use as setas que aparecem para percorrer o Eden Alvor antes da sua visita.<\/p>\n","protected":false},"author":1,"featured_media":0,"parent":0,"menu_order":0,"comment_status":"closed","ping_status":"closed","template":"template-fullwidth.php","meta":{"_piecal_is_event":false,"_piecal_start_date":"","_piecal_end_date":"","_piecal_is_allday":false,"footnotes":""},"class_list":["post-6604","page","type-page","status-publish","hentry"],"_links":{"self":[{"href":"https:\/\/edenalvor.com\/pt-pt\/wp-json\/wp\/v2\/pages\/6604","targetHints":{"allow":["GET"]}}],"collection":[{"href":"https:\/\/edenalvor.com\/pt-pt\/wp-json\/wp\/v2\/pages"}],"about":[{"href":"https:\/\/edenalvor.com\/pt-pt\/wp-json\/wp\/v2\/types\/page"}],"author":[{"embeddable":true,"href":"https:\/\/edenalvor.com\/pt-pt\/wp-json\/wp\/v2\/users\/1"}],"replies":[{"embeddable":true,"href":"https:\/\/edenalvor.com\/pt-pt\/wp-json\/wp\/v2\/comments?post=6604"}],"version-history":[{"count":1,"href":"https:\/\/edenalvor.com\/pt-pt\/wp-json\/wp\/v2\/pages\/6604\/revisions"}],"predecessor-version":[{"id":6605,"href":"https:\/\/edenalvor.com\/pt-pt\/wp-json\/wp\/v2\/pages\/6604\/revisions\/6605"}],"wp:attachment":[{"href":"https:\/\/edenalvor.com\/pt-pt\/wp-json\/wp\/v2\/media?parent=6604"}],"curies":[{"name":"wp","href":"https:\/\/api.w.org\/{rel}","templated":true}]}}