{"id":6620,"date":"2025-07-21T15:38:10","date_gmt":"2025-07-21T14:38:10","guid":{"rendered":"https:\/\/edenalvor.com\/termos-e-condicoes\/"},"modified":"2025-10-22T12:02:22","modified_gmt":"2025-10-22T11:02:22","slug":"termos-e-condicoes","status":"publish","type":"page","link":"https:\/\/edenalvor.com\/pt-pt\/termos-e-condicoes\/","title":{"rendered":"Termos e condi\u00e7\u00f5es"},"content":{"rendered":"\n<h3 class=\"wp-block-heading\">Geral<\/h3>\n\n<ul class=\"wp-block-list\">\n<li>Reservamo-nos o direito de alterar os nossos pre\u00e7os sem aviso pr\u00e9vio.<\/li>\n\n\n\n<li>Combos, conjuntos ou pacotes devem ser reservados na totalidade e n\u00e3o podem ser separados. Se algum componente for removido de um combo ou pacote espec\u00edfico, reservamo-nos o direito de cancelar a reserva e reembolsar o valor correspondente.<\/li>\n\n\n\n<li>Qualquer pequeno-almo\u00e7o inclu\u00eddo como parte de um combo ou pacote deve ser reservado para a manh\u00e3 do mesmo dia dos outros servi\u00e7os inclu\u00eddos.<\/li>\n<\/ul>\n\n<h3 class=\"wp-block-heading\">Spa<\/h3>\n\n<ul class=\"wp-block-list\">\n<li>Requisito de Toalha:<br\/>\u00c9 necess\u00e1ria uma toalha para a utiliza\u00e7\u00e3o das espregui\u00e7adeiras e piscina do spa. Pode trazer a sua pr\u00f3pria ou alugar uma na rece\u00e7\u00e3o.<\/li>\n\n\n\n<li>Higiene:<br\/>S\u00e3o fornecidos len\u00e7\u00f3is descart\u00e1veis gratuitos que devem ser utilizados ao usar as espregui\u00e7adeiras e ao sentar-se na sauna. Estes est\u00e3o dispon\u00edveis no local.<\/li>\n\n\n\n<li>Comida e Bebida:<br\/>N\u00e3o s\u00e3o permitidos alimentos ou bebidas externas no Eden Spa. Refrescos, snacks e uma vasta sele\u00e7\u00e3o de comida e bebida podem ser adquiridos utilizando o cart\u00e3o do spa fornecido no check-in. Estes podem ser servidos na sua espregui\u00e7adeira ou na \u00e1rea designada no deck da piscina.<\/li>\n\n\n\n<li>Crian\u00e7as:<br\/>Crian\u00e7as de todas as idades s\u00e3o bem-vindas para desfrutar do spa e piscina com supervis\u00e3o de adultos. N\u00e3o \u00e9 permitido correr pela \u00e1rea do spa ou mergulhar\/saltar para a piscina. Note que n\u00e3o existem tarifas especiais para crian\u00e7as, mas menores de 4 anos t\u00eam entrada gratuita. O acesso das crian\u00e7as ao spa pode alterar-se ocasionalmente sem aviso pr\u00e9vio.<\/li>\n<\/ul>\n\n<p>O Eden Spa reserva-se o direito de alterar ou atualizar as suas pol\u00edticas, pre\u00e7os e regras de acesso a qualquer momento sem aviso pr\u00e9vio.<\/p>\n\n<h3 class=\"wp-block-heading\">Mini golfe<\/h3>\n\n<ul class=\"wp-block-list\">\n<li>Todos os jogadores devem usar cal\u00e7ado adequado (sapatos rasos).<\/li>\n\n\n\n<li>Crian\u00e7as menores de 13 anos devem ser acompanhadas por um adulto pagante ou j\u00fanior (+ 13 anos).<\/li>\n\n\n\n<li>M\u00e1ximo de 5 jogadores por grupo.<\/li>\n\n\n\n<li>Aguarde at\u00e9 que o grupo \u00e0 sua frente tenha terminado o buraco antes de fazer o tee off.<\/li>\n\n\n\n<li>M\u00e1ximo de 6 tacadas por buraco. Depois disso, apanhe a sua bola e escreva um 6 no cart\u00e3o de pontua\u00e7\u00e3o.<\/li>\n\n\n\n<li>Se a sua bola rolar para fora do green, reponha-a com uma penaliza\u00e7\u00e3o de uma tacada.<\/li>\n\n\n\n<li>Se a sua bola estiver demasiado perto da lateral ou num obst\u00e1culo, reponha-a dentro de dois comprimentos de cabe\u00e7a de taco sem penaliza\u00e7\u00e3o (incluindo o crocodilo no buraco 3).<\/li>\n\n\n\n<li>Caminhe apenas nos greens e caminhos de pedra (por favor n\u00e3o caminhe nas \u00e1reas de planta\u00e7\u00e3o).<\/li>\n\n\n\n<li>Por seguran\u00e7a, nunca levante a cabe\u00e7a do taco acima da altura do joelho.<\/li>\n\n\n\n<li>Pode trazer a sua bebida consigo, mas por favor coloque-a nas mesas de bebidas enquanto joga.<\/li>\n\n\n\n<li>Por favor n\u00e3o toque nas caracter\u00edsticas animatr\u00f3nicas ou outras decora\u00e7\u00f5es.<\/li>\n\n\n\n<li>Por favor n\u00e3o perturbe outros jogadores.<\/li>\n\n\n\n<li>O tempo de jogo recomendado para 18 buracos \u00e9 de 40-50 minutos.<\/li>\n\n\n\n<li>Ap\u00f3s terminar a ronda, por favor deixe o seu taco e bola no local marcado.<\/li>\n\n\n\n<li>Apenas uma ronda por taxa de green (segunda ronda no mesmo dia por metade do pre\u00e7o).<\/li>\n\n\n\n<li>Em caso de danos materiais causados pelo cliente, o cliente assume total responsabilidade.<\/li>\n\n\n\n<li>Os pais s\u00e3o totalmente respons\u00e1veis por garantir que os seus filhos seguem estas regras.<\/li>\n<\/ul>\n\n<h3 class=\"wp-block-heading\">Reembolso<\/h3>\n\n<p>Todas as reservas online n\u00e3o s\u00e3o reembols\u00e1veis. Uma vez confirmada a reserva e recebido o pagamento, n\u00e3o podemos oferecer reembolsos por cancelamentos ou altera\u00e7\u00f5es. Compreendemos que os planos podem mudar. Embora n\u00e3o ofere\u00e7amos reembolsos, os compromissos podem ser reagendados com pelo menos 24 horas de anteced\u00eancia, sujeito \u00e0 disponibilidade. Compromissos perdidos ou cancelamentos feitos dentro de 24 horas do hor\u00e1rio da reserva ser\u00e3o cobrados na totalidade.<\/p>\n\n<h3 class=\"wp-block-heading\">Pol\u00edtica de Privacidade<\/h3>\n\n<p>A nossa <a href=\"https:\/\/edenalvor.com\/pt-pt\/politica-de-privacidade\/\"><strong><mark style=\"background-color:rgba(0, 0, 0, 0);color:#ff712a\" class=\"has-inline-color\">Pol\u00edtica de Privacidade<\/mark><\/strong><\/a> explica como recolhemos e utilizamos as suas informa\u00e7\u00f5es.<\/p>\n\n<p><\/p>\n","protected":false},"excerpt":{"rendered":"<p>Geral Spa O Eden Spa reserva-se o direito de alterar ou atualizar as suas pol\u00edticas, pre\u00e7os e regras de acesso a qualquer momento sem aviso pr\u00e9vio. Mini golfe Reembolso Todas as reservas online n\u00e3o s\u00e3o reembols\u00e1veis. Uma vez confirmada a reserva e recebido o pagamento, n\u00e3o podemos oferecer reembolsos por cancelamentos ou altera\u00e7\u00f5es. Compreendemos que [&hellip;]<\/p>\n","protected":false},"author":1,"featured_media":0,"parent":0,"menu_order":0,"comment_status":"closed","ping_status":"closed","template":"template-fullwidth.php","meta":{"_piecal_is_event":false,"_piecal_start_date":"","_piecal_end_date":"","_piecal_is_allday":false,"footnotes":""},"class_list":["post-6620","page","type-page","status-publish","hentry"],"_links":{"self":[{"href":"https:\/\/edenalvor.com\/pt-pt\/wp-json\/wp\/v2\/pages\/6620","targetHints":{"allow":["GET"]}}],"collection":[{"href":"https:\/\/edenalvor.com\/pt-pt\/wp-json\/wp\/v2\/pages"}],"about":[{"href":"https:\/\/edenalvor.com\/pt-pt\/wp-json\/wp\/v2\/types\/page"}],"author":[{"embeddable":true,"href":"https:\/\/edenalvor.com\/pt-pt\/wp-json\/wp\/v2\/users\/1"}],"replies":[{"embeddable":true,"href":"https:\/\/edenalvor.com\/pt-pt\/wp-json\/wp\/v2\/comments?post=6620"}],"version-history":[{"count":1,"href":"https:\/\/edenalvor.com\/pt-pt\/wp-json\/wp\/v2\/pages\/6620\/revisions"}],"predecessor-version":[{"id":6621,"href":"https:\/\/edenalvor.com\/pt-pt\/wp-json\/wp\/v2\/pages\/6620\/revisions\/6621"}],"wp:attachment":[{"href":"https:\/\/edenalvor.com\/pt-pt\/wp-json\/wp\/v2\/media?parent=6620"}],"curies":[{"name":"wp","href":"https:\/\/api.w.org\/{rel}","templated":true}]}}