{"id":6626,"date":"2025-09-26T11:42:22","date_gmt":"2025-09-26T10:42:22","guid":{"rendered":"https:\/\/edenalvor.com\/junte-se-a-rede-de-parceiros-do-eden-alvor\/"},"modified":"2026-01-07T17:13:21","modified_gmt":"2026-01-07T17:13:21","slug":"junte-se-a-rede-de-parceiros-do-eden-alvor","status":"publish","type":"page","link":"https:\/\/edenalvor.com\/pt-pt\/junte-se-a-rede-de-parceiros-do-eden-alvor\/","title":{"rendered":"Junte-se \u00e0 rede de parceiros do Eden Alvor"},"content":{"rendered":"\n<h2 class=\"wp-block-heading\">Ganhe com cada reserva<\/h2>\n\n<p>Transforme a sua influ\u00eancia ou rede em rendimento promovendo um dos destinos mais \u00fanicos do Algarve central, localizado em Alvor, onde o minigolfe, a gastronomia e o bem-estar se unem. <\/p>\n\n<p><strong>Sobre o Eden Alvor<\/strong><\/p>\n\n<p>O Eden Alvor \u00e9 mais do que um local, \u00e9 um destino durante todo o ano que oferece estas experi\u00eancias distintas num s\u00f3 lugar:<\/p>\n\n<ul class=\"wp-block-list\">\n<li><strong>Minigolfe: <\/strong>Um favorito comprovado dos nossos visitantes e descrito como um dos campos de minigolfe tropical mais bonitos da Europa.<\/li>\n\n\n\n<li><strong>Eden Spa: <\/strong>Um spa ao ar livre com uma piscina de \u00e1gua salgada quente com a sua pr\u00f3pria cascata e jacuzzi, uma sauna, piscina de imers\u00e3o fria e tratamentos profissionais de massagem e beleza.<\/li>\n\n\n\n<li><strong>Restaurante Eden<\/strong>: Esta joia escondida tem uma classifica\u00e7\u00e3o de 9,2\/10 no The Fork, e os h\u00f3spedes dizem consistentemente que o Restaurante Eden os surpreende e excede as expectativas. Desde a sua abertura em 2020, o nosso restaurante tornou-se numa das melhores experi\u00eancias gastron\u00f3micas da regi\u00e3o, combinando criatividade, paix\u00e3o e um servi\u00e7o atencioso. Com o objetivo de nos tornarmos o primeiro destino com estrela Michelin em Alvor, cada prato \u00e9 elaborado para surpreender e deleitar, mantendo-se acess\u00edvel para todos desfrutarem.<\/li>\n\n\n\n<li><strong>Simulador TrackMan<\/strong>: Uma experi\u00eancia de golfe interior de n\u00edvel profissional com mais de 400 campos de golfe do mundo, para pr\u00e1tica ou divers\u00e3o. <\/li>\n<\/ul>\n\n<div style=\"height:20px\" aria-hidden=\"true\" class=\"wp-block-spacer\"><\/div>\n\n<details class=\"wp-block-details has-medium-font-size is-layout-flow wp-block-details-is-layout-flow\" style=\"font-style:normal;font-weight:700;text-decoration:none\"><summary>Porqu\u00ea aderir ao Programa de Afiliados do Eden Alvor?<\/summary>\n<div style=\"height:20px\" aria-hidden=\"true\" class=\"wp-block-spacer\"><\/div>\n\n\n\n<p>O Eden Alvor est\u00e1 a expandir a sua rede de parceiros com o lan\u00e7amento do nosso novo Programa de Afiliados. Quer seja um blogger de viagens, entusiasta de golfe, influenciador de estilo de vida, promotor profissional ou simplesmente apaixonado pelo Algarve, pode agora ganhar comiss\u00f5es promovendo as nossas experi\u00eancias premium.<\/p>\n<ul>\n<li>Taxas de comiss\u00e3o competitivas de 10% em todas as reservas confirmadas<\/li>\n<li>Pagamentos autom\u00e1ticos via Stripe ou Paypal<\/li>\n<li>Acompanhamento do desempenho em tempo real no seu painel de afiliado<\/li>\n<li>Parceria de confian\u00e7a com a Eden Alvor Lda<\/li>\n<\/ul>\n<p>\u00c9 simples: Promova e partilhe o seu link de afiliado \u00fanico para o sistema de encomendas do website do Eden Alvor ou para qualquer p\u00e1gina de produto individual e receba uma percentagem em cada reserva confirmada feita atrav\u00e9s do seu link.<\/p>\n<\/details>\n\n<div style=\"height:20px\" aria-hidden=\"true\" class=\"wp-block-spacer\"><\/div>\n\n<details class=\"wp-block-details has-medium-font-size is-layout-flow wp-block-details-is-layout-flow\" style=\"font-style:normal;font-weight:700\"><summary><strong>Como se tornar um afiliado?<\/strong><\/summary>\n<div style=\"height:20px\" aria-hidden=\"true\" class=\"wp-block-spacer\"><\/div>\n\n\n\n<div class=\"wp-block-columns is-layout-flex wp-container-core-columns-is-layout-9d6595d7 wp-block-columns-is-layout-flex\">\n<div class=\"wp-block-column is-layout-flow wp-block-column-is-layout-flow\">\n<p>1. Registe-se no website do Eden Alvor<\/p>\n\n\n<div class=\"wp-block-image\">\n<figure class=\"aligncenter size-full\"><img loading=\"lazy\" decoding=\"async\" width=\"640\" height=\"480\" src=\"https:\/\/edenalvor.com\/wp-content\/uploads\/2025\/09\/affiliate-step-1.jpg\" alt=\"\" class=\"wp-image-5518\" srcset=\"https:\/\/edenalvor.com\/wp-content\/uploads\/2025\/09\/affiliate-step-1.jpg 640w, https:\/\/edenalvor.com\/wp-content\/uploads\/2025\/09\/affiliate-step-1-300x225.jpg 300w\" sizes=\"auto, (max-width: 640px) 100vw, 640px\" \/><\/figure>\n<\/div><\/div>\n\n\n\n<div class=\"wp-block-column is-layout-flow wp-block-column-is-layout-flow\">\n<p>2. Clique em \"Registar-se como afiliado\"<\/p>\n\n\n<div class=\"wp-block-image\">\n<figure class=\"aligncenter size-full\"><img loading=\"lazy\" decoding=\"async\" width=\"640\" height=\"480\" src=\"https:\/\/edenalvor.com\/wp-content\/uploads\/2025\/09\/affiliate-step-2.jpg\" alt=\"\" class=\"wp-image-5519\" srcset=\"https:\/\/edenalvor.com\/wp-content\/uploads\/2025\/09\/affiliate-step-2.jpg 640w, https:\/\/edenalvor.com\/wp-content\/uploads\/2025\/09\/affiliate-step-2-300x225.jpg 300w\" sizes=\"auto, (max-width: 640px) 100vw, 640px\" \/><\/figure>\n<\/div><\/div>\n\n\n\n<div class=\"wp-block-column is-layout-flow wp-block-column-is-layout-flow\">\n<p>3. Submeta o seu pedido<\/p>\n\n\n<div class=\"wp-block-image\">\n<figure class=\"aligncenter size-full\"><img loading=\"lazy\" decoding=\"async\" width=\"640\" height=\"480\" src=\"https:\/\/edenalvor.com\/wp-content\/uploads\/2025\/09\/affiliate-step-3.jpg\" alt=\"\" class=\"wp-image-5520\" srcset=\"https:\/\/edenalvor.com\/wp-content\/uploads\/2025\/09\/affiliate-step-3.jpg 640w, https:\/\/edenalvor.com\/wp-content\/uploads\/2025\/09\/affiliate-step-3-300x225.jpg 300w\" sizes=\"auto, (max-width: 640px) 100vw, 640px\" \/><\/figure>\n<\/div><\/div>\n<\/div>\n<\/details>\n\n<div style=\"height:20px\" aria-hidden=\"true\" class=\"wp-block-spacer\"><\/div>\n\n<details class=\"wp-block-details has-medium-font-size is-layout-flow wp-block-details-is-layout-flow\" style=\"font-style:normal;font-weight:700\"><summary><strong>Como usar o seu link de refer\u00eancia?<\/strong><\/summary>\n<div style=\"height:20px\" aria-hidden=\"true\" class=\"wp-block-spacer\"><\/div>\n\n\n\n<p>Consulte as capturas de ecr\u00e3 abaixo para obter mais orienta\u00e7\u00f5es:<\/p>\n\n\n\n<div class=\"wp-block-columns is-layout-flex wp-container-core-columns-is-layout-9d6595d7 wp-block-columns-is-layout-flex\">\n<div class=\"wp-block-column is-layout-flow wp-block-column-is-layout-flow\">\n<p>1. Visite o seu perfil de afiliado<\/p>\n\n\n<div class=\"wp-block-image\">\n<figure class=\"aligncenter size-full\"><img loading=\"lazy\" decoding=\"async\" width=\"640\" height=\"480\" src=\"https:\/\/edenalvor.com\/wp-content\/uploads\/2025\/10\/affiliate-step-6.jpg\" alt=\"\" class=\"wp-image-6147\" srcset=\"https:\/\/edenalvor.com\/wp-content\/uploads\/2025\/10\/affiliate-step-6.jpg 640w, https:\/\/edenalvor.com\/wp-content\/uploads\/2025\/10\/affiliate-step-6-300x225.jpg 300w\" sizes=\"auto, (max-width: 640px) 100vw, 640px\" \/><\/figure>\n<\/div><\/div>\n\n\n\n<div class=\"wp-block-column is-layout-flow wp-block-column-is-layout-flow\">\n<p>2. Copie e cole o seu pr\u00f3prio \"Link de Refer\u00eancia\"<\/p>\n\n\n<div class=\"wp-block-image\">\n<figure class=\"aligncenter size-full\"><img loading=\"lazy\" decoding=\"async\" width=\"640\" height=\"480\" src=\"https:\/\/edenalvor.com\/wp-content\/uploads\/2025\/10\/affiliate-step-7.jpg\" alt=\"\" class=\"wp-image-6146\" srcset=\"https:\/\/edenalvor.com\/wp-content\/uploads\/2025\/10\/affiliate-step-7.jpg 640w, https:\/\/edenalvor.com\/wp-content\/uploads\/2025\/10\/affiliate-step-7-300x225.jpg 300w\" sizes=\"auto, (max-width: 640px) 100vw, 640px\" \/><\/figure>\n<\/div><\/div>\n\n\n\n<div class=\"wp-block-column is-layout-flow wp-block-column-is-layout-flow\">\n<p>3. Use o \"Link de Refer\u00eancia\" do produto individual<\/p>\n\n\n<div class=\"wp-block-image\">\n<figure class=\"aligncenter size-full\"><img loading=\"lazy\" decoding=\"async\" width=\"640\" height=\"480\" src=\"https:\/\/edenalvor.com\/wp-content\/uploads\/2025\/10\/affiliate-step-8.jpg\" alt=\"\" class=\"wp-image-6145\" srcset=\"https:\/\/edenalvor.com\/wp-content\/uploads\/2025\/10\/affiliate-step-8.jpg 640w, https:\/\/edenalvor.com\/wp-content\/uploads\/2025\/10\/affiliate-step-8-300x225.jpg 300w\" sizes=\"auto, (max-width: 640px) 100vw, 640px\" \/><\/figure>\n<\/div><\/div>\n<\/div>\n<\/details>\n\n<div style=\"height:20px\" aria-hidden=\"true\" class=\"wp-block-spacer\"><\/div>\n\n<details class=\"wp-block-details has-medium-font-size is-layout-flow wp-block-details-is-layout-flow\" style=\"font-style:normal;font-weight:700\"><summary><strong>Como usar um C\u00f3digo QR como afiliado local<\/strong>?<\/summary>\n<\/p>\n\n\n\n<p>Como afiliado do Eden Alvor, n\u00e3o recebe apenas um link de refer\u00eancia, tamb\u00e9m tem a op\u00e7\u00e3o de o partilhar como um <strong>c\u00f3digo QR<\/strong>.<\/p>\n<ul>\n<li>Mostre o c\u00f3digo QR diretamente do seu dispositivo para que amigos, clientes ou consumidores possam digitaliz\u00e1-lo instantaneamente.<\/li>\n<li>Coloque um c\u00f3digo QR impresso num local vis\u00edvel no seu estabelecimento f\u00edsico, ideal para restaurantes, lojas, caf\u00e9s, gin\u00e1sios ou pain\u00e9is comunit\u00e1rios.<\/li>\n<\/ul>\n<p>Isto torna simples para as pessoas conectarem-se com o Eden Alvor atrav\u00e9s do seu link, enquanto ganha comiss\u00e3o por cada refer\u00eancia. Simples, moderno e eficaz.<\/p>\n<p>Consulte as capturas de ecr\u00e3 abaixo para obter mais orienta\u00e7\u00f5es:<\/p>\n\n\n\n<div class=\"wp-block-columns is-layout-flex wp-container-core-columns-is-layout-9d6595d7 wp-block-columns-is-layout-flex\">\n<div class=\"wp-block-column is-layout-flow wp-block-column-is-layout-flow\">\n<p>1. Gere o seu c\u00f3digo QR<\/p>\n\n\n<div class=\"wp-block-image\">\n<figure class=\"aligncenter size-full\"><img loading=\"lazy\" decoding=\"async\" width=\"640\" height=\"480\" src=\"https:\/\/edenalvor.com\/wp-content\/uploads\/2025\/10\/affiliate-qr-code.jpg\" alt=\"\" class=\"wp-image-5841\" srcset=\"https:\/\/edenalvor.com\/wp-content\/uploads\/2025\/10\/affiliate-qr-code.jpg 640w, https:\/\/edenalvor.com\/wp-content\/uploads\/2025\/10\/affiliate-qr-code-300x225.jpg 300w\" sizes=\"auto, (max-width: 640px) 100vw, 640px\" \/><\/figure>\n<\/div><\/div>\n\n\n\n<div class=\"wp-block-column is-layout-flow wp-block-column-is-layout-flow\">\n<p>2. Descarregue-o para o seu dispositivo<\/p>\n\n\n<div class=\"wp-block-image\">\n<figure class=\"aligncenter size-full\"><img loading=\"lazy\" decoding=\"async\" width=\"640\" height=\"480\" src=\"https:\/\/edenalvor.com\/wp-content\/uploads\/2025\/10\/affiliate-qr-code.jpg\" alt=\"\" class=\"wp-image-5841\" srcset=\"https:\/\/edenalvor.com\/wp-content\/uploads\/2025\/10\/affiliate-qr-code.jpg 640w, https:\/\/edenalvor.com\/wp-content\/uploads\/2025\/10\/affiliate-qr-code-300x225.jpg 300w\" sizes=\"auto, (max-width: 640px) 100vw, 640px\" \/><\/figure>\n<\/div><\/div>\n\n\n\n<div class=\"wp-block-column is-layout-flow wp-block-column-is-layout-flow\">\n<p>3. Deixe as pessoas digitaliz\u00e1-lo<\/p>\n\n\n<div class=\"wp-block-image\">\n<figure class=\"aligncenter size-full\"><img loading=\"lazy\" decoding=\"async\" width=\"640\" height=\"480\" src=\"https:\/\/edenalvor.com\/wp-content\/uploads\/2025\/10\/affiliate-phone-qr-code.jpg\" alt=\"\" class=\"wp-image-5842\" srcset=\"https:\/\/edenalvor.com\/wp-content\/uploads\/2025\/10\/affiliate-phone-qr-code.jpg 640w, https:\/\/edenalvor.com\/wp-content\/uploads\/2025\/10\/affiliate-phone-qr-code-300x225.jpg 300w\" sizes=\"auto, (max-width: 640px) 100vw, 640px\" \/><\/figure>\n<\/div><\/div>\n<\/div>\n\n\n\n<div class=\"wp-block-buttons is-content-justification-center is-layout-flex wp-container-core-buttons-is-layout-16018d1d wp-block-buttons-is-layout-flex\">\n<div class=\"wp-block-button\"><a class=\"wp-block-button__link wp-element-button\" href=\"https:\/\/new.express.adobe.com\/tools\/generate-qr-code\" target=\"_blank\" rel=\"noreferrer noopener\">Gerar c\u00f3digo QR<\/a><\/div>\n<\/div>\n<\/details>\n\n<div style=\"height:20px\" aria-hidden=\"true\" class=\"wp-block-spacer\"><\/div>\n\n<details class=\"wp-block-details has-medium-font-size is-layout-flow wp-block-details-is-layout-flow\" style=\"font-style:normal;font-weight:700\"><summary>De que outras formas posso promover o meu link de refer\u00eancia?<\/summary>\n<div style=\"height:20px\" aria-hidden=\"true\" class=\"wp-block-spacer\"><\/div>\n\n\n\n<p>Use o editor do seu website para inserir a imagem do banner com o seu \"Link de Refer\u00eancia\", ou cole o c\u00f3digo de incorpora\u00e7\u00e3o do banner (adicione o seu \"Link de Refer\u00eancia\") num bloco de incorpora\u00e7\u00e3o HTML.<\/p>\n\n\n\n<div style=\"height:20px\" aria-hidden=\"true\" class=\"wp-block-spacer\"><\/div>\n\n\n\n<div class=\"wp-block-buttons is-content-justification-center is-layout-flex wp-container-core-buttons-is-layout-16018d1d wp-block-buttons-is-layout-flex\">\n<div class=\"wp-block-button\"><a class=\"wp-block-button__link wp-element-button\" href=\"https:\/\/edenalvor.com\/pt-pt\/banners-de-afiliados\/\">Veja os nossos banners de afiliados<\/a><\/div>\n<\/div>\n<\/details>\n\n<div style=\"height:20px\" aria-hidden=\"true\" class=\"wp-block-spacer\"><\/div>\n\n<details class=\"wp-block-details has-medium-font-size is-layout-flow wp-block-details-is-layout-flow\" style=\"font-style:normal;font-weight:700\"><summary>Passo a passo. Veja este v\u00eddeo! <\/summary>\n<div style=\"height:20px\" aria-hidden=\"true\" class=\"wp-block-spacer\"><\/div>\n\n\n\n<figure class=\"wp-block-embed is-type-video is-provider-youtube wp-block-embed-youtube wp-embed-aspect-4-3 wp-has-aspect-ratio\"><div class=\"wp-block-embed__wrapper\">\n<iframe loading=\"lazy\" title=\"Eden Affiliate \/ Eden Affiliado\" width=\"980\" height=\"735\" src=\"https:\/\/www.youtube.com\/embed\/PB3Lyp2Us_Y?feature=oembed\" frameborder=\"0\" allow=\"accelerometer; autoplay; clipboard-write; encrypted-media; gyroscope; picture-in-picture; web-share\" referrerpolicy=\"strict-origin-when-cross-origin\" allowfullscreen><\/iframe>\n<\/div><\/figure>\n<\/details>\n\n<div style=\"height:31px\" aria-hidden=\"true\" class=\"wp-block-spacer\"><\/div>\n\n<div class=\"wp-block-columns is-layout-flex wp-container-core-columns-is-layout-9d6595d7 wp-block-columns-is-layout-flex\">\n<div class=\"wp-block-column is-layout-flow wp-block-column-is-layout-flow\">\n<div class=\"wp-block-buttons is-content-justification-center is-layout-flex wp-container-core-buttons-is-layout-16018d1d wp-block-buttons-is-layout-flex\">\n<div class=\"wp-block-button\"><a class=\"wp-block-button__link wp-element-button\" href=\"https:\/\/edenalvor.com\/pt-pt\/a-minha-conta\/\">Registe-se agora<\/a><\/div>\n<\/div>\n<\/div>\n<\/div>\n","protected":false},"excerpt":{"rendered":"<p>Ganhe com cada reserva Transforme a sua influ\u00eancia ou rede em rendimento promovendo um dos destinos mais \u00fanicos do Algarve central, localizado em Alvor, onde o minigolfe, a gastronomia e o bem-estar se unem. Sobre o Eden Alvor O Eden Alvor \u00e9 mais do que um local, \u00e9 um destino durante todo o ano que [&hellip;]<\/p>\n","protected":false},"author":1,"featured_media":0,"parent":0,"menu_order":0,"comment_status":"closed","ping_status":"closed","template":"template-fullwidth.php","meta":{"_piecal_is_event":false,"_piecal_start_date":"","_piecal_end_date":"","_piecal_is_allday":false,"footnotes":""},"class_list":["post-6626","page","type-page","status-publish","hentry"],"_links":{"self":[{"href":"https:\/\/edenalvor.com\/pt-pt\/wp-json\/wp\/v2\/pages\/6626","targetHints":{"allow":["GET"]}}],"collection":[{"href":"https:\/\/edenalvor.com\/pt-pt\/wp-json\/wp\/v2\/pages"}],"about":[{"href":"https:\/\/edenalvor.com\/pt-pt\/wp-json\/wp\/v2\/types\/page"}],"author":[{"embeddable":true,"href":"https:\/\/edenalvor.com\/pt-pt\/wp-json\/wp\/v2\/users\/1"}],"replies":[{"embeddable":true,"href":"https:\/\/edenalvor.com\/pt-pt\/wp-json\/wp\/v2\/comments?post=6626"}],"version-history":[{"count":3,"href":"https:\/\/edenalvor.com\/pt-pt\/wp-json\/wp\/v2\/pages\/6626\/revisions"}],"predecessor-version":[{"id":18584,"href":"https:\/\/edenalvor.com\/pt-pt\/wp-json\/wp\/v2\/pages\/6626\/revisions\/18584"}],"wp:attachment":[{"href":"https:\/\/edenalvor.com\/pt-pt\/wp-json\/wp\/v2\/media?parent=6626"}],"curies":[{"name":"wp","href":"https:\/\/api.w.org\/{rel}","templated":true}]}}