{"id":6629,"date":"2025-09-30T11:26:02","date_gmt":"2025-09-30T10:26:02","guid":{"rendered":"https:\/\/edenalvor.com\/banners-de-afiliados\/"},"modified":"2026-01-05T18:06:54","modified_gmt":"2026-01-05T18:06:54","slug":"banners-de-afiliados","status":"publish","type":"page","link":"https:\/\/edenalvor.com\/pt-pt\/banners-de-afiliados\/","title":{"rendered":"Banners de afiliados"},"content":{"rendered":"\n<p>Utilize o editor do seu s\u00edtio web para inserir a imagem do banner com o seu \"Link de Refer\u00eancia\", ou cole o c\u00f3digo de incorpora\u00e7\u00e3o do banner (adicione o seu \"Link de Refer\u00eancia\") num bloco de incorpora\u00e7\u00e3o HTML.<\/p>\n\n<p><strong>Ret\u00e2ngulo Grande<\/strong> (336&#215;280 pixels)<\/p>\n\n<div class=\"wp-block-columns is-layout-flex wp-container-core-columns-is-layout-9d6595d7 wp-block-columns-is-layout-flex\">\n<div class=\"wp-block-column is-layout-flow wp-block-column-is-layout-flow\"><div class=\"wp-block-image\">\n<figure class=\"aligncenter size-full\"><img loading=\"lazy\" decoding=\"async\" width=\"336\" height=\"280\" src=\"https:\/\/edenalvor.com\/wp-content\/uploads\/2025\/10\/affiliate-336x280-1.jpg\" alt=\"\" class=\"wp-image-5797\" srcset=\"https:\/\/edenalvor.com\/wp-content\/uploads\/2025\/10\/affiliate-336x280-1.jpg 336w, https:\/\/edenalvor.com\/wp-content\/uploads\/2025\/10\/affiliate-336x280-1-300x250.jpg 300w\" sizes=\"auto, (max-width: 336px) 100vw, 336px\" \/><\/figure>\n<\/div>\n\n\n<p class=\"has-text-align-center\">&lt;a href=\"<strong>O SEU LINK DE REFER\u00caNCIA<\/strong>\" target=\"_blank\"&gt;&lt;img src=\"<a href=\"https:\/\/edenalvor.com\/wp-content\/uploads\/2025\/10\/affiliate-336x280-1.jpg\" target=\"_blank\" rel=\"noreferrer noopener\">https:\/\/edenalvor.com\/wp-content\/uploads\/2025\/10\/affiliate-336&#215;280-1.jpg<\/a>\" alt=\"Eden Alvor\"&gt;&lt;\/a&gt;<\/p>\n<\/div>\n\n\n\n<div class=\"wp-block-column is-layout-flow wp-block-column-is-layout-flow\"><div class=\"wp-block-image\">\n<figure class=\"aligncenter size-full\"><img loading=\"lazy\" decoding=\"async\" width=\"336\" height=\"280\" src=\"https:\/\/edenalvor.com\/wp-content\/uploads\/2025\/10\/affiliate-336x280-2.jpg\" alt=\"\" class=\"wp-image-5798\" srcset=\"https:\/\/edenalvor.com\/wp-content\/uploads\/2025\/10\/affiliate-336x280-2.jpg 336w, https:\/\/edenalvor.com\/wp-content\/uploads\/2025\/10\/affiliate-336x280-2-300x250.jpg 300w\" sizes=\"auto, (max-width: 336px) 100vw, 336px\" \/><\/figure>\n<\/div>\n\n\n<p class=\"has-text-align-center\">&lt;a href=\"<strong>O SEU LINK DE REFER\u00caNCIA<\/strong>\" target=\"_blank\"&gt;&lt;img src=\"<a href=\"https:\/\/edenalvor.com\/wp-content\/uploads\/2025\/10\/affiliate-336x280-2.jpg\" target=\"_blank\" rel=\"noreferrer noopener\">https:\/\/edenalvor.com\/wp-content\/uploads\/2025\/10\/affiliate-336&#215;280-2.jpg<\/a>\" alt=\"Eden Alvor\"&gt;&lt;\/a&gt;<\/p>\n<\/div>\n<\/div>\n\n<div class=\"wp-block-columns is-layout-flex wp-container-core-columns-is-layout-9d6595d7 wp-block-columns-is-layout-flex\">\n<div class=\"wp-block-column is-layout-flow wp-block-column-is-layout-flow\"><div class=\"wp-block-image\">\n<figure class=\"aligncenter size-full\"><img loading=\"lazy\" decoding=\"async\" width=\"336\" height=\"280\" src=\"https:\/\/edenalvor.com\/wp-content\/uploads\/2025\/10\/affiliate-336x280-3.jpg\" alt=\"\" class=\"wp-image-5802\" srcset=\"https:\/\/edenalvor.com\/wp-content\/uploads\/2025\/10\/affiliate-336x280-3.jpg 336w, https:\/\/edenalvor.com\/wp-content\/uploads\/2025\/10\/affiliate-336x280-3-300x250.jpg 300w\" sizes=\"auto, (max-width: 336px) 100vw, 336px\" \/><\/figure>\n<\/div>\n\n\n<p class=\"has-text-align-center\">&lt;a href=\"<strong>O SEU LINK DE REFER\u00caNCIA<\/strong>\" target=\"_blank\"&gt;&lt;img src=\"<a href=\"https:\/\/edenalvor.com\/wp-content\/uploads\/2025\/10\/affiliate-336x280-3.jpg\" target=\"_blank\" rel=\"noreferrer noopener\">https:\/\/edenalvor.com\/wp-content\/uploads\/2025\/10\/affiliate-336&#215;280-3.jpg<\/a>\" alt=\"Eden Alvor\"&gt;&lt;\/a&gt;<\/p>\n<\/div>\n\n\n\n<div class=\"wp-block-column is-layout-flow wp-block-column-is-layout-flow\"><div class=\"wp-block-image\">\n<figure class=\"aligncenter size-full\"><img loading=\"lazy\" decoding=\"async\" width=\"336\" height=\"280\" src=\"https:\/\/edenalvor.com\/wp-content\/uploads\/2025\/10\/affiliate-336x280-4.jpg\" alt=\"\" class=\"wp-image-5804\" srcset=\"https:\/\/edenalvor.com\/wp-content\/uploads\/2025\/10\/affiliate-336x280-4.jpg 336w, https:\/\/edenalvor.com\/wp-content\/uploads\/2025\/10\/affiliate-336x280-4-300x250.jpg 300w\" sizes=\"auto, (max-width: 336px) 100vw, 336px\" \/><\/figure>\n<\/div>\n\n\n<p class=\"has-text-align-center\">&lt;a href=\"<strong>O SEU LINK DE REFER\u00caNCIA<\/strong>\" target=\"_blank\"&gt;&lt;img src=\"<a href=\"https:\/\/edenalvor.com\/wp-content\/uploads\/2025\/10\/affiliate-336x280-4.jpg\" target=\"_blank\" rel=\"noreferrer noopener\">https:\/\/edenalvor.com\/wp-content\/uploads\/2025\/10\/affiliate-336&#215;280-4.jpg<\/a>\" alt=\"Eden Alvor\"&gt;&lt;\/a&gt;<\/p>\n<\/div>\n<\/div>\n\n<p><strong>Quadrado<\/strong> (250&#215;250 pixels)<\/p>\n\n<div class=\"wp-block-columns is-layout-flex wp-container-core-columns-is-layout-9d6595d7 wp-block-columns-is-layout-flex\">\n<div class=\"wp-block-column is-layout-flow wp-block-column-is-layout-flow\" style=\"flex-basis:50%\"><div class=\"wp-block-image\">\n<figure class=\"aligncenter size-full\"><img loading=\"lazy\" decoding=\"async\" width=\"250\" height=\"250\" src=\"https:\/\/edenalvor.com\/wp-content\/uploads\/2025\/10\/affiliate-250x250-1.jpg\" alt=\"\" class=\"wp-image-5807\" srcset=\"https:\/\/edenalvor.com\/wp-content\/uploads\/2025\/10\/affiliate-250x250-1.jpg 250w, https:\/\/edenalvor.com\/wp-content\/uploads\/2025\/10\/affiliate-250x250-1-150x150.jpg 150w, https:\/\/edenalvor.com\/wp-content\/uploads\/2025\/10\/affiliate-250x250-1-100x100.jpg 100w\" sizes=\"auto, (max-width: 250px) 100vw, 250px\" \/><\/figure>\n<\/div>\n\n\n<p class=\"has-text-align-center\">&lt;a href=\"<strong>O SEU LINK DE REFER\u00caNCIA<\/strong>\" target=\"_blank\"&gt;&lt;img src=\"<a href=\"https:\/\/edenalvor.com\/wp-content\/uploads\/2025\/10\/affiliate-250x250-1.jpg\" target=\"_blank\" rel=\"noreferrer noopener\">https:\/\/edenalvor.com\/wp-content\/uploads\/2025\/10\/affiliate-250&#215;250-1.jpg<\/a>\" alt=\"Eden Alvor\"&gt;&lt;\/a&gt;<\/p>\n<\/div>\n\n\n\n<div class=\"wp-block-column is-layout-flow wp-block-column-is-layout-flow\" style=\"flex-basis:50%\"><div class=\"wp-block-image\">\n<figure class=\"aligncenter size-full\"><img loading=\"lazy\" decoding=\"async\" width=\"250\" height=\"250\" src=\"https:\/\/edenalvor.com\/wp-content\/uploads\/2025\/10\/affiliate-250x250-2.jpg\" alt=\"\" class=\"wp-image-5808\" srcset=\"https:\/\/edenalvor.com\/wp-content\/uploads\/2025\/10\/affiliate-250x250-2.jpg 250w, https:\/\/edenalvor.com\/wp-content\/uploads\/2025\/10\/affiliate-250x250-2-150x150.jpg 150w, https:\/\/edenalvor.com\/wp-content\/uploads\/2025\/10\/affiliate-250x250-2-100x100.jpg 100w\" sizes=\"auto, (max-width: 250px) 100vw, 250px\" \/><\/figure>\n<\/div>\n\n\n<p class=\"has-text-align-center\">&lt;a href=\"<strong>O SEU LINK DE REFER\u00caNCIA<\/strong>\" target=\"_blank\"&gt;&lt;img src=\"<a href=\"https:\/\/edenalvor.com\/wp-content\/uploads\/2025\/10\/affiliate-250x250-2.jpg\" target=\"_blank\" rel=\"noreferrer noopener\">https:\/\/edenalvor.com\/wp-content\/uploads\/2025\/10\/affiliate-250&#215;250-2.jpg<\/a>\" alt=\"Eden Alvor\"&gt;&lt;\/a&gt;<\/p>\n<\/div>\n<\/div>\n\n<div class=\"wp-block-columns is-layout-flex wp-container-core-columns-is-layout-9d6595d7 wp-block-columns-is-layout-flex\">\n<div class=\"wp-block-column is-layout-flow wp-block-column-is-layout-flow\" style=\"flex-basis:50%\"><div class=\"wp-block-image\">\n<figure class=\"aligncenter size-full\"><img loading=\"lazy\" decoding=\"async\" width=\"250\" height=\"250\" src=\"https:\/\/edenalvor.com\/wp-content\/uploads\/2025\/10\/affiliate-250x250-3.jpg\" alt=\"\" class=\"wp-image-5810\" srcset=\"https:\/\/edenalvor.com\/wp-content\/uploads\/2025\/10\/affiliate-250x250-3.jpg 250w, https:\/\/edenalvor.com\/wp-content\/uploads\/2025\/10\/affiliate-250x250-3-150x150.jpg 150w, https:\/\/edenalvor.com\/wp-content\/uploads\/2025\/10\/affiliate-250x250-3-100x100.jpg 100w\" sizes=\"auto, (max-width: 250px) 100vw, 250px\" \/><\/figure>\n<\/div>\n\n\n<p class=\"has-text-align-center\">&lt;a href=\"<strong>O SEU LINK DE REFER\u00caNCIA<\/strong>\" target=\"_blank\"&gt;&lt;img src=\"<a href=\"https:\/\/edenalvor.com\/wp-content\/uploads\/2025\/10\/affiliate-250x250-3.jpg\" target=\"_blank\" rel=\"noreferrer noopener\">https:\/\/edenalvor.com\/wp-content\/uploads\/2025\/10\/affiliate-250&#215;250-3.jpg<\/a>\" alt=\"Eden Alvor\"&gt;&lt;\/a&gt;<\/p>\n<\/div>\n\n\n\n<div class=\"wp-block-column is-layout-flow wp-block-column-is-layout-flow\" style=\"flex-basis:50%\"><div class=\"wp-block-image\">\n<figure class=\"aligncenter size-full\"><img loading=\"lazy\" decoding=\"async\" width=\"250\" height=\"250\" src=\"https:\/\/edenalvor.com\/wp-content\/uploads\/2025\/10\/affiliate-250x250-4.jpg\" alt=\"\" class=\"wp-image-5811\" srcset=\"https:\/\/edenalvor.com\/wp-content\/uploads\/2025\/10\/affiliate-250x250-4.jpg 250w, https:\/\/edenalvor.com\/wp-content\/uploads\/2025\/10\/affiliate-250x250-4-150x150.jpg 150w, https:\/\/edenalvor.com\/wp-content\/uploads\/2025\/10\/affiliate-250x250-4-100x100.jpg 100w\" sizes=\"auto, (max-width: 250px) 100vw, 250px\" \/><\/figure>\n<\/div>\n\n\n<p class=\"has-text-align-center\">&lt;a href=\"<strong>O SEU LINK DE REFER\u00caNCIA<\/strong>\" target=\"_blank\"&gt;&lt;img src=\"<a href=\"https:\/\/edenalvor.com\/wp-content\/uploads\/2025\/10\/affiliate-250x250-4.jpg\" target=\"_blank\" rel=\"noreferrer noopener\">https:\/\/edenalvor.com\/wp-content\/uploads\/2025\/10\/affiliate-250&#215;250-4.jpg<\/a>\" alt=\"Eden Alvor\"&gt;&lt;\/a&gt;<\/p>\n<\/div>\n<\/div>\n\n<p><strong>Leaderboard<\/strong> (728&#215;90 pixels)<\/p>\n\n<div class=\"wp-block-columns is-layout-flex wp-container-core-columns-is-layout-9d6595d7 wp-block-columns-is-layout-flex\">\n<div class=\"wp-block-column is-layout-flow wp-block-column-is-layout-flow\" style=\"flex-basis:100%\"><div class=\"wp-block-image\">\n<figure class=\"aligncenter size-full is-resized\"><img loading=\"lazy\" decoding=\"async\" width=\"728\" height=\"90\" src=\"https:\/\/edenalvor.com\/wp-content\/uploads\/2025\/10\/affiliate-728x90-1.jpg\" alt=\"\" class=\"wp-image-5820\" style=\"width:728px;height:auto\" srcset=\"https:\/\/edenalvor.com\/wp-content\/uploads\/2025\/10\/affiliate-728x90-1.jpg 728w, https:\/\/edenalvor.com\/wp-content\/uploads\/2025\/10\/affiliate-728x90-1-300x37.jpg 300w\" sizes=\"auto, (max-width: 728px) 100vw, 728px\" \/><\/figure>\n<\/div>\n\n\n<p class=\"has-text-align-center\">&lt;a href=\"<strong>O SEU LINK DE REFER\u00caNCIA<\/strong>\" target=\"_blank\"&gt;&lt;img src=\"<a href=\"https:\/\/edenalvor.com\/wp-content\/uploads\/2025\/10\/affiliate-728x90-1.jpg\" target=\"_blank\" rel=\"noreferrer noopener\">https:\/\/edenalvor.com\/wp-content\/uploads\/2025\/10\/affiliate-728&#215;90-1.jpg<\/a>\" alt=\"Eden Alvor\"&gt;&lt;\/a&gt;<\/p>\n<\/div>\n<\/div>\n\n<div class=\"wp-block-columns is-layout-flex wp-container-core-columns-is-layout-9d6595d7 wp-block-columns-is-layout-flex\">\n<div class=\"wp-block-column is-layout-flow wp-block-column-is-layout-flow\"><div class=\"wp-block-image\">\n<figure class=\"aligncenter size-full\"><img loading=\"lazy\" decoding=\"async\" width=\"728\" height=\"90\" src=\"https:\/\/edenalvor.com\/wp-content\/uploads\/2025\/10\/affiliate-728x90-2.jpg\" alt=\"\" class=\"wp-image-5821\" srcset=\"https:\/\/edenalvor.com\/wp-content\/uploads\/2025\/10\/affiliate-728x90-2.jpg 728w, https:\/\/edenalvor.com\/wp-content\/uploads\/2025\/10\/affiliate-728x90-2-300x37.jpg 300w\" sizes=\"auto, (max-width: 728px) 100vw, 728px\" \/><\/figure>\n<\/div>\n\n\n<p class=\"has-text-align-center\">&lt;a href=\"<strong>O SEU LINK DE REFER\u00caNCIA<\/strong>\" target=\"_blank\"&gt;&lt;img src=\"<a href=\"https:\/\/edenalvor.com\/wp-content\/uploads\/2025\/10\/affiliate-728x90-2.jpg\" target=\"_blank\" rel=\"noreferrer noopener\">https:\/\/edenalvor.com\/wp-content\/uploads\/2025\/10\/affiliate-728&#215;90-2.jpg<\/a>\" alt=\"Eden Alvor\"&gt;&lt;\/a&gt;<\/p>\n<\/div>\n<\/div>\n\n<div class=\"wp-block-columns is-layout-flex wp-container-core-columns-is-layout-9d6595d7 wp-block-columns-is-layout-flex\">\n<div class=\"wp-block-column is-layout-flow wp-block-column-is-layout-flow\"><div class=\"wp-block-image\">\n<figure class=\"aligncenter size-full\"><img loading=\"lazy\" decoding=\"async\" width=\"728\" height=\"90\" src=\"https:\/\/edenalvor.com\/wp-content\/uploads\/2025\/10\/affiliate-728x90-3.jpg\" alt=\"\" class=\"wp-image-5823\" srcset=\"https:\/\/edenalvor.com\/wp-content\/uploads\/2025\/10\/affiliate-728x90-3.jpg 728w, https:\/\/edenalvor.com\/wp-content\/uploads\/2025\/10\/affiliate-728x90-3-300x37.jpg 300w\" sizes=\"auto, (max-width: 728px) 100vw, 728px\" \/><\/figure>\n<\/div>\n\n\n<p class=\"has-text-align-center\">&lt;a href=\"<strong>O SEU LINK DE REFER\u00caNCIA<\/strong>\" target=\"_blank\"&gt;&lt;img src=\"<a href=\"https:\/\/edenalvor.com\/wp-content\/uploads\/2025\/10\/affiliate-728x90-3.jpg\" target=\"_blank\" rel=\"noreferrer noopener\">https:\/\/edenalvor.com\/wp-content\/uploads\/2025\/10\/affiliate-728&#215;90-3.jpg<\/a>\" alt=\"Eden Alvor\"&gt;&lt;\/a&gt;<\/p>\n<\/div>\n<\/div>\n\n<div class=\"wp-block-columns is-layout-flex wp-container-core-columns-is-layout-9d6595d7 wp-block-columns-is-layout-flex\">\n<div class=\"wp-block-column is-layout-flow wp-block-column-is-layout-flow\"><div class=\"wp-block-image\">\n<figure class=\"aligncenter size-full\"><img loading=\"lazy\" decoding=\"async\" width=\"728\" height=\"90\" src=\"https:\/\/edenalvor.com\/wp-content\/uploads\/2025\/10\/affiliate-728x90-4.jpg\" alt=\"\" class=\"wp-image-5825\" srcset=\"https:\/\/edenalvor.com\/wp-content\/uploads\/2025\/10\/affiliate-728x90-4.jpg 728w, https:\/\/edenalvor.com\/wp-content\/uploads\/2025\/10\/affiliate-728x90-4-300x37.jpg 300w\" sizes=\"auto, (max-width: 728px) 100vw, 728px\" \/><\/figure>\n<\/div>\n\n\n<p class=\"has-text-align-center\">&lt;a href=\"<strong>O SEU LINK DE REFER\u00caNCIA<\/strong>\" target=\"_blank\"&gt;&lt;img src=\"<a href=\"https:\/\/edenalvor.com\/wp-content\/uploads\/2025\/10\/affiliate-728x90-4.jpg\" target=\"_blank\" rel=\"noreferrer noopener\">https:\/\/edenalvor.com\/wp-content\/uploads\/2025\/10\/affiliate-728&#215;90-4.jpg<\/a>\" alt=\"Eden Alvor\"&gt;&lt;\/a&gt;<\/p>\n<\/div>\n<\/div>\n\n<p><strong>Skyscraper<\/strong> (160&#215;600 pixels)<\/p>\n\n<div class=\"wp-block-columns is-layout-flex wp-container-core-columns-is-layout-9d6595d7 wp-block-columns-is-layout-flex\">\n<div class=\"wp-block-column is-layout-flow wp-block-column-is-layout-flow\"><div class=\"wp-block-image\">\n<figure class=\"aligncenter size-full is-resized\"><img loading=\"lazy\" decoding=\"async\" width=\"160\" height=\"600\" src=\"https:\/\/edenalvor.com\/wp-content\/uploads\/2025\/10\/affiliate-160x600-1.jpg\" alt=\"\" class=\"wp-image-5827\" style=\"width:160px;height:auto\" srcset=\"https:\/\/edenalvor.com\/wp-content\/uploads\/2025\/10\/affiliate-160x600-1.jpg 160w, https:\/\/edenalvor.com\/wp-content\/uploads\/2025\/10\/affiliate-160x600-1-80x300.jpg 80w\" sizes=\"auto, (max-width: 160px) 100vw, 160px\" \/><\/figure>\n<\/div>\n\n\n<p class=\"has-text-align-center\">&lt;a href=\"<strong>O SEU LINK DE REFER\u00caNCIA<\/strong>\" target=\"_blank\"&gt;&lt;img src=\"<a href=\"https:\/\/edenalvor.com\/wp-content\/uploads\/2025\/10\/affiliate-160x600-1.jpg\" target=\"_blank\" rel=\"noreferrer noopener\">https:\/\/edenalvor.com\/wp-content\/uploads\/2025\/10\/affiliate-160&#215;600-1.jpg<\/a>\" alt=\"Eden Alvor\"&gt;&lt;\/a&gt;<\/p>\n<\/div>\n\n\n\n<div class=\"wp-block-column is-layout-flow wp-block-column-is-layout-flow\"><div class=\"wp-block-image\">\n<figure class=\"aligncenter size-full\"><img loading=\"lazy\" decoding=\"async\" width=\"160\" height=\"600\" src=\"https:\/\/edenalvor.com\/wp-content\/uploads\/2025\/10\/affiliate-160x600-2.jpg\" alt=\"\" class=\"wp-image-5829\" srcset=\"https:\/\/edenalvor.com\/wp-content\/uploads\/2025\/10\/affiliate-160x600-2.jpg 160w, https:\/\/edenalvor.com\/wp-content\/uploads\/2025\/10\/affiliate-160x600-2-80x300.jpg 80w\" sizes=\"auto, (max-width: 160px) 100vw, 160px\" \/><\/figure>\n<\/div>\n\n\n<p class=\"has-text-align-center\">&lt;a href=\"<strong>O SEU LINK DE REFER\u00caNCIA<\/strong>\" target=\"_blank\"&gt;&lt;img src=\"<a href=\"https:\/\/edenalvor.com\/wp-content\/uploads\/2025\/10\/affiliate-160x600-2.jpg\" target=\"_blank\" rel=\"noreferrer noopener\">https:\/\/edenalvor.com\/wp-content\/uploads\/2025\/10\/affiliate-160&#215;600-2.jpg<\/a>\" alt=\"Eden Alvor\"&gt;&lt;\/a&gt;<\/p>\n<\/div>\n\n\n\n<div class=\"wp-block-column is-layout-flow wp-block-column-is-layout-flow\"><div class=\"wp-block-image\">\n<figure class=\"aligncenter size-full\"><img loading=\"lazy\" decoding=\"async\" width=\"160\" height=\"600\" src=\"https:\/\/edenalvor.com\/wp-content\/uploads\/2025\/10\/affiliate-160x600-3.jpg\" alt=\"\" class=\"wp-image-5830\" srcset=\"https:\/\/edenalvor.com\/wp-content\/uploads\/2025\/10\/affiliate-160x600-3.jpg 160w, https:\/\/edenalvor.com\/wp-content\/uploads\/2025\/10\/affiliate-160x600-3-80x300.jpg 80w\" sizes=\"auto, (max-width: 160px) 100vw, 160px\" \/><\/figure>\n<\/div>\n\n\n<p class=\"has-text-align-center\">&lt;a href=\"<strong>O SEU LINK DE REFER\u00caNCIA<\/strong>\" target=\"_blank\"&gt;&lt;img src=\"<a href=\"https:\/\/edenalvor.com\/wp-content\/uploads\/2025\/10\/affiliate-160x600-3.jpg\" target=\"_blank\" rel=\"noreferrer noopener\">https:\/\/edenalvor.com\/wp-content\/uploads\/2025\/10\/affiliate-160&#215;600-3.jpg<\/a>\" alt=\"Eden Alvor\"&gt;&lt;\/a&gt;<\/p>\n<\/div>\n<\/div>\n\n<div class=\"wp-block-columns is-layout-flex wp-container-core-columns-is-layout-9d6595d7 wp-block-columns-is-layout-flex\">\n<div class=\"wp-block-column is-layout-flow wp-block-column-is-layout-flow\" style=\"flex-basis:100%\">\n<p><strong>Banner Grande para Telem\u00f3vel<\/strong> (320&#215;100 pixels, comum para telem\u00f3veis)<\/p>\n\n\n\n<div class=\"wp-block-columns is-layout-flex wp-container-core-columns-is-layout-9d6595d7 wp-block-columns-is-layout-flex\">\n<div class=\"wp-block-column is-layout-flow wp-block-column-is-layout-flow\"><div class=\"wp-block-image\">\n<figure class=\"aligncenter size-full\"><img loading=\"lazy\" decoding=\"async\" width=\"320\" height=\"100\" src=\"https:\/\/edenalvor.com\/wp-content\/uploads\/2025\/09\/affiliate-320x100-1.jpg\" alt=\"\" class=\"wp-image-5663\" srcset=\"https:\/\/edenalvor.com\/wp-content\/uploads\/2025\/09\/affiliate-320x100-1.jpg 320w, https:\/\/edenalvor.com\/wp-content\/uploads\/2025\/09\/affiliate-320x100-1-300x94.jpg 300w\" sizes=\"auto, (max-width: 320px) 100vw, 320px\" \/><\/figure>\n<\/div><\/div>\n\n\n\n<div class=\"wp-block-column is-layout-flow wp-block-column-is-layout-flow\">\n<p class=\"has-text-align-center\">&lt;a href=\"<strong>O SEU LINK DE REFER\u00caNCIA<\/strong>\" target=\"_blank\"&gt;&lt;img src=\"<a href=\"https:\/\/edenalvor.com\/wp-content\/uploads\/2025\/09\/affiliate-320x100-1.jpg\" target=\"_blank\" rel=\"noreferrer noopener\">https:\/\/edenalvor.com\/wp-content\/uploads\/2025\/09\/affiliate-320&#215;100-1.jpg<\/a>\" alt=\"Eden Alvor\"&gt;&lt;\/a&gt;<\/p>\n<\/div>\n<\/div>\n\n\n\n<div class=\"wp-block-columns is-layout-flex wp-container-core-columns-is-layout-9d6595d7 wp-block-columns-is-layout-flex\">\n<div class=\"wp-block-column is-layout-flow wp-block-column-is-layout-flow\"><div class=\"wp-block-image\">\n<figure class=\"aligncenter size-full\"><img loading=\"lazy\" decoding=\"async\" width=\"320\" height=\"100\" src=\"https:\/\/edenalvor.com\/wp-content\/uploads\/2025\/09\/affiliate-320x100-2.jpg\" alt=\"\" class=\"wp-image-5679\" srcset=\"https:\/\/edenalvor.com\/wp-content\/uploads\/2025\/09\/affiliate-320x100-2.jpg 320w, https:\/\/edenalvor.com\/wp-content\/uploads\/2025\/09\/affiliate-320x100-2-300x94.jpg 300w\" sizes=\"auto, (max-width: 320px) 100vw, 320px\" \/><\/figure>\n<\/div><\/div>\n\n\n\n<div class=\"wp-block-column is-layout-flow wp-block-column-is-layout-flow\">\n<p class=\"has-text-align-center\">&lt;a href=\"<strong>O SEU LINK DE REFER\u00caNCIA<\/strong>\" target=\"_blank\"&gt;&lt;img src=\"<a href=\"https:\/\/edenalvor.com\/wp-content\/uploads\/2025\/09\/affiliate-320x100-2.jpg\" target=\"_blank\" rel=\"noreferrer noopener\">https:\/\/edenalvor.com\/wp-content\/uploads\/2025\/09\/affiliate-320&#215;100-2.jpg<\/a>\" alt=\"Eden Alvor\"&gt;&lt;\/a&gt;<\/p>\n<\/div>\n<\/div>\n\n\n\n<div class=\"wp-block-columns is-layout-flex wp-container-core-columns-is-layout-9d6595d7 wp-block-columns-is-layout-flex\">\n<div class=\"wp-block-column is-layout-flow wp-block-column-is-layout-flow\"><div class=\"wp-block-image\">\n<figure class=\"aligncenter size-full\"><img loading=\"lazy\" decoding=\"async\" width=\"320\" height=\"100\" src=\"https:\/\/edenalvor.com\/wp-content\/uploads\/2025\/09\/affiliate-320x100-3.jpg\" alt=\"\" class=\"wp-image-5683\" srcset=\"https:\/\/edenalvor.com\/wp-content\/uploads\/2025\/09\/affiliate-320x100-3.jpg 320w, https:\/\/edenalvor.com\/wp-content\/uploads\/2025\/09\/affiliate-320x100-3-300x94.jpg 300w\" sizes=\"auto, (max-width: 320px) 100vw, 320px\" \/><\/figure>\n<\/div><\/div>\n\n\n\n<div class=\"wp-block-column is-layout-flow wp-block-column-is-layout-flow\">\n<p class=\"has-text-align-center\">&lt;a href=\"<strong>O SEU LINK DE REFER\u00caNCIA<\/strong>\" target=\"_blank\"&gt;&lt;img src=\"<a href=\"https:\/\/edenalvor.com\/wp-content\/uploads\/2025\/09\/affiliate-320x100-3.jpg\" target=\"_blank\" rel=\"noreferrer noopener\">https:\/\/edenalvor.com\/wp-content\/uploads\/2025\/09\/affiliate-320&#215;100-3.jpg<\/a>\" alt=\"Eden Alvor\"&gt;&lt;\/a&gt;<\/p>\n<\/div>\n<\/div>\n\n\n\n<div class=\"wp-block-columns is-layout-flex wp-container-core-columns-is-layout-9d6595d7 wp-block-columns-is-layout-flex\">\n<div class=\"wp-block-column is-layout-flow wp-block-column-is-layout-flow\"><div class=\"wp-block-image\">\n<figure class=\"aligncenter size-full\"><img loading=\"lazy\" decoding=\"async\" width=\"320\" height=\"100\" src=\"https:\/\/edenalvor.com\/wp-content\/uploads\/2025\/09\/affiliate-320x100-4.jpg\" alt=\"\" class=\"wp-image-5684\" srcset=\"https:\/\/edenalvor.com\/wp-content\/uploads\/2025\/09\/affiliate-320x100-4.jpg 320w, https:\/\/edenalvor.com\/wp-content\/uploads\/2025\/09\/affiliate-320x100-4-300x94.jpg 300w\" sizes=\"auto, (max-width: 320px) 100vw, 320px\" \/><\/figure>\n<\/div><\/div>\n\n\n\n<div class=\"wp-block-column is-layout-flow wp-block-column-is-layout-flow\">\n<p class=\"has-text-align-center\">&lt;a href=\"<strong>O SEU LINK DE REFER\u00caNCIA<\/strong>\" target=\"_blank\"&gt;&lt;img src=\"<a href=\"https:\/\/edenalvor.com\/wp-content\/uploads\/2025\/09\/affiliate-320x100-4.jpg\" target=\"_blank\" rel=\"noreferrer noopener\">https:\/\/edenalvor.com\/wp-content\/uploads\/2025\/09\/affiliate-320&#215;100-4.jpg<\/a>\" alt=\"Eden Alvor\"&gt;&lt;\/a&gt;<\/p>\n<\/div>\n<\/div>\n<\/div>\n<\/div>\n\n<p><\/p>\n","protected":false},"excerpt":{"rendered":"<p>Utilize o editor do seu s\u00edtio web para inserir a imagem do banner com o seu \"Link de Refer\u00eancia\", ou cole o c\u00f3digo de incorpora\u00e7\u00e3o do banner (adicione o seu \"Link de Refer\u00eancia\") num bloco de incorpora\u00e7\u00e3o HTML. Ret\u00e2ngulo Grande (336&#215;280 pixels) &lt;a href=\"O SEU LINK DE REFER\u00caNCIA\" target=\"_blank\"&gt;&lt;img src=\"https:\/\/edenalvor.com\/wp-content\/uploads\/2025\/10\/affiliate-336&#215;280-1.jpg\" alt=\"Eden Alvor\"&gt;&lt;\/a&gt; &lt;a href=\"O SEU [&hellip;]<\/p>\n","protected":false},"author":1,"featured_media":0,"parent":0,"menu_order":0,"comment_status":"closed","ping_status":"closed","template":"","meta":{"_piecal_is_event":false,"_piecal_start_date":"","_piecal_end_date":"","_piecal_is_allday":false,"footnotes":""},"class_list":["post-6629","page","type-page","status-publish","hentry"],"_links":{"self":[{"href":"https:\/\/edenalvor.com\/pt-pt\/wp-json\/wp\/v2\/pages\/6629","targetHints":{"allow":["GET"]}}],"collection":[{"href":"https:\/\/edenalvor.com\/pt-pt\/wp-json\/wp\/v2\/pages"}],"about":[{"href":"https:\/\/edenalvor.com\/pt-pt\/wp-json\/wp\/v2\/types\/page"}],"author":[{"embeddable":true,"href":"https:\/\/edenalvor.com\/pt-pt\/wp-json\/wp\/v2\/users\/1"}],"replies":[{"embeddable":true,"href":"https:\/\/edenalvor.com\/pt-pt\/wp-json\/wp\/v2\/comments?post=6629"}],"version-history":[{"count":3,"href":"https:\/\/edenalvor.com\/pt-pt\/wp-json\/wp\/v2\/pages\/6629\/revisions"}],"predecessor-version":[{"id":18534,"href":"https:\/\/edenalvor.com\/pt-pt\/wp-json\/wp\/v2\/pages\/6629\/revisions\/18534"}],"wp:attachment":[{"href":"https:\/\/edenalvor.com\/pt-pt\/wp-json\/wp\/v2\/media?parent=6629"}],"curies":[{"name":"wp","href":"https:\/\/api.w.org\/{rel}","templated":true}]}}