{"id":9539,"date":"2025-07-28T12:56:13","date_gmt":"2025-07-28T11:56:13","guid":{"rendered":"https:\/\/edenalvor.com\/pedido-de-informacao-sobre-festa-infantil\/"},"modified":"2026-03-06T17:46:28","modified_gmt":"2026-03-06T17:46:28","slug":"pedido-de-informacao-sobre-festa-infantil","status":"publish","type":"page","link":"https:\/\/edenalvor.com\/pt-pt\/pedido-de-informacao-sobre-festa-infantil\/","title":{"rendered":"Pedido de informa\u00e7\u00e3o sobre festa infantil"},"content":{"rendered":"\n\n<div id=\"\u201dcontact-form\u201d\">\n<p class=\"woocommerce-form-row woocommerce-form-row--wide form-row form-row-wide\">\n<\/p><form action=\"\/wp-admin\/admin-post.php\" method=\"post\">\n<input type=\"hidden\" name=\"action\" value=\"custom_contact_form\"\/>\n<label>Nome<\/label>\n<p><input class=\"woocommerce-Input woocommerce-Input--text input-text\" type=\"text\" name=\"name\" style=\"width:100%\" required=\"\"\/><\/p>\n<label>O seu e-mail<\/label>\n<p><input class=\"woocommerce-Input woocommerce-Input--text input-text\" type=\"email\" name=\"email\" style=\"width:100%\" required=\"\"\/><\/p>\n<label>N\u00famero de telefone<\/label>\n<p><input class=\"woocommerce-Input woocommerce-Input--text input-text\" type=\"text\" name=\"phone\" style=\"width:100%\" required=\"\"\/><\/p>\n<label>Nome da Crian\u00e7a<\/label>\n<p><input class=\"woocommerce-Input woocommerce-Input--text input-text\" type=\"text\" name=\"kidsname\" style=\"width:100%\" required=\"\"\/><\/p>\n<label>Idade da Crian\u00e7a<\/label>\n<p><input class=\"woocommerce-Input woocommerce-Input--text input-text\" type=\"number\" name=\"kidsage\" style=\"width:10%\" required=\"\"\/><\/p>\n<label>Data<\/label>\n<p><input class=\"woocommerce-Input woocommerce-Input--text input-text\" type=\"date\" name=\"date\" style=\"width:100%\" required=\"\"\/><\/p>\n<label>Hora:<\/label>\n<p>10:00 \u2013 13:00<input type=\"checkbox\" value=\"10:00-13:00\" name=\"time\"\/> ou 14:00 \u2013 17:00 <input type=\"checkbox\" value=\"14:00-17:00\" name=\"time\"\/><\/p>\n<label>N\u00famero de crian\u00e7as<\/label>\n<p><input class=\"woocommerce-Input woocommerce-Input--text input-text\" type=\"number\" name=\"kids\" style=\"width:10%\" required=\"\"\/><\/p>\n<label>Notas especiais<\/label>\n<p><textarea rows=\"6\" cols=\"25\" class=\"woocommerce-Input woocommerce-Input--text input-text\" type=\"text\" name=\"note\"><\/textarea><\/p>\n\n<p>\n<input type=\"checkbox\" required=\"\"\/>\nConfirmo que li os termos e condi\u00e7\u00f5es completos da festa de anivers\u00e1rio\n<a href=\"https:\/\/edenalvor.com\/wp-content\/uploads\/2026\/03\/Birthday-Party-Festa-Aniversario.pdf\" target=\"_blank\" style=\"text-decoration: underline; color: #0073aa; font-weight: bold;\">\n (clica aqui para ler os termos completos)\n<\/a>\n<\/p>\n\n<p><button type=\"submit\">Enviar<\/button><\/p>\n<\/form>\n\n<\/div>\n","protected":false},"excerpt":{"rendered":"<p>Nome O seu e-mail N\u00famero de telefone Nome da Crian\u00e7a Idade da Crian\u00e7a Data Hora: 10:00 \u2013 13:00 ou 14:00 \u2013 17:00 N\u00famero de crian\u00e7as Notas especiais Confirmo que li os termos e condi\u00e7\u00f5es completos da festa de anivers\u00e1rio (clica aqui para ler os termos completos) Enviar<\/p>\n","protected":false},"author":1,"featured_media":0,"parent":0,"menu_order":0,"comment_status":"closed","ping_status":"closed","template":"","meta":{"_piecal_is_event":false,"_piecal_start_date":"","_piecal_end_date":"","_piecal_is_allday":false,"footnotes":""},"class_list":["post-9539","page","type-page","status-publish","hentry"],"_links":{"self":[{"href":"https:\/\/edenalvor.com\/pt-pt\/wp-json\/wp\/v2\/pages\/9539","targetHints":{"allow":["GET"]}}],"collection":[{"href":"https:\/\/edenalvor.com\/pt-pt\/wp-json\/wp\/v2\/pages"}],"about":[{"href":"https:\/\/edenalvor.com\/pt-pt\/wp-json\/wp\/v2\/types\/page"}],"author":[{"embeddable":true,"href":"https:\/\/edenalvor.com\/pt-pt\/wp-json\/wp\/v2\/users\/1"}],"replies":[{"embeddable":true,"href":"https:\/\/edenalvor.com\/pt-pt\/wp-json\/wp\/v2\/comments?post=9539"}],"version-history":[{"count":4,"href":"https:\/\/edenalvor.com\/pt-pt\/wp-json\/wp\/v2\/pages\/9539\/revisions"}],"predecessor-version":[{"id":19778,"href":"https:\/\/edenalvor.com\/pt-pt\/wp-json\/wp\/v2\/pages\/9539\/revisions\/19778"}],"wp:attachment":[{"href":"https:\/\/edenalvor.com\/pt-pt\/wp-json\/wp\/v2\/media?parent=9539"}],"curies":[{"name":"wp","href":"https:\/\/api.w.org\/{rel}","templated":true}]}}