{"id":9545,"date":"2025-07-23T09:37:22","date_gmt":"2025-07-23T08:37:22","guid":{"rendered":"https:\/\/edenalvor.com\/blogue\/"},"modified":"2025-10-22T12:32:58","modified_gmt":"2025-10-22T11:32:58","slug":"blogue","status":"publish","type":"page","link":"https:\/\/edenalvor.com\/pt-pt\/blogue\/","title":{"rendered":"Blogue"},"content":{"rendered":"<ul class=\"wp-block-latest-posts__list has-dates wp-block-latest-posts\"><li><div class=\"wp-block-latest-posts__featured-image alignleft\"><a href=\"https:\/\/edenalvor.com\/pt-pt\/roteiro-de-1-dia-em-alvor-como-passar-o-dia-perfeito\/\" aria-label=\"Roteiro de 1 dia em Alvor: como passar o dia perfeito\"><img loading=\"lazy\" decoding=\"async\" width=\"150\" height=\"150\" src=\"https:\/\/edenalvor.com\/wp-content\/uploads\/2026\/04\/1-Day-in-Alvor-The-Perfect-Itinerary-150x150.png\" class=\"attachment-thumbnail size-thumbnail wp-post-image\" alt=\"1 dia em Alvor: o roteiro perfeito\" style=\"\" srcset=\"https:\/\/edenalvor.com\/wp-content\/uploads\/2026\/04\/1-Day-in-Alvor-The-Perfect-Itinerary-150x150.png 150w, https:\/\/edenalvor.com\/wp-content\/uploads\/2026\/04\/1-Day-in-Alvor-The-Perfect-Itinerary-400x400.png 400w, https:\/\/edenalvor.com\/wp-content\/uploads\/2026\/04\/1-Day-in-Alvor-The-Perfect-Itinerary-100x100.png 100w\" sizes=\"auto, (max-width: 150px) 100vw, 150px\" \/><\/a><\/div><a class=\"wp-block-latest-posts__post-title\" href=\"https:\/\/edenalvor.com\/pt-pt\/roteiro-de-1-dia-em-alvor-como-passar-o-dia-perfeito\/\">Roteiro de 1 dia em Alvor: como passar o dia perfeito<\/a><time datetime=\"2026-04-13T15:36:24+01:00\" class=\"wp-block-latest-posts__post-date\">April 13, 2026<\/time><div class=\"wp-block-latest-posts__post-excerpt\">Se estiveres no Algarve e s\u00f3 tiveres um dia em Alvor, ainda assim \u00e9 poss\u00edvel viver algumas das melhores experi\u00eancias que a zona tem para\u2026 <a class=\"wp-block-latest-posts__read-more\" href=\"https:\/\/edenalvor.com\/pt-pt\/roteiro-de-1-dia-em-alvor-como-passar-o-dia-perfeito\/\" rel=\"noopener noreferrer\">Read more<span class=\"screen-reader-text\">: Roteiro de 1 dia em Alvor: como passar o dia perfeito<\/span><\/a><\/div><\/li>\n<li><div class=\"wp-block-latest-posts__featured-image alignleft\"><a href=\"https:\/\/edenalvor.com\/pt-pt\/o-que-fazer-em-alvor-um-guia-para-visitantes\/\" aria-label=\"O que fazer em Alvor: Um guia para visitantes\"><img loading=\"lazy\" decoding=\"async\" width=\"150\" height=\"150\" src=\"https:\/\/edenalvor.com\/wp-content\/uploads\/2026\/03\/O-que-fazer-em-Alvor-Guia-para-visitantes-150x150.png\" class=\"attachment-thumbnail size-thumbnail wp-post-image\" alt=\"O que fazer em Alvor Guia para visitantes\" style=\"\" srcset=\"https:\/\/edenalvor.com\/wp-content\/uploads\/2026\/03\/O-que-fazer-em-Alvor-Guia-para-visitantes-150x150.png 150w, https:\/\/edenalvor.com\/wp-content\/uploads\/2026\/03\/O-que-fazer-em-Alvor-Guia-para-visitantes-400x400.png 400w, https:\/\/edenalvor.com\/wp-content\/uploads\/2026\/03\/O-que-fazer-em-Alvor-Guia-para-visitantes-100x100.png 100w\" sizes=\"auto, (max-width: 150px) 100vw, 150px\" \/><\/a><\/div><a class=\"wp-block-latest-posts__post-title\" href=\"https:\/\/edenalvor.com\/pt-pt\/o-que-fazer-em-alvor-um-guia-para-visitantes\/\">O que fazer em Alvor: Um guia para visitantes<\/a><time datetime=\"2026-03-23T13:13:06+00:00\" class=\"wp-block-latest-posts__post-date\">March 23, 2026<\/time><div class=\"wp-block-latest-posts__post-excerpt\">Alvor \u00e9 um dos destinos mais encantadores do Algarve. Com a sua atmosfera descontra\u00edda, costa deslumbrante e excelentes restaurantes, a vila atrai visitantes que procuram\u2026 <a class=\"wp-block-latest-posts__read-more\" href=\"https:\/\/edenalvor.com\/pt-pt\/o-que-fazer-em-alvor-um-guia-para-visitantes\/\" rel=\"noopener noreferrer\">Read more<span class=\"screen-reader-text\">: O que fazer em Alvor: Um guia para visitantes<\/span><\/a><\/div><\/li>\n<li><div class=\"wp-block-latest-posts__featured-image alignleft\"><a href=\"https:\/\/edenalvor.com\/pt-pt\/entrevista-com-o-chef-filipe-do-restaurante-eden\/\" aria-label=\"Entrevista com o Chef Filipe do Restaurante Eden\"><img loading=\"lazy\" decoding=\"async\" width=\"150\" height=\"150\" src=\"https:\/\/edenalvor.com\/wp-content\/uploads\/2026\/01\/Conheca-chef-150x150.png\" class=\"attachment-thumbnail size-thumbnail wp-post-image\" alt=\"\" style=\"\" srcset=\"https:\/\/edenalvor.com\/wp-content\/uploads\/2026\/01\/Conheca-chef-150x150.png 150w, https:\/\/edenalvor.com\/wp-content\/uploads\/2026\/01\/Conheca-chef-400x400.png 400w, https:\/\/edenalvor.com\/wp-content\/uploads\/2026\/01\/Conheca-chef-100x100.png 100w\" sizes=\"auto, (max-width: 150px) 100vw, 150px\" \/><\/a><\/div><a class=\"wp-block-latest-posts__post-title\" href=\"https:\/\/edenalvor.com\/pt-pt\/entrevista-com-o-chef-filipe-do-restaurante-eden\/\">Entrevista com o Chef Filipe do Restaurante Eden<\/a><time datetime=\"2026-01-12T11:47:03+00:00\" class=\"wp-block-latest-posts__post-date\">January 12, 2026<\/time><div class=\"wp-block-latest-posts__post-excerpt\">Quando \u00e9 que descobriu a sua paix\u00e3o pela cozinha? Desde crian\u00e7a que sempre adorei cozinhar. Muitas vezes fingia ser um chef e adorava ajudar a\u2026 <a class=\"wp-block-latest-posts__read-more\" href=\"https:\/\/edenalvor.com\/pt-pt\/entrevista-com-o-chef-filipe-do-restaurante-eden\/\" rel=\"noopener noreferrer\">Read more<span class=\"screen-reader-text\">: Entrevista com o Chef Filipe do Restaurante Eden<\/span><\/a><\/div><\/li>\n<li><div class=\"wp-block-latest-posts__featured-image alignleft\"><a href=\"https:\/\/edenalvor.com\/pt-pt\/conheca-a-liliana-a-sua-especialista-em-bem-estar-no-eden-spa\/\" aria-label=\"Conhe\u00e7a a Liliana \u2013 a sua especialista em bem-estar no Eden Spa\"><img loading=\"lazy\" decoding=\"async\" width=\"150\" height=\"150\" src=\"https:\/\/edenalvor.com\/wp-content\/uploads\/2025\/09\/Meet-Liliana-150x150.jpg\" class=\"attachment-thumbnail size-thumbnail wp-post-image\" alt=\"Conhe\u00e7a a Liliana\" style=\"\" srcset=\"https:\/\/edenalvor.com\/wp-content\/uploads\/2025\/09\/Meet-Liliana-150x150.jpg 150w, https:\/\/edenalvor.com\/wp-content\/uploads\/2025\/09\/Meet-Liliana-400x400.jpg 400w, https:\/\/edenalvor.com\/wp-content\/uploads\/2025\/09\/Meet-Liliana-100x100.jpg 100w\" sizes=\"auto, (max-width: 150px) 100vw, 150px\" \/><\/a><\/div><a class=\"wp-block-latest-posts__post-title\" href=\"https:\/\/edenalvor.com\/pt-pt\/conheca-a-liliana-a-sua-especialista-em-bem-estar-no-eden-spa\/\">Conhe\u00e7a a Liliana \u2013 a sua especialista em bem-estar no Eden Spa<\/a><time datetime=\"2025-12-04T10:53:22+00:00\" class=\"wp-block-latest-posts__post-date\">December 4, 2025<\/time><div class=\"wp-block-latest-posts__post-excerpt\">Com mais de 15 anos de experi\u00eancia na \u00e1rea do bem-estar, a Liliana traz consigo um vasto conhecimento e uma paix\u00e3o genu\u00edna por ajudar os\u2026 <a class=\"wp-block-latest-posts__read-more\" href=\"https:\/\/edenalvor.com\/pt-pt\/conheca-a-liliana-a-sua-especialista-em-bem-estar-no-eden-spa\/\" rel=\"noopener noreferrer\">Read more<span class=\"screen-reader-text\">: Conhe\u00e7a a Liliana \u2013 a sua especialista em bem-estar no Eden Spa<\/span><\/a><\/div><\/li>\n<li><div class=\"wp-block-latest-posts__featured-image alignleft\"><a href=\"https:\/\/edenalvor.com\/pt-pt\/uma-viagem-de-degustacao-em-alvor-portimao-com-a-experiencia-do-nosso-menu-de-degustacao-do-chef-no-eden-alvor\/\" aria-label=\"Uma Viagem de Degusta\u00e7\u00e3o em Alvor, Portim\u00e3o, com a experi\u00eancia do nosso Menu de Degusta\u00e7\u00e3o do Chef no Eden Alvor\"><img loading=\"lazy\" decoding=\"async\" width=\"150\" height=\"150\" src=\"https:\/\/edenalvor.com\/wp-content\/uploads\/2025\/11\/food-e1763569004937-150x150.png\" class=\"attachment-thumbnail size-thumbnail wp-post-image\" alt=\"\" style=\"\" srcset=\"https:\/\/edenalvor.com\/wp-content\/uploads\/2025\/11\/food-e1763569004937-150x150.png 150w, https:\/\/edenalvor.com\/wp-content\/uploads\/2025\/11\/food-e1763569004937-100x100.png 100w\" sizes=\"auto, (max-width: 150px) 100vw, 150px\" \/><\/a><\/div><a class=\"wp-block-latest-posts__post-title\" href=\"https:\/\/edenalvor.com\/pt-pt\/uma-viagem-de-degustacao-em-alvor-portimao-com-a-experiencia-do-nosso-menu-de-degustacao-do-chef-no-eden-alvor\/\">Uma Viagem de Degusta\u00e7\u00e3o em Alvor, Portim\u00e3o, com a experi\u00eancia do nosso Menu de Degusta\u00e7\u00e3o do Chef no Eden Alvor<\/a><time datetime=\"2025-11-19T16:08:24+00:00\" class=\"wp-block-latest-posts__post-date\">November 19, 2025<\/time><div class=\"wp-block-latest-posts__post-excerpt\">Quando os clientes procuram os melhores restaurantes de Portim\u00e3o, muitos procuram uma experi\u00eancia culin\u00e1ria, criatividade e um ambiente relaxante, ligeiramente afastado das zonas de refei\u00e7\u00f5es\u2026 <a class=\"wp-block-latest-posts__read-more\" href=\"https:\/\/edenalvor.com\/pt-pt\/uma-viagem-de-degustacao-em-alvor-portimao-com-a-experiencia-do-nosso-menu-de-degustacao-do-chef-no-eden-alvor\/\" rel=\"noopener noreferrer\">Read more<span class=\"screen-reader-text\">: Uma Viagem de Degusta\u00e7\u00e3o em Alvor, Portim\u00e3o, com a experi\u00eancia do nosso Menu de Degusta\u00e7\u00e3o do Chef no Eden Alvor<\/span><\/a><\/div><\/li>\n<li><div class=\"wp-block-latest-posts__featured-image alignleft\"><a href=\"https:\/\/edenalvor.com\/pt-pt\/novo-programa-de-afiliados-da-eden-alvor\/\" aria-label=\"Novo programa de afiliados da Eden Alvor\"><img loading=\"lazy\" decoding=\"async\" width=\"150\" height=\"150\" src=\"https:\/\/edenalvor.com\/wp-content\/uploads\/2025\/10\/Earn-150x150.jpg\" class=\"attachment-thumbnail size-thumbnail wp-post-image\" alt=\"\" style=\"\" srcset=\"https:\/\/edenalvor.com\/wp-content\/uploads\/2025\/10\/Earn-150x150.jpg 150w, https:\/\/edenalvor.com\/wp-content\/uploads\/2025\/10\/Earn-400x400.jpg 400w, https:\/\/edenalvor.com\/wp-content\/uploads\/2025\/10\/Earn-100x100.jpg 100w\" sizes=\"auto, (max-width: 150px) 100vw, 150px\" \/><\/a><\/div><a class=\"wp-block-latest-posts__post-title\" href=\"https:\/\/edenalvor.com\/pt-pt\/novo-programa-de-afiliados-da-eden-alvor\/\">Novo programa de afiliados da Eden Alvor<\/a><time datetime=\"2025-10-21T09:20:00+01:00\" class=\"wp-block-latest-posts__post-date\">October 21, 2025<\/time><div class=\"wp-block-latest-posts__post-excerpt\">A Eden Alvor combina mini golfe, gastronomia requintada e bem-estar no cora\u00e7\u00e3o do Algarve. Agora, com o nosso novo Programa de Afiliados, pode ajudar a\u2026 <a class=\"wp-block-latest-posts__read-more\" href=\"https:\/\/edenalvor.com\/pt-pt\/novo-programa-de-afiliados-da-eden-alvor\/\" rel=\"noopener noreferrer\">Read more<span class=\"screen-reader-text\">: Novo programa de afiliados da Eden Alvor<\/span><\/a><\/div><\/li>\n<li><div class=\"wp-block-latest-posts__featured-image alignleft\"><a href=\"https:\/\/edenalvor.com\/pt-pt\/e-a-epoca-para-celebrar\/\" aria-label=\"\u00c9 a \u00c9poca para Celebrar\"><img loading=\"lazy\" decoding=\"async\" width=\"150\" height=\"150\" src=\"https:\/\/edenalvor.com\/wp-content\/uploads\/2025\/10\/Year-end-150x150.png\" class=\"attachment-thumbnail size-thumbnail wp-post-image\" alt=\"\" style=\"\" srcset=\"https:\/\/edenalvor.com\/wp-content\/uploads\/2025\/10\/Year-end-150x150.png 150w, https:\/\/edenalvor.com\/wp-content\/uploads\/2025\/10\/Year-end-400x400.png 400w, https:\/\/edenalvor.com\/wp-content\/uploads\/2025\/10\/Year-end-100x100.png 100w\" sizes=\"auto, (max-width: 150px) 100vw, 150px\" \/><\/a><\/div><a class=\"wp-block-latest-posts__post-title\" href=\"https:\/\/edenalvor.com\/pt-pt\/e-a-epoca-para-celebrar\/\">\u00c9 a \u00c9poca para Celebrar<\/a><time datetime=\"2025-10-20T10:53:49+01:00\" class=\"wp-block-latest-posts__post-date\">October 20, 2025<\/time><div class=\"wp-block-latest-posts__post-excerpt\">\u00c0 medida que o ano chega ao fim, come\u00e7am a formar-se planos em torno de mesas partilhadas e rostos familiares. Seja com colegas a celebrar\u2026 <a class=\"wp-block-latest-posts__read-more\" href=\"https:\/\/edenalvor.com\/pt-pt\/e-a-epoca-para-celebrar\/\" rel=\"noopener noreferrer\">Read more<span class=\"screen-reader-text\">: \u00c9 a \u00c9poca para Celebrar<\/span><\/a><\/div><\/li>\n<li><div class=\"wp-block-latest-posts__featured-image alignleft\"><a href=\"https:\/\/edenalvor.com\/pt-pt\/novos-precos-de-spa-e-horarios-de-funcionamento-em-setembro\/\" aria-label=\"Novos Pre\u00e7os de Spa e Hor\u00e1rios de Funcionamento em Setembro\"><img loading=\"lazy\" decoding=\"async\" width=\"150\" height=\"150\" src=\"https:\/\/edenalvor.com\/wp-content\/uploads\/2025\/06\/eden-mini-golf-g1-150x150.jpg\" class=\"attachment-thumbnail size-thumbnail wp-post-image\" alt=\"\" style=\"\" srcset=\"https:\/\/edenalvor.com\/wp-content\/uploads\/2025\/06\/eden-mini-golf-g1-150x150.jpg 150w, https:\/\/edenalvor.com\/wp-content\/uploads\/2025\/06\/eden-mini-golf-g1-400x400.jpg 400w, https:\/\/edenalvor.com\/wp-content\/uploads\/2025\/06\/eden-mini-golf-g1-100x100.jpg 100w, https:\/\/edenalvor.com\/wp-content\/uploads\/2025\/06\/eden-mini-golf-g1-460x460.jpg 460w\" sizes=\"auto, (max-width: 150px) 100vw, 150px\" \/><\/a><\/div><a class=\"wp-block-latest-posts__post-title\" href=\"https:\/\/edenalvor.com\/pt-pt\/novos-precos-de-spa-e-horarios-de-funcionamento-em-setembro\/\">Novos Pre\u00e7os de Spa e Hor\u00e1rios de Funcionamento em Setembro<\/a><time datetime=\"2025-09-05T12:42:36+01:00\" class=\"wp-block-latest-posts__post-date\">September 5, 2025<\/time><div class=\"wp-block-latest-posts__post-excerpt\">Novos pre\u00e7os de Spa e hor\u00e1rios de funcionamento em setembro Com o fim do ver\u00e3o e a chegada do outono, este \u00e9 o momento ideal\u2026 <a class=\"wp-block-latest-posts__read-more\" href=\"https:\/\/edenalvor.com\/pt-pt\/novos-precos-de-spa-e-horarios-de-funcionamento-em-setembro\/\" rel=\"noopener noreferrer\">Read more<span class=\"screen-reader-text\">: Novos Pre\u00e7os de Spa e Hor\u00e1rios de Funcionamento em Setembro<\/span><\/a><\/div><\/li>\n<\/ul>","protected":false},"excerpt":{"rendered":"","protected":false},"author":1,"featured_media":0,"parent":0,"menu_order":0,"comment_status":"closed","ping_status":"closed","template":"","meta":{"_piecal_is_event":false,"_piecal_start_date":"","_piecal_end_date":"","_piecal_is_allday":false,"footnotes":""},"class_list":["post-9545","page","type-page","status-publish","hentry"],"_links":{"self":[{"href":"https:\/\/edenalvor.com\/pt-pt\/wp-json\/wp\/v2\/pages\/9545","targetHints":{"allow":["GET"]}}],"collection":[{"href":"https:\/\/edenalvor.com\/pt-pt\/wp-json\/wp\/v2\/pages"}],"about":[{"href":"https:\/\/edenalvor.com\/pt-pt\/wp-json\/wp\/v2\/types\/page"}],"author":[{"embeddable":true,"href":"https:\/\/edenalvor.com\/pt-pt\/wp-json\/wp\/v2\/users\/1"}],"replies":[{"embeddable":true,"href":"https:\/\/edenalvor.com\/pt-pt\/wp-json\/wp\/v2\/comments?post=9545"}],"version-history":[{"count":1,"href":"https:\/\/edenalvor.com\/pt-pt\/wp-json\/wp\/v2\/pages\/9545\/revisions"}],"predecessor-version":[{"id":9546,"href":"https:\/\/edenalvor.com\/pt-pt\/wp-json\/wp\/v2\/pages\/9545\/revisions\/9546"}],"wp:attachment":[{"href":"https:\/\/edenalvor.com\/pt-pt\/wp-json\/wp\/v2\/media?parent=9545"}],"curies":[{"name":"wp","href":"https:\/\/api.w.org\/{rel}","templated":true}]}}