{"id":9549,"date":"2025-07-22T17:54:08","date_gmt":"2025-07-22T16:54:08","guid":{"rendered":"https:\/\/edenalvor.com\/academia-de-golfe\/"},"modified":"2026-02-10T11:38:24","modified_gmt":"2026-02-10T11:38:24","slug":"academia-de-golfe","status":"publish","type":"page","link":"https:\/\/edenalvor.com\/pt-pt\/academia-de-golfe\/","title":{"rendered":"Academia de golfe"},"content":{"rendered":"\n<div class=\"wp-block-columns is-layout-flex wp-container-core-columns-is-layout-9d6595d7 wp-block-columns-is-layout-flex\">\n<div class=\"wp-block-column is-layout-flow wp-block-column-is-layout-flow\">\n<p><span style=\"font-weight: 400;\">Eleve o seu jogo no Eden Alvor com a tecnologia Trackman e o profissional de PGA Mickael Carvalho<\/span><\/p>\n<p><span style=\"font-weight: 400;\">Atrav\u00e9s de uma combina\u00e7\u00e3o \u00fanica de tecnologia de classe mundial e instru\u00e7\u00e3o de elite de Mickael Carvalho, um distinto profissional de PGA, pode refinar as suas habilidades de golfe e desbloquear todo o seu potencial. <\/span><\/p>\n<p><span style=\"font-weight: 400;\">Com uma vasta experi\u00eancia no desporto e um profundo conhecimento da mec\u00e2nica do swing, Mickael oferece sess\u00f5es que combinam precis\u00e3o t\u00e9cnica com estrat\u00e9gia pr\u00e1tica. Com o sistema Trackman, cada aula fornece feedback instant\u00e2neo sobre o voo da bola, o percurso do taco e as m\u00e9tricas de desempenho que permitem uma perspetiva \u00fanica no fornecimento de ajustes em tempo real e progresso mensur\u00e1vel.<\/span><\/p>\n<p><span style=\"font-weight: 400;\">Sob a orienta\u00e7\u00e3o especializada de Mickael, os jogadores trabalhar\u00e3o atrav\u00e9s de exerc\u00edcios de pr\u00e1tica personalizados e receber\u00e3o uma an\u00e1lise de desempenho detalhada, concebida para melhorar a precis\u00e3o, a consist\u00eancia e a gest\u00e3o do campo. Seja um principiante ou um golfista experiente que procura obter uma vantagem competitiva, beneficiar\u00e1 de uma abordagem estruturada que se alinha com os seus objetivos individuais.<\/span><\/p>\n<\/div>\n\n\n\n<div class=\"wp-block-column is-layout-flow wp-block-column-is-layout-flow\">\n<figure class=\"wp-block-image size-full\"><img loading=\"lazy\" decoding=\"async\" width=\"600\" height=\"400\" src=\"https:\/\/askai.pt\/wp-content\/uploads\/2025\/07\/mickael-carvalho.jpg\" alt=\"\" class=\"wp-image-1624\" srcset=\"https:\/\/edenalvor.com\/wp-content\/uploads\/2025\/07\/mickael-carvalho.jpg 600w, https:\/\/edenalvor.com\/wp-content\/uploads\/2025\/07\/mickael-carvalho-300x200.jpg 300w\" sizes=\"auto, (max-width: 600px) 100vw, 600px\" \/><\/figure>\n<\/div>\n<\/div>\n<p><span style=\"font-weight: 400;\">Leve o seu jogo de golfe para o pr\u00f3ximo n\u00edvel no Eden Alvor, onde a tradi\u00e7\u00e3o se encontra com a tecnologia atrav\u00e9s de uma experi\u00eancia Trackman \u00fanica.<\/span><\/p>\n<p><span style=\"font-weight: 400;\">Os pre\u00e7os para 2025 s\u00e3o os seguintes:<\/span><\/p>\n<ul>\n<li style=\"font-weight: 400;\" aria-level=\"1\"><span style=\"font-weight: 400;\">Taxa hor\u00e1ria padr\u00e3o, incluindo Trackman: 65 \u20ac<\/span><\/li>\n<li style=\"font-weight: 400;\" aria-level=\"1\"><span style=\"font-weight: 400;\">Para reservar um pacote de 3 horas, tamb\u00e9m pode beneficiar de uma taxa promocional de 180 \u20ac. <\/span><\/li>\n<li style=\"font-weight: 400;\" aria-level=\"1\"><span style=\"font-weight: 400;\">Para reservar um pacote de 10 horas, aplica-se a taxa promocional de 550 \u20ac<\/span><\/li>\n<\/ul>\n<p><span style=\"font-weight: 400;\">Os pacotes promocionais s\u00e3o v\u00e1lidos por um ano a partir da data de compra.<\/span><\/p>\n\n<div class=\"wp-block-buttons is-content-justification-center is-layout-flex wp-container-core-buttons-is-layout-16018d1d wp-block-buttons-is-layout-flex\">\n<div class=\"wp-block-button\"><a class=\"wp-block-button__link wp-element-button\" href=\"mailto:headpro@quintadaria.com\" target=\"_blank\" rel=\"noreferrer noopener\">Reservar agora<\/a><\/div>\n<\/div>\n","protected":false},"excerpt":{"rendered":"<p>Eleve o seu jogo no Eden Alvor com a tecnologia Trackman e o profissional de PGA Mickael Carvalho Atrav\u00e9s de uma combina\u00e7\u00e3o \u00fanica de tecnologia de classe mundial e instru\u00e7\u00e3o de elite de Mickael Carvalho, um distinto profissional de PGA, pode refinar as suas habilidades de golfe e desbloquear todo o seu potencial. Com uma [&hellip;]<\/p>\n","protected":false},"author":1,"featured_media":0,"parent":0,"menu_order":0,"comment_status":"closed","ping_status":"closed","template":"template-fullwidth.php","meta":{"_piecal_is_event":false,"_piecal_start_date":"","_piecal_end_date":"","_piecal_is_allday":false,"footnotes":""},"class_list":["post-9549","page","type-page","status-publish","hentry"],"_links":{"self":[{"href":"https:\/\/edenalvor.com\/pt-pt\/wp-json\/wp\/v2\/pages\/9549","targetHints":{"allow":["GET"]}}],"collection":[{"href":"https:\/\/edenalvor.com\/pt-pt\/wp-json\/wp\/v2\/pages"}],"about":[{"href":"https:\/\/edenalvor.com\/pt-pt\/wp-json\/wp\/v2\/types\/page"}],"author":[{"embeddable":true,"href":"https:\/\/edenalvor.com\/pt-pt\/wp-json\/wp\/v2\/users\/1"}],"replies":[{"embeddable":true,"href":"https:\/\/edenalvor.com\/pt-pt\/wp-json\/wp\/v2\/comments?post=9549"}],"version-history":[{"count":3,"href":"https:\/\/edenalvor.com\/pt-pt\/wp-json\/wp\/v2\/pages\/9549\/revisions"}],"predecessor-version":[{"id":19211,"href":"https:\/\/edenalvor.com\/pt-pt\/wp-json\/wp\/v2\/pages\/9549\/revisions\/19211"}],"wp:attachment":[{"href":"https:\/\/edenalvor.com\/pt-pt\/wp-json\/wp\/v2\/media?parent=9549"}],"curies":[{"name":"wp","href":"https:\/\/api.w.org\/{rel}","templated":true}]}}