{"id":9555,"date":"2025-07-22T16:48:29","date_gmt":"2025-07-22T15:48:29","guid":{"rendered":"https:\/\/edenalvor.com\/restaurante-eden\/"},"modified":"2025-10-22T12:32:59","modified_gmt":"2025-10-22T11:32:59","slug":"restaurante-eden","status":"publish","type":"page","link":"https:\/\/edenalvor.com\/pt-pt\/restaurante-eden\/","title":{"rendered":"Restaurante Eden"},"content":{"rendered":"\n<div class=\"wp-block-columns is-layout-flex wp-container-core-columns-is-layout-9d6595d7 wp-block-columns-is-layout-flex\">\n<div class=\"wp-block-column is-layout-flow wp-block-column-is-layout-flow\">\n<p><span style=\"font-weight: 400;\">O Restaurante Eden est\u00e1 aberto diariamente para pequeno-almo\u00e7o, almo\u00e7o, snacks e tapas, e jantar. <\/span><\/p>\n<p><span style=\"font-weight: 400;\">Desfrute de pratos gourmet elaborados com sabores frescos e locais numa atmosfera relaxada mas elegante. Harmonize a sua refei\u00e7\u00e3o com um vinho de qualidade ou um cocktail criativo <\/span><\/p>\n<p><span style=\"font-weight: 400;\">Para o jantar, venha experimentar uma experi\u00eancia gastron\u00f3mica com o Chef Filipe \u2013 que ganhou o pr\u00e9mio Chef do Ano de Portim\u00e3o em 2024 gra\u00e7as \u00e0s suas obras-primas culin\u00e1rias.<\/span><\/p>\n\n\n\n<div class=\"wp-block-buttons is-content-justification-center is-layout-flex wp-container-core-buttons-is-layout-16018d1d wp-block-buttons-is-layout-flex\">\n<div class=\"wp-block-button\"><a class=\"wp-block-button__link wp-element-button\" href=\"https:\/\/edenalvor.com\/pt-pt\/booking\/restaurante\/\">Reserve a sua mesa<\/a><\/div>\n<\/div>\n<\/div>\n\n\n\n<div class=\"wp-block-column is-layout-flow wp-block-column-is-layout-flow\">\n<figure class=\"wp-block-image size-full\"><img loading=\"lazy\" decoding=\"async\" width=\"600\" height=\"400\" src=\"https:\/\/askai.pt\/wp-content\/uploads\/2025\/07\/eden-restaurant-2.jpg\" alt=\"\" class=\"wp-image-1603\" srcset=\"https:\/\/edenalvor.com\/wp-content\/uploads\/2025\/07\/eden-restaurant-2.jpg 600w, https:\/\/edenalvor.com\/wp-content\/uploads\/2025\/07\/eden-restaurant-2-300x200.jpg 300w\" sizes=\"auto, (max-width: 600px) 100vw, 600px\" \/><\/figure>\n<\/div>\n<\/div>\n<p>O Restaurante Eden (anteriormente Jasmine) \u00e9 o local perfeito para se recompensar com um pequeno-almo\u00e7o ou almo\u00e7o ap\u00f3s uma partida de minigolfe tropical para saborear uma deliciosa refei\u00e7\u00e3o. Ou simplesmente visite-nos e desfrute de uma bebida especial numa das nossas esplanadas com uma vista magn\u00edfica sobre o belo jardim e a Ria de Alvor.<br \/>Se procura uma <strong>experi\u00eancia gastron\u00f3mica<\/strong>, junte-se a n\u00f3s para jantar com o nosso chef premiado, Chef Filipe. As nossas avalia\u00e7\u00f5es no Trip Advisor mostram como a gastronomia \u00e9 incr\u00edvel, independentemente da hora do dia.<br \/>Para os apreciadores de vinho, o Eden oferece uma excelente sele\u00e7\u00e3o de vinhos nacionais e internacionais. Tudo \u00e9 preparado com cuidado, utilizando ingredientes frescos e de qualidade de produtores locais.   <\/p>\n\n<figure class=\"wp-block-pullquote\"><blockquote><p>Ementas<\/p><cite>Pode descarregar as nossas ementas abaixo.<\/cite><\/blockquote><\/figure>\n\n<div class=\"wp-block-group is-layout-grid wp-container-core-group-is-layout-a2d42deb wp-block-group-is-layout-grid\">\n<h4 style=\"text-align: center;\"><a href=\"https:\/\/edenalvor.com\/menus\/snack-menu.pdf\" target=\"_blank\" rel=\"noopener\">Ementa de snacks e almo\u00e7o<\/a><\/h4>\n\n\n\n<h4 class=\"elementor-heading-title elementor-size-default\" style=\"text-align: center;\"><a href=\"https:\/\/edenalvor.com\/menus\/dinner-menu.pdf\" target=\"_blank\" rel=\"noopener\">Menu de jantar<\/a><\/h4>\n\n\n\n<h4 class=\"elementor-heading-title elementor-size-default\" style=\"text-align: center;\"><a href=\"https:\/\/edenalvor.com\/menus\/kids-menu.jpg\" target=\"_blank\" rel=\"noopener\">Ementa infantil<\/a><\/h4>\n\n\n\n<h4 class=\"elementor-heading-title elementor-size-default\" style=\"text-align: center;\"><a href=\"https:\/\/edenalvor.com\/menus\/dessert-menu.pdf\" target=\"_blank\" rel=\"noopener\">Ementa de sobremesas<\/a><\/h4>\n\n\n\n<h4 class=\"elementor-heading-title elementor-size-default\" style=\"text-align: center;\">Ementa de bebidas<\/h4>\n\n\n\n<h4 class=\"elementor-heading-title elementor-size-default\" style=\"text-align: center;\"><a href=\"https:\/\/edenalvor.com\/menus\/wine-list.pdf\" target=\"_blank\" rel=\"noopener\">Carta de vinhos<\/a><\/h4>\n\n\n\n<h4 class=\"elementor-heading-title elementor-size-default\" style=\"text-align: center;\"><a href=\"https:\/\/edenalvor.com\/menus\/tasting-menu.pdf\" target=\"_blank\" rel=\"noopener\">Menu de degusta\u00e7\u00e3o do Chef<\/a><\/h4>\n<\/div>\n\n<hr class=\"wp-block-separator has-alpha-channel-opacity\"\/>\n\n<p class=\"has-text-align-center\">*Menu de degusta\u00e7\u00e3o do Chef requer reserva antecipada de no m\u00ednimo 24 horas.<\/p>\n\n<div class=\"wp-block-buttons is-content-justification-center is-layout-flex wp-container-core-buttons-is-layout-16018d1d wp-block-buttons-is-layout-flex\">\n<div class=\"wp-block-button\"><a class=\"wp-block-button__link wp-element-button\" href=\"https:\/\/edenalvor.com\/pt-pt\/booking\/menu-de-degustacao-do-chef\/\">Reserve o menu de degusta\u00e7\u00e3o do Chef<\/a><\/div>\n<\/div>\n\n<p><\/p>\n","protected":false},"excerpt":{"rendered":"<p>O Restaurante Eden est\u00e1 aberto diariamente para pequeno-almo\u00e7o, almo\u00e7o, snacks e tapas, e jantar. Desfrute de pratos gourmet elaborados com sabores frescos e locais numa atmosfera relaxada mas elegante. Harmonize a sua refei\u00e7\u00e3o com um vinho de qualidade ou um cocktail criativo Para o jantar, venha experimentar uma experi\u00eancia gastron\u00f3mica com o Chef Filipe \u2013 [&hellip;]<\/p>\n","protected":false},"author":1,"featured_media":0,"parent":0,"menu_order":0,"comment_status":"closed","ping_status":"closed","template":"template-fullwidth.php","meta":{"_piecal_is_event":false,"_piecal_start_date":"","_piecal_end_date":"","_piecal_is_allday":false,"footnotes":""},"class_list":["post-9555","page","type-page","status-publish","hentry"],"_links":{"self":[{"href":"https:\/\/edenalvor.com\/pt-pt\/wp-json\/wp\/v2\/pages\/9555","targetHints":{"allow":["GET"]}}],"collection":[{"href":"https:\/\/edenalvor.com\/pt-pt\/wp-json\/wp\/v2\/pages"}],"about":[{"href":"https:\/\/edenalvor.com\/pt-pt\/wp-json\/wp\/v2\/types\/page"}],"author":[{"embeddable":true,"href":"https:\/\/edenalvor.com\/pt-pt\/wp-json\/wp\/v2\/users\/1"}],"replies":[{"embeddable":true,"href":"https:\/\/edenalvor.com\/pt-pt\/wp-json\/wp\/v2\/comments?post=9555"}],"version-history":[{"count":1,"href":"https:\/\/edenalvor.com\/pt-pt\/wp-json\/wp\/v2\/pages\/9555\/revisions"}],"predecessor-version":[{"id":9558,"href":"https:\/\/edenalvor.com\/pt-pt\/wp-json\/wp\/v2\/pages\/9555\/revisions\/9558"}],"wp:attachment":[{"href":"https:\/\/edenalvor.com\/pt-pt\/wp-json\/wp\/v2\/media?parent=9555"}],"curies":[{"name":"wp","href":"https:\/\/api.w.org\/{rel}","templated":true}]}}