{"id":9559,"date":"2025-07-28T14:56:14","date_gmt":"2025-07-28T13:56:14","guid":{"rendered":"https:\/\/edenalvor.com\/lista-de-precos\/"},"modified":"2026-03-19T16:29:51","modified_gmt":"2026-03-19T16:29:51","slug":"lista-de-precos","status":"publish","type":"page","link":"https:\/\/edenalvor.com\/pt-pt\/lista-de-precos\/","title":{"rendered":"Lista de Pre\u00e7os"},"content":{"rendered":"\n<h3 class=\"wp-block-heading\">Mini Golfe<\/h3>\n\n\n\n<div class=\"wp-block-group is-layout-grid wp-container-core-group-is-layout-9649a0d9 wp-block-group-is-layout-grid\">\n<p class=\"has-text-align-center\"><a href=\"https:\/\/edenalvor.com\/pt-pt\/booking\/mini-golfe\/\"><strong>S\u00f3 Mini Golfe<\/strong><\/a><\/p>\n\n\n\n<p class=\"has-text-align-center\">~1h<\/p>\n\n\n\n<p class=\"has-text-align-center\">adulto 13 \u20ac, crian\u00e7a 8 \u20ac<\/p>\n\n\n\n<p class=\"has-text-align-center\">Menores de 5 anos jogam gr\u00e1tis.<\/p>\n<\/div>\n\n\n\n<hr class=\"wp-block-separator has-alpha-channel-opacity\"\/>\n\n\n\n<div class=\"wp-block-group is-layout-grid wp-container-core-group-is-layout-9649a0d9 wp-block-group-is-layout-grid\">\n<p class=\"has-text-align-center\"><a href=\"https:\/\/edenalvor.com\/pt-pt\/booking\/minigolfe-conjunto-de-bebidas\/\"><strong>Mini Golfe + Pack Bebida<\/strong><\/a><\/p>\n\n\n\n<p class=\"has-text-align-center\">Mini Golfe ~1h<\/p>\n\n\n\n<p class=\"has-text-align-center\">adulto 20 \u20ac, crian\u00e7a 15 \u20ac<\/p>\n\n\n\n<p class=\"has-text-align-center\">Inclui 2 bebidas (cerveja, vinho ou refrigerante).<\/p>\n<\/div>\n\n\n\n<hr class=\"wp-block-separator has-alpha-channel-opacity\"\/>\n\n\n\n<div class=\"wp-block-group is-layout-grid wp-container-core-group-is-layout-9649a0d9 wp-block-group-is-layout-grid\">\n<p class=\"has-text-align-center\"><a href=\"https:\/\/edenalvor.com\/pt-pt\/booking\/mini-golfe-o-conjunto-de-pequeno-almoco\/\"><strong>Mini Golfe + Pack Pequeno-almo\u00e7o<\/strong><\/a><\/p>\n\n\n\n<p class=\"has-text-align-center\">Mini Golfe ~1h<\/p>\n\n\n\n<p class=\"has-text-align-center\">adulto 22 \u20ac, crian\u00e7a 17 \u20ac<\/p>\n\n\n\n<p class=\"has-text-align-center\">Pequeno-almo\u00e7o ingl\u00eas completo ou pequeno-almo\u00e7o Eden, incl. um copo de espumante. <\/p>\n<\/div>\n\n\n\n<hr class=\"wp-block-separator has-alpha-channel-opacity\"\/>\n\n\n\n<div class=\"wp-block-group is-layout-grid wp-container-core-group-is-layout-9649a0d9 wp-block-group-is-layout-grid\">\n<p class=\"has-text-align-center\"><a href=\"https:\/\/edenalvor.com\/pt-pt\/booking\/mini-golf-menu-de-almoco\/\"><strong>Mini Golfe + Pack Almo\u00e7o<\/strong><\/a><\/p>\n\n\n\n<p class=\"has-text-align-center\">Mini Golfe ~1h<\/p>\n\n\n\n<p class=\"has-text-align-center\">adulto 46 \u20ac, crian\u00e7a 41 \u20ac<\/p>\n\n\n\n<p class=\"has-text-align-center\">Uma op\u00e7\u00e3o do menu de almo\u00e7o + uma sobremesa + 2 bebidas (cerveja, vinho ou refrigerante).<\/p>\n<\/div>\n\n\n\n<hr class=\"wp-block-separator has-alpha-channel-opacity\"\/>\n\n\n\n<div class=\"wp-block-group is-layout-grid wp-container-core-group-is-layout-9649a0d9 wp-block-group-is-layout-grid\">\n<p class=\"has-text-align-center\"><a href=\"https:\/\/edenalvor.com\/pt-pt\/booking\/mini-golf-o-conjunto-de-jantar\/\"><strong>Mini Golfe + Pack Jantar<\/strong><\/a><\/p>\n\n\n\n<p class=\"has-text-align-center\">Mini Golfe ~1h<\/p>\n\n\n\n<p class=\"has-text-align-center\">adulto 63 \u20ac, crian\u00e7a 58 \u20ac<\/p>\n\n\n\n<p class=\"has-text-align-center\">Jantar de 3 pratos (escolha livre do menu de jantar) + 3 bebidas (cerveja, vinho ou refrigerante).<\/p>\n<\/div>\n\n\n\n<div class=\"wp-block-group is-layout-grid wp-container-core-group-is-layout-9649a0d9 wp-block-group-is-layout-grid\">\n<p class=\"has-text-align-center\"><a href=\"https:\/\/edenalvor.com\/pt-pt\/booking\/mini-golfe-em-familia\/\"><strong>Mini Golfe em Fam\u00edlia<\/strong><\/a><\/p>\n\n\n\n<p class=\"has-text-align-center\">~1h<\/p>\n\n\n\n<p class=\"has-text-align-center\">a partir de 35 \u20ac<\/p>\n\n\n\n<p class=\"has-text-align-center\">Os 35 \u20ac incluem 2 adultos e 2 crian\u00e7as. *crian\u00e7a extra 8 \u20ac  <\/p>\n<\/div>\n\n\n\n<hr class=\"wp-block-separator has-alpha-channel-opacity\"\/>\n\n\n\n<h3 class=\"wp-block-heading\">Restaurante<\/h3>\n\n\n\n<div class=\"wp-block-group is-layout-grid wp-container-core-group-is-layout-9649a0d9 wp-block-group-is-layout-grid\">\n<p class=\"has-text-align-center\"><a href=\"https:\/\/edenalvor.com\/pt-pt\/booking\/menu-de-degustacao-do-chef\/\"><strong>Menu de Degusta\u00e7\u00e3o do Chef<\/strong><\/a><\/p>\n\n\n\n<p class=\"has-text-align-center\">~2h<\/p>\n\n\n\n<p class=\"has-text-align-center\">69 \u20ac<\/p>\n\n\n\n<p class=\"has-text-align-center\">Espera sabores intensos, uma apresenta\u00e7\u00e3o elegante e uma viagem gastron\u00f3mica verdadeiramente memor\u00e1vel.<\/p>\n<\/div>\n\n\n\n<hr class=\"wp-block-separator has-alpha-channel-opacity\"\/>\n\n\n\n<div class=\"wp-block-group is-layout-grid wp-container-core-group-is-layout-9649a0d9 wp-block-group-is-layout-grid\">\n<p class=\"has-text-align-center\"><a href=\"https:\/\/edenalvor.com\/pt-pt\/booking\/menus-de-grupo\/\"><strong>Menus de Grupo Eden<\/strong><\/a><\/p>\n\n\n\n<p class=\"has-text-align-center\">~2h<\/p>\n\n\n\n<p class=\"has-text-align-center\">a partir de 20 \u20ac<\/p>\n\n\n\n<p class=\"has-text-align-center\">M\u00ednimo de 11 pessoas.<\/p>\n<\/div>\n\n\n\n<hr class=\"wp-block-separator has-alpha-channel-opacity\"\/>\n\n\n\n<h3 class=\"wp-block-heading\">Piscina &amp; Spa<\/h3>\n\n\n\n<div class=\"wp-block-group is-layout-grid wp-container-core-group-is-layout-9649a0d9 wp-block-group-is-layout-grid\">\n<p class=\"has-text-align-center\"><a href=\"https:\/\/edenalvor.com\/pt-pt\/booking\/entrada-do-eden-spa\/\"><strong>Entrada no Eden Spa<\/strong><\/a><\/p>\n\n\n\n<p class=\"has-text-align-center\">pre\u00e7o por hora<\/p>\n\n\n\n<p class=\"has-text-align-center\">adulto 10 \u20ac, crian\u00e7a 7 \u20ac<\/p>\n\n\n\n<p class=\"has-text-align-center\">Inclui piscina (\u00e1gua temperada) &amp; sauna. Espregui\u00e7adeira extra 5 \u20ac  <\/p>\n<\/div>\n\n\n\n<hr class=\"wp-block-separator has-alpha-channel-opacity\"\/>\n\n\n\n<div class=\"wp-block-group is-layout-grid wp-container-core-group-is-layout-9649a0d9 wp-block-group-is-layout-grid\">\n<p class=\"has-text-align-center\"><a href=\"https:\/\/edenalvor.com\/pt-pt\/booking\/pacotes-eden-spa\/\"><strong>Pacote Eden Spa<\/strong><\/a><\/p>\n\n\n\n<p class=\"has-text-align-center\">4h ou 8h<\/p>\n\n\n\n<p class=\"has-text-align-center wp-container-content-69bc4bdf\">meio dia: adulto 18 \u20ac, crian\u00e7a 12 \u20ac, dia inteiro: adulto 27 \u20ac, crian\u00e7a 18 \u20ac<\/p>\n\n\n\n<p class=\"has-text-align-center\">Meio dia dispon\u00edvel entre as 10h-14h ou 14h-18h. O dia inteiro \u00e9 das 10h-18h. Inclui sauna &amp; espregui\u00e7adeira   <\/p>\n<\/div>\n\n\n\n<hr class=\"wp-block-separator has-alpha-channel-opacity\"\/>\n\n\n\n<div class=\"wp-block-group is-layout-grid wp-container-core-group-is-layout-9649a0d9 wp-block-group-is-layout-grid\">\n<p class=\"has-text-align-center\"><strong><a href=\"https:\/\/edenalvor.com\/pt-pt\/booking\/promocao-semanal-do-eden-spa\/\">Promo\u00e7\u00e3o Semana Eden Spa<\/a><\/strong>*<\/p>\n\n\n\n<p class=\"has-text-align-center\">7 dias<\/p>\n\n\n\n<p class=\"has-text-align-center wp-container-content-69bc4bdf\">99 \u20ac (reg. 189 \u20ac)<\/p>\n\n\n\n<p class=\"has-text-align-center\">(Sujeito a disponibilidade)<\/p>\n\n\n\n<p class=\"has-text-align-center\">Entre as 10h-18h. Inclui spa, sauna &amp; espregui\u00e7adeira  <\/p>\n<\/div>\n\n\n\n<hr class=\"wp-block-separator has-alpha-channel-opacity\"\/>\n\n\n\n<div class=\"wp-block-group is-layout-grid wp-container-core-group-is-layout-9649a0d9 wp-block-group-is-layout-grid\">\n<p class=\"has-text-align-center\"><a href=\"https:\/\/edenalvor.com\/pt-pt\/booking\/pacote-familiar-eden-spa\/\"><strong>Pacote Familiar Eden Spa<\/strong><\/a><\/p>\n\n\n\n<p class=\"has-text-align-center\">4h<\/p>\n\n\n\n<p class=\"has-text-align-center\">49 \u20ac<\/p>\n\n\n\n<p class=\"has-text-align-center\">2 adultos e 2 crian\u00e7as com menos de 12 anos.<\/p>\n<\/div>\n\n\n\n<hr class=\"wp-block-separator has-alpha-channel-opacity\"\/>\n\n\n\n<div class=\"wp-block-group is-layout-grid wp-container-core-group-is-layout-9649a0d9 wp-block-group-is-layout-grid\">\n<p class=\"has-text-align-center\"><a href=\"https:\/\/edenalvor.com\/pt-pt\/booking\/pacote-de-bem-estar-eden-spa\/\"><strong>Pacote Wellness Eden Spa<\/strong><\/a><\/p>\n\n\n\n<p class=\"has-text-align-center\">4h<\/p>\n\n\n\n<p class=\"has-text-align-center\">45 \u20ac<\/p>\n\n\n\n<p class=\"has-text-align-center\">Acesso ao spa + uma massagem relaxante de 30 minutos.<\/p>\n<\/div>\n\n\n\n<hr class=\"wp-block-separator has-alpha-channel-opacity\"\/>\n\n\n\n<div class=\"wp-block-group is-layout-grid wp-container-core-group-is-layout-9649a0d9 wp-block-group-is-layout-grid\">\n<p class=\"has-text-align-center\"><a href=\"https:\/\/edenalvor.com\/pt-pt\/booking\/pacote-de-luxo-eden-spa\/\"><strong>Pacote Luxo Eden Spa<\/strong><\/a><\/p>\n\n\n\n<p class=\"has-text-align-center\">8h<\/p>\n\n\n\n<p class=\"has-text-align-center\">80 \u20ac<\/p>\n\n\n\n<p class=\"has-text-align-center\">Acesso ao spa durante todo o dia, das 10h \u00e0s 18h + toalha + massagem de 1 hora + bebida de boas-vindas inclu\u00edda (ch\u00e1 ou smoothie).<\/p>\n<\/div>\n\n\n\n<hr class=\"wp-block-separator has-alpha-channel-opacity\"\/>\n\n\n\n<div class=\"wp-block-group is-layout-grid wp-container-core-group-is-layout-9649a0d9 wp-block-group-is-layout-grid\">\n<p class=\"has-text-align-center\"><a href=\"https:\/\/edenalvor.com\/pt-pt\/booking\/eden-spa-e-minigolfe\/\"><strong>Eden Spa &amp; Mini Golfe<\/strong><\/a><\/p>\n\n\n\n<p class=\"has-text-align-center\">~2h<\/p>\n\n\n\n<p class=\"has-text-align-center\">adulto 20 \u20ac, crian\u00e7a 15 \u20ac<\/p>\n\n\n\n<p class=\"has-text-align-center\">Combina a tua entrada no spa com uma volta de mini golfe.<\/p>\n<\/div>\n\n\n\n<hr class=\"wp-block-separator has-alpha-channel-opacity\"\/>\n\n\n\n<div class=\"wp-block-group is-layout-grid wp-container-core-group-is-layout-9649a0d9 wp-block-group-is-layout-grid\">\n<p class=\"has-text-align-center\"><a href=\"https:\/\/edenalvor.com\/pt-pt\/booking\/eden-spa-minigolfe-e-bebidas\/\"><strong>Eden Spa, Mini Golfe &amp; Bebidas<\/strong><\/a><\/p>\n\n\n\n<p class=\"has-text-align-center\">~6h<\/p>\n\n\n\n<p class=\"has-text-align-center\">adulto 38 \u20ac, crian\u00e7a 27 \u20ac<\/p>\n\n\n\n<p class=\"has-text-align-center\">Hor\u00e1rio de manh\u00e3 ou de tarde, incluindo espregui\u00e7adeira e acesso \u00e0 piscina e sauna, uma volta de mini golfe e duas bebidas por pessoa.<\/p>\n<\/div>\n\n\n\n<hr class=\"wp-block-separator has-alpha-channel-opacity\"\/>\n\n\n\n<h3 class=\"wp-block-heading\">Sala do Simulador<\/h3>\n\n\n\n<p class=\"has-text-align-center\">* Tacos dispon\u00edveis gratuitamente<\/p>\n\n\n\n<div class=\"wp-block-group is-layout-grid wp-container-core-group-is-layout-9649a0d9 wp-block-group-is-layout-grid\">\n<p class=\"has-text-align-center\"><a href=\"https:\/\/edenalvor.com\/pt-pt\/booking\/aluguer-de-simulador-de-golfe\/\"><strong>Aluguer do Simulador de Golfe<\/strong><\/a><\/p>\n\n\n\n<p class=\"has-text-align-center\">pre\u00e7o por hora<\/p>\n\n\n\n<p class=\"has-text-align-center\">40 \u20ac (at\u00e9 8 pessoas)<\/p>\n\n\n\n<p class=\"has-text-align-center\">A jogabilidade \u00e9 incrivelmente fluida, e todos os dados do taco e da bola s\u00e3o apresentados.<\/p>\n<\/div>\n\n\n\n<hr class=\"wp-block-separator has-alpha-channel-opacity\"\/>\n\n\n\n<div class=\"wp-block-group is-layout-grid wp-container-core-group-is-layout-9649a0d9 wp-block-group-is-layout-grid\">\n<p class=\"has-text-align-center\"><a href=\"https:\/\/edenalvor.com\/pt-pt\/booking\/pacote-de-simulador-de-golfe\/\"><strong>Pacote Simulador de Golfe<\/strong><\/a><\/p>\n\n\n\n<p class=\"has-text-align-center\">2h<\/p>\n\n\n\n<p class=\"has-text-align-center\">120 \u20ac<\/p>\n\n\n\n<p class=\"has-text-align-center\">Inclui 4 jogadores. Jogador extra 18 \u20ac. *Inclui um Golfland Burger + 2 bebidas (cerveja, vinho, refrigerante) por pessoa   <\/p>\n<\/div>\n\n\n\n<hr class=\"wp-block-separator has-alpha-channel-opacity\"\/>\n\n\n\n<div class=\"wp-block-group is-layout-grid wp-container-core-group-is-layout-9649a0d9 wp-block-group-is-layout-grid\">\n<p class=\"has-text-align-center\"><a href=\"https:\/\/edenalvor.com\/pt-pt\/booking\/experiencias-de-rv\/\"><strong>Experi\u00eancias VR<\/strong><\/a><\/p>\n\n\n\n<p class=\"has-text-align-center\">30 ou 60 min.<\/p>\n\n\n\n<p class=\"has-text-align-center\">a partir de 10 \u20ac<\/p>\n\n\n\n<p class=\"has-text-align-center\">Vive aventuras \u00fanicas em realidade virtual.<\/p>\n<\/div>\n\n\n\n<hr class=\"wp-block-separator has-alpha-channel-opacity\"\/>\n\n\n\n<div class=\"wp-block-group is-layout-grid wp-container-core-group-is-layout-9649a0d9 wp-block-group-is-layout-grid\">\n<p class=\"has-text-align-center\"><a href=\"https:\/\/edenalvor.com\/pt-pt\/booking\/associacao-anual-trackman\/\"><strong>Ades\u00e3o Trackman Anual &amp; Mensal<\/strong><\/a><\/p>\n\n\n\n<p class=\"has-text-align-center\">144h\/ano ou 12h\/m\u00eas<\/p>\n\n\n\n<p class=\"has-text-align-center\">a partir de 149 \u20ac<\/p>\n\n\n\n<p class=\"has-text-align-center\">Os membros jogam golfe individual no simulador Trackman, durante todo o ano, sem custos adicionais.<\/p>\n<\/div>\n\n\n\n<hr class=\"wp-block-separator has-alpha-channel-opacity\"\/>\n\n\n\n<h3 class=\"wp-block-heading\">Massagem<\/h3>\n\n\n\n<div class=\"wp-block-group is-layout-grid wp-container-core-group-is-layout-9649a0d9 wp-block-group-is-layout-grid\">\n<p class=\"has-text-align-center\"><a href=\"https:\/\/edenalvor.com\/pt-pt\/booking\/massagem-de-relaxamento-de-corpo-inteiro\/\"><strong>Massagem Relax de Corpo Inteiro<\/strong><\/a><\/p>\n\n\n\n<p class=\"has-text-align-center\">1h<\/p>\n\n\n\n<p class=\"has-text-align-center\">65 \u20ac<\/p>\n\n\n\n<p class=\"has-text-align-center\">Trabalho em todas as \u00e1reas importantes do corpo, como costas, ombros, pernas&#8230;<\/p>\n<\/div>\n\n\n\n<hr class=\"wp-block-separator has-alpha-channel-opacity\"\/>\n\n\n\n<div class=\"wp-block-group is-layout-grid wp-container-core-group-is-layout-9649a0d9 wp-block-group-is-layout-grid\">\n<p class=\"has-text-align-center\"><a href=\"https:\/\/edenalvor.com\/pt-pt\/booking\/massagem-de-corpo-inteiro-de-tecidos-profundos\/\"><strong>Massagem de Corpo Inteiro Deep Tissue<\/strong><\/a><\/p>\n\n\n\n<p class=\"has-text-align-center\">1h<\/p>\n\n\n\n<p class=\"has-text-align-center\">70 \u20ac<\/p>\n\n\n\n<p class=\"has-text-align-center\">Descobre os benef\u00edcios da massagem deep tissue, uma t\u00e9cnica para aliviar dores cr\u00f3nicas&#8230;<\/p>\n<\/div>\n\n\n\n<hr class=\"wp-block-separator has-alpha-channel-opacity\"\/>\n\n\n\n<div class=\"wp-block-group is-layout-grid wp-container-core-group-is-layout-9649a0d9 wp-block-group-is-layout-grid\">\n<p class=\"has-text-align-center\"><a href=\"https:\/\/edenalvor.com\/pt-pt\/booking\/massagem-nas-costas\/\"><strong>Massagem \u00e0s Costas<\/strong><\/a><\/p>\n\n\n\n<p class=\"has-text-align-center\">30 min.<\/p>\n\n\n\n<p class=\"has-text-align-center\">40 \u20ac<\/p>\n\n\n\n<p class=\"has-text-align-center\">Foge \u00e0 rotina com as nossas massagens relaxantes \u00e0s costas.<\/p>\n<\/div>\n\n\n\n<hr class=\"wp-block-separator has-alpha-channel-opacity\"\/>\n\n\n\n<div class=\"wp-block-group is-layout-grid wp-container-core-group-is-layout-9649a0d9 wp-block-group-is-layout-grid\">\n<p class=\"has-text-align-center\"><a href=\"https:\/\/edenalvor.com\/pt-pt\/booking\/massagem-indiana-a-cabeca\/\"><strong>Massagem Indiana \u00e0 Cabe\u00e7a<\/strong><\/a><\/p>\n\n\n\n<p class=\"has-text-align-center\">30 min.<\/p>\n\n\n\n<p class=\"has-text-align-center\">40 \u20ac<\/p>\n\n\n\n<p class=\"has-text-align-center\">Massagem com movimentos focados no couro cabeludo e no pesco\u00e7o.<\/p>\n<\/div>\n\n\n\n<hr class=\"wp-block-separator has-alpha-channel-opacity\"\/>\n\n\n\n<div class=\"wp-block-group is-layout-grid wp-container-core-group-is-layout-9649a0d9 wp-block-group-is-layout-grid\">\n<p class=\"has-text-align-center\"><a href=\"https:\/\/edenalvor.com\/pt-pt\/booking\/massagem-para-golfistas\/\"><strong>Massagem para Golfistas<\/strong><\/a><\/p>\n\n\n\n<p class=\"has-text-align-center\">30 min.<\/p>\n\n\n\n<p class=\"has-text-align-center\">45 \u20ac<\/p>\n\n\n\n<p class=\"has-text-align-center\">Massagem localizada, espec\u00edfica para aliviar tens\u00f5es do golfe.<\/p>\n<\/div>\n\n\n\n<hr class=\"wp-block-separator has-alpha-channel-opacity\"\/>\n\n\n\n<div class=\"wp-block-group is-layout-grid wp-container-core-group-is-layout-9649a0d9 wp-block-group-is-layout-grid\">\n<p class=\"has-text-align-center\"><a href=\"https:\/\/edenalvor.com\/pt-pt\/booking\/massagem-de-corpo-inteiro-para-casais\/\"><strong>Massagem de Corpo Inteiro para Casal<\/strong><\/a><\/p>\n\n\n\n<p class=\"has-text-align-center\">1h<\/p>\n\n\n\n<p class=\"has-text-align-center\">110 \u20ac<\/p>\n\n\n\n<p class=\"has-text-align-center\">Desfruta em conjunto dos benef\u00edcios terap\u00eauticos da massagem.<\/p>\n<\/div>\n\n\n\n<hr class=\"wp-block-separator has-alpha-channel-opacity\"\/>\n\n\n\n<div class=\"wp-block-group is-layout-grid wp-container-core-group-is-layout-9649a0d9 wp-block-group-is-layout-grid\">\n<p class=\"has-text-align-center\"><a href=\"https:\/\/edenalvor.com\/pt-pt\/booking\/massagem-corporal-completa-para-casal\/\"><strong>Massagem Deep Tissue de Corpo Inteiro para Casal<\/strong><\/a><\/p>\n\n\n\n<p class=\"has-text-align-center\">1h<\/p>\n\n\n\n<p class=\"has-text-align-center\">120 \u20ac<\/p>\n\n\n\n<p class=\"has-text-align-center wp-container-content-69bc4bdf\">Desfruta em conjunto dos benef\u00edcios terap\u00eauticos da massagem deep tissue.<\/p>\n<\/div>\n\n\n\n<hr class=\"wp-block-separator has-alpha-channel-opacity\"\/>\n\n\n\n<h3 class=\"wp-block-heading\">Tratamentos de Beleza<\/h3>\n\n\n\n<div class=\"wp-block-group is-layout-grid wp-container-core-group-is-layout-9649a0d9 wp-block-group-is-layout-grid\">\n<p class=\"has-text-align-center\"><a href=\"https:\/\/edenalvor.com\/pt-pt\/booking\/tratamento-facial-thalgo-source-marine\/\"><strong>Facial Thalgo Source Marine<\/strong><\/a><\/p>\n\n\n\n<p class=\"has-text-align-center\">1h<\/p>\n\n\n\n<p class=\"has-text-align-center\">65 \u20ac<\/p>\n\n\n\n<p class=\"has-text-align-center\">Os faciais Thalgo revitalizam, hidratam e alisam visivelmente a pele.<\/p>\n<\/div>\n\n\n\n<hr class=\"wp-block-separator has-alpha-channel-opacity\"\/>\n\n\n\n<div class=\"wp-block-group is-layout-grid wp-container-core-group-is-layout-9649a0d9 wp-block-group-is-layout-grid\">\n<p class=\"has-text-align-center\"><a href=\"https:\/\/edenalvor.com\/pt-pt\/booking\/tratamento-facial-anti-envelhecimento-thalgo\/\"><strong>Facial Thalgo Anti-Idade<\/strong><\/a><\/p>\n\n\n\n<p class=\"has-text-align-center\">1h<\/p>\n\n\n\n<p class=\"has-text-align-center\">85 \u20ac<\/p>\n\n\n\n<p class=\"has-text-align-center\">Concebido para atuar sobre os principais sinais de envelhecimento&#8230;<\/p>\n<\/div>\n\n\n\n<hr class=\"wp-block-separator has-alpha-channel-opacity\"\/>\n\n\n\n<div class=\"wp-block-group is-layout-grid wp-container-core-group-is-layout-9649a0d9 wp-block-group-is-layout-grid\">\n<p class=\"has-text-align-center\"><a href=\"https:\/\/edenalvor.com\/pt-pt\/booking\/manicure-normal\/\"><strong>Manicure Normal<\/strong><\/a><\/p>\n\n\n\n<p class=\"has-text-align-center\">~60 min.<\/p>\n\n\n\n<p class=\"has-text-align-center\">30 \u20ac<\/p>\n\n\n\n<p class=\"has-text-align-center\"><\/p>\n<\/div>\n\n\n\n<hr class=\"wp-block-separator has-alpha-channel-opacity\"\/>\n\n\n\n<div class=\"wp-block-group is-layout-grid wp-container-core-group-is-layout-9649a0d9 wp-block-group-is-layout-grid\">\n<p class=\"has-text-align-center\"><a href=\"https:\/\/edenalvor.com\/pt-pt\/booking\/manicure-com-verniz-gel\/\"><strong>Manicure Shellac<\/strong><\/a><\/p>\n\n\n\n<p class=\"has-text-align-center\">~60 min.<\/p>\n\n\n\n<p class=\"has-text-align-center\">40 \u20ac<\/p>\n\n\n\n<p class=\"has-text-align-center\"><\/p>\n<\/div>\n\n\n\n<hr class=\"wp-block-separator has-alpha-channel-opacity\"\/>\n\n\n\n<div class=\"wp-block-group is-layout-grid wp-container-core-group-is-layout-9649a0d9 wp-block-group-is-layout-grid\">\n<p class=\"has-text-align-center\"><a href=\"https:\/\/edenalvor.com\/pt-pt\/booking\/pedicure-normal\/\"><strong>Pedicure Normal<\/strong><\/a><\/p>\n\n\n\n<p class=\"has-text-align-center\">~1h<\/p>\n\n\n\n<p class=\"has-text-align-center\">35 \u20ac<\/p>\n\n\n\n<p class=\"has-text-align-center\"><\/p>\n<\/div>\n\n\n\n<hr class=\"wp-block-separator has-alpha-channel-opacity\"\/>\n\n\n\n<div class=\"wp-block-group is-layout-grid wp-container-core-group-is-layout-9649a0d9 wp-block-group-is-layout-grid\">\n<p class=\"has-text-align-center\"><a href=\"https:\/\/edenalvor.com\/pt-pt\/booking\/pedicure-com-verniz-gel\/\"><strong>Pedicure Shellac<\/strong><\/a><\/p>\n\n\n\n<p class=\"has-text-align-center\">~1h<\/p>\n\n\n\n<p class=\"has-text-align-center\">40 \u20ac<\/p>\n\n\n\n<p class=\"has-text-align-center\"><\/p>\n<\/div>\n\n\n\n<hr class=\"wp-block-separator has-alpha-channel-opacity\"\/>\n\n\n\n<div class=\"wp-block-group is-layout-grid wp-container-core-group-is-layout-9649a0d9 wp-block-group-is-layout-grid\">\n<p class=\"has-text-align-center\"><a href=\"https:\/\/edenalvor.com\/pt-pt\/booking\/reflexologia-podal\/\"><strong>Reflexologia dos P\u00e9s<\/strong><\/a><\/p>\n\n\n\n<p class=\"has-text-align-center\">30 min.<\/p>\n\n\n\n<p class=\"has-text-align-center\">40 \u20ac<\/p>\n\n\n\n<p class=\"has-text-align-center\"><\/p>\n<\/div>\n\n\n\n<hr class=\"wp-block-separator has-alpha-channel-opacity\"\/>\n\n\n\n<h3 class=\"wp-block-heading\">Yoga<\/h3>\n\n\n\n<div class=\"wp-block-group is-layout-grid wp-container-core-group-is-layout-9649a0d9 wp-block-group-is-layout-grid\">\n<p class=\"has-text-align-center\"><a href=\"https:\/\/edenalvor.com\/pt-pt\/booking\/yoga-de-sabado-de-manha\/\"><strong>Yoga de Manh\u00e3 \u00e0 Quarta-feira &amp; S\u00e1bado<\/strong><\/a><\/p>\n\n\n\n<p class=\"has-text-align-center\">~1h<\/p>\n\n\n\n<p class=\"has-text-align-center\">6 \u20ac<\/p>\n\n\n\n<p class=\"has-text-align-center\">Reconecta-te, relaxa e recarrega energias no nosso ambiente tropical tranquilo.<\/p>\n<\/div>\n\n\n\n<hr class=\"wp-block-separator has-alpha-channel-opacity\"\/>\n\n\n\n<div class=\"wp-block-group is-layout-grid wp-container-core-group-is-layout-9649a0d9 wp-block-group-is-layout-grid\">\n<p class=\"has-text-align-center\"><a href=\"https:\/\/edenalvor.com\/pt-pt\/booking\/yoga-meio-dia-de-spa\/\"><strong>Yoga &amp; Spa de Meio Dia<\/strong><\/a><\/p>\n\n\n\n<p class=\"has-text-align-center\">~5h<\/p>\n\n\n\n<p class=\"has-text-align-center\">24 \u20ac<\/p>\n\n\n\n<p class=\"has-text-align-center\">Uma hora de Yoga e meio dia de relaxamento no Spa (incl. espregui\u00e7adeira).<\/p>\n<\/div>\n\n\n\n<hr class=\"wp-block-separator has-alpha-channel-opacity\"\/>\n\n\n\n<div class=\"wp-block-group is-layout-grid wp-container-core-group-is-layout-9649a0d9 wp-block-group-is-layout-grid\">\n<p class=\"has-text-align-center\"><a href=\"https:\/\/edenalvor.com\/pt-pt\/booking\/yoga-e-uma-hora-de-spa\/\"><strong>Yoga &amp; Spa de Uma Hora<\/strong><\/a><\/p>\n\n\n\n<p class=\"has-text-align-center\">~2h<\/p>\n\n\n\n<p class=\"has-text-align-center\">11 \u20ac<\/p>\n\n\n\n<p class=\"has-text-align-center\">Uma hora de Yoga e uma hora de relaxamento no Spa.<\/p>\n<\/div>\n\n\n\n<hr class=\"wp-block-separator has-alpha-channel-opacity\"\/>\n\n\n\n<h3 class=\"wp-block-heading\">Ades\u00e3o<\/h3>\n\n\n\n<div class=\"wp-block-group is-layout-grid wp-container-core-group-is-layout-9649a0d9 wp-block-group-is-layout-grid\">\n<p class=\"has-text-align-center\"><a href=\"https:\/\/edenalvor.com\/pt-pt\/booking\/adesao-eden\/\"><strong>Ades\u00e3o Eden<\/strong><\/a><\/p>\n\n\n\n<p class=\"has-text-align-center\">pre\u00e7o por ano<\/p>\n\n\n\n<p class=\"has-text-align-center\">a partir de 45 \u20ac<\/p>\n\n\n\n<p class=\"has-text-align-center\">Inclui vantagens como mini golfe ilimitado, acesso ao spa e experi\u00eancias gastron\u00f3micas gratuitas.<\/p>\n<\/div>\n\n\n\n<hr class=\"wp-block-separator has-alpha-channel-opacity\"\/>\n\n\n\n<h3 class=\"wp-block-heading\">Voucher<\/h3>\n\n\n\n<div class=\"wp-block-group is-layout-grid wp-container-core-group-is-layout-9649a0d9 wp-block-group-is-layout-grid\">\n<p class=\"has-text-align-center\"><a href=\"https:\/\/edenalvor.com\/pt-pt\/booking\/vale-presente-eden\/\"><strong>Voucher Oferta Eden<\/strong><\/a><\/p>\n\n\n\n<p class=\"has-text-align-center\">utiliza\u00e7\u00e3o \u00fanica<\/p>\n\n\n\n<p class=\"has-text-align-center\">m\u00edn. 10 \u20ac <\/p>\n\n\n\n<p class=\"has-text-align-center\">Surpreende algu\u00e9m especial com um Voucher Oferta Eden, perfeito para anivers\u00e1rios, datas especiais, \u00e9pocas festivas ou simplesmente para dizer obrigado.<\/p>\n<\/div>\n","protected":false},"excerpt":{"rendered":"<p>Mini Golfe S\u00f3 Mini Golfe ~1h adulto 13 \u20ac, crian\u00e7a 8 \u20ac Menores de 5 anos jogam gr\u00e1tis. Mini Golfe + Pack Bebida Mini Golfe ~1h adulto 20 \u20ac, crian\u00e7a 15 \u20ac Inclui 2 bebidas (cerveja, vinho ou refrigerante). Mini Golfe + Pack Pequeno-almo\u00e7o Mini Golfe ~1h adulto 22 \u20ac, crian\u00e7a 17 \u20ac Pequeno-almo\u00e7o ingl\u00eas [&hellip;]<\/p>\n","protected":false},"author":1,"featured_media":0,"parent":0,"menu_order":0,"comment_status":"closed","ping_status":"closed","template":"","meta":{"_piecal_is_event":false,"_piecal_start_date":"","_piecal_end_date":"","_piecal_is_allday":false,"footnotes":""},"class_list":["post-9559","page","type-page","status-publish","hentry"],"_links":{"self":[{"href":"https:\/\/edenalvor.com\/pt-pt\/wp-json\/wp\/v2\/pages\/9559","targetHints":{"allow":["GET"]}}],"collection":[{"href":"https:\/\/edenalvor.com\/pt-pt\/wp-json\/wp\/v2\/pages"}],"about":[{"href":"https:\/\/edenalvor.com\/pt-pt\/wp-json\/wp\/v2\/types\/page"}],"author":[{"embeddable":true,"href":"https:\/\/edenalvor.com\/pt-pt\/wp-json\/wp\/v2\/users\/1"}],"replies":[{"embeddable":true,"href":"https:\/\/edenalvor.com\/pt-pt\/wp-json\/wp\/v2\/comments?post=9559"}],"version-history":[{"count":5,"href":"https:\/\/edenalvor.com\/pt-pt\/wp-json\/wp\/v2\/pages\/9559\/revisions"}],"predecessor-version":[{"id":20075,"href":"https:\/\/edenalvor.com\/pt-pt\/wp-json\/wp\/v2\/pages\/9559\/revisions\/20075"}],"wp:attachment":[{"href":"https:\/\/edenalvor.com\/pt-pt\/wp-json\/wp\/v2\/media?parent=9559"}],"curies":[{"name":"wp","href":"https:\/\/api.w.org\/{rel}","templated":true}]}}