{"id":9565,"date":"2025-06-17T20:51:02","date_gmt":"2025-06-17T19:51:02","guid":{"rendered":"https:\/\/edenalvor.com\/inicio\/"},"modified":"2026-02-18T10:51:58","modified_gmt":"2026-02-18T10:51:58","slug":"inicio","status":"publish","type":"page","link":"https:\/\/edenalvor.com\/pt-pt\/","title":{"rendered":"In\u00edcio"},"content":{"rendered":"<form role=\"search\" method=\"get\" action=\"https:\/\/edenalvor.com\/pt-pt\/\" class=\"wp-block-search__no-button wp-block-search\"    ><label class=\"wp-block-search__label screen-reader-text\" for=\"wp-block-search__input-1\" >Pesquisar<\/label><div class=\"wp-block-search__inside-wrapper\"  style=\"width: 100%\"><input class=\"wp-block-search__input\" id=\"wp-block-search__input-1\" placeholder=\"Procurar experi\u00eancias...\" value=\"\" type=\"search\" name=\"s\" required \/><input type=\"hidden\" name=\"post_type\" value=\"product\" \/><\/div><\/form>\n<div class=\"wp-block-columns home-main-cat is-layout-flex wp-container-core-columns-is-layout-9d6595d7 wp-block-columns-is-layout-flex\">\n<div class=\"wp-block-column home-main-cat-col is-layout-flow wp-block-column-is-layout-flow\">\n<figure class=\"wp-block-image size-full\"><a href=\"https:\/\/edenalvor.com\/pt-pt\/mini-golfe\/\"><img loading=\"lazy\" decoding=\"async\" width=\"400\" height=\"400\" src=\"https:\/\/edenalvor.com\/wp-content\/uploads\/2026\/02\/eden-mini-golf-1200-400x400-1.jpg\" alt=\"\" class=\"wp-image-19049\" srcset=\"https:\/\/edenalvor.com\/wp-content\/uploads\/2026\/02\/eden-mini-golf-1200-400x400-1.jpg 400w, https:\/\/edenalvor.com\/wp-content\/uploads\/2026\/02\/eden-mini-golf-1200-400x400-1-300x300.jpg 300w, https:\/\/edenalvor.com\/wp-content\/uploads\/2026\/02\/eden-mini-golf-1200-400x400-1-150x150.jpg 150w, https:\/\/edenalvor.com\/wp-content\/uploads\/2026\/02\/eden-mini-golf-1200-400x400-1-100x100.jpg 100w\" sizes=\"auto, (max-width: 400px) 100vw, 400px\" \/><\/a><\/figure>\n\n\n\n<p class=\"has-text-align-center\"><a href=\"https:\/\/edenalvor.com\/pt-pt\/mini-golfe\/\" data-type=\"link\" data-id=\"https:\/\/edenalvor.com\/pt-pt\/mini-golfe\/\" class=\"button\">Mini Golfe<\/a><\/p>\n<\/div>\n\n\n\n<div class=\"wp-block-column home-main-cat-col is-layout-flow wp-block-column-is-layout-flow\">\n<figure class=\"wp-block-image size-full\"><a href=\"https:\/\/edenalvor.com\/pt-pt\/spa-massagens-beleza\/\"><img loading=\"lazy\" decoding=\"async\" width=\"400\" height=\"400\" src=\"https:\/\/edenalvor.com\/wp-content\/uploads\/2026\/02\/eden-spa-alvor-pool-400x400-1.jpg\" alt=\"\" class=\"wp-image-19050\" srcset=\"https:\/\/edenalvor.com\/wp-content\/uploads\/2026\/02\/eden-spa-alvor-pool-400x400-1.jpg 400w, https:\/\/edenalvor.com\/wp-content\/uploads\/2026\/02\/eden-spa-alvor-pool-400x400-1-300x300.jpg 300w, https:\/\/edenalvor.com\/wp-content\/uploads\/2026\/02\/eden-spa-alvor-pool-400x400-1-150x150.jpg 150w, https:\/\/edenalvor.com\/wp-content\/uploads\/2026\/02\/eden-spa-alvor-pool-400x400-1-100x100.jpg 100w\" sizes=\"auto, (max-width: 400px) 100vw, 400px\" \/><\/a><\/figure>\n\n\n\n<p class=\"has-text-align-center\"><a href=\"https:\/\/edenalvor.com\/pt-pt\/spa-massagens-beleza\/\" data-type=\"link\" data-id=\"https:\/\/edenalvor.com\/pt-pt\/spa-massagens-beleza\/\" class=\"button\">Piscina &amp; Spa<\/a><\/p>\n<\/div>\n\n\n\n<div class=\"wp-block-column home-main-cat-col is-layout-flow wp-block-column-is-layout-flow\">\n<figure class=\"wp-block-image size-full\"><a href=\"https:\/\/edenalvor.com\/pt-pt\/restaurante\/\"><img loading=\"lazy\" decoding=\"async\" width=\"400\" height=\"400\" src=\"https:\/\/edenalvor.com\/wp-content\/uploads\/2026\/02\/eden-spa-restaurant-400x400-1.jpg\" alt=\"\" class=\"wp-image-19051\" srcset=\"https:\/\/edenalvor.com\/wp-content\/uploads\/2026\/02\/eden-spa-restaurant-400x400-1.jpg 400w, https:\/\/edenalvor.com\/wp-content\/uploads\/2026\/02\/eden-spa-restaurant-400x400-1-300x300.jpg 300w, https:\/\/edenalvor.com\/wp-content\/uploads\/2026\/02\/eden-spa-restaurant-400x400-1-150x150.jpg 150w, https:\/\/edenalvor.com\/wp-content\/uploads\/2026\/02\/eden-spa-restaurant-400x400-1-100x100.jpg 100w\" sizes=\"auto, (max-width: 400px) 100vw, 400px\" \/><\/a><\/figure>\n\n\n\n<p class=\"has-text-align-center\"><a href=\"https:\/\/edenalvor.com\/pt-pt\/restaurante\/\" class=\"button\">Restaurante<\/a><\/p>\n<\/div>\n\n\n\n<div class=\"wp-block-column home-main-cat-col is-layout-flow wp-block-column-is-layout-flow\">\n<figure class=\"wp-block-image size-full\"><a href=\"https:\/\/edenalvor.com\/pt-pt\/sala-de-simulador\/\"><img loading=\"lazy\" decoding=\"async\" width=\"400\" height=\"400\" src=\"https:\/\/edenalvor.com\/wp-content\/uploads\/2026\/02\/simulator-room-1200x900-1-400x400-1.png\" alt=\"\" class=\"wp-image-19052\" srcset=\"https:\/\/edenalvor.com\/wp-content\/uploads\/2026\/02\/simulator-room-1200x900-1-400x400-1.png 400w, https:\/\/edenalvor.com\/wp-content\/uploads\/2026\/02\/simulator-room-1200x900-1-400x400-1-300x300.png 300w, https:\/\/edenalvor.com\/wp-content\/uploads\/2026\/02\/simulator-room-1200x900-1-400x400-1-150x150.png 150w, https:\/\/edenalvor.com\/wp-content\/uploads\/2026\/02\/simulator-room-1200x900-1-400x400-1-100x100.png 100w\" sizes=\"auto, (max-width: 400px) 100vw, 400px\" \/><\/a><\/figure>\n\n\n\n<p class=\"has-text-align-center\"><a href=\"https:\/\/edenalvor.com\/pt-pt\/sala-de-simulador\/\" class=\"button\">Simulador<\/a><\/p>\n<\/div>\n<\/div>\n\n<div class=\"wp-block-columns specialbox is-layout-flex wp-container-core-columns-is-layout-9d6595d7 wp-block-columns-is-layout-flex\">\n<div class=\"wp-block-column is-layout-flow wp-block-column-is-layout-flow\" style=\"flex-basis:50%\">\n<figure class=\"wp-block-gallery has-nested-images columns-default wp-block-gallery-2 is-layout-flex wp-block-gallery-is-layout-flex\">\n<figure class=\"wp-block-image size-full is-style-default img-radius\"><img loading=\"lazy\" decoding=\"async\" width=\"600\" height=\"400\" data-id=\"18643\" src=\"https:\/\/edenalvor.com\/wp-content\/uploads\/2026\/01\/plan-holiday-2.jpg\" alt=\"\" class=\"wp-image-18643\" srcset=\"https:\/\/edenalvor.com\/wp-content\/uploads\/2026\/01\/plan-holiday-2.jpg 600w, https:\/\/edenalvor.com\/wp-content\/uploads\/2026\/01\/plan-holiday-2-300x200.jpg 300w\" sizes=\"auto, (max-width: 600px) 100vw, 600px\" \/><\/figure>\n<\/figure>\n<\/div>\n\n\n\n<div class=\"wp-block-column is-vertically-aligned-center is-layout-flow wp-block-column-is-layout-flow\" style=\"flex-basis:50%\">\n<h1 style=\"text-align: center;\"><strong>Planeie as Suas F\u00e9rias<\/strong><\/h1>\n<h3 style=\"text-align: center;\">Pr\u00e9-reserve mini golfe, visitas ao restaurante ou dias relaxantes no nosso spa para a dura\u00e7\u00e3o das suas f\u00e9rias com um clique.<\/h3>\n\n\n\n<div class=\"wp-block-buttons is-content-justification-center is-layout-flex wp-container-core-buttons-is-layout-16018d1d wp-block-buttons-is-layout-flex\">\n<div class=\"wp-block-button is-style-fill\"><a class=\"wp-block-button__link has-white-color has-black-background-color has-text-color has-background has-link-color wp-element-button\" href=\"\/pt-pt\/shop\/\">Experi\u00eancias<\/a><\/div>\n<\/div>\n<\/div>\n<\/div>\n\n<div class=\"wp-block-columns specialbox is-layout-flex wp-container-core-columns-is-layout-9d6595d7 wp-block-columns-is-layout-flex\">\n<div class=\"wp-block-column is-layout-flow wp-block-column-is-layout-flow\" style=\"flex-basis:50%\">\n<figure class=\"wp-block-gallery has-nested-images columns-default wp-block-gallery-3 is-layout-flex wp-block-gallery-is-layout-flex\">\n<figure class=\"wp-block-image size-full is-style-default img-radius\"><img loading=\"lazy\" decoding=\"async\" width=\"600\" height=\"400\" data-id=\"18780\" src=\"https:\/\/edenalvor.com\/wp-content\/uploads\/2026\/01\/eden-alvor-wedding.jpg\" alt=\"\" class=\"wp-image-18780\" srcset=\"https:\/\/edenalvor.com\/wp-content\/uploads\/2026\/01\/eden-alvor-wedding.jpg 600w, https:\/\/edenalvor.com\/wp-content\/uploads\/2026\/01\/eden-alvor-wedding-300x200.jpg 300w\" sizes=\"auto, (max-width: 600px) 100vw, 600px\" \/><\/figure>\n<\/figure>\n<\/div>\n\n\n\n<div class=\"wp-block-column is-vertically-aligned-center is-layout-flow wp-block-column-is-layout-flow\" style=\"flex-basis:50%\">\n<h1 style=\"text-align: center;\"><strong>Casamentos Perfeitos no Eden Alvor<\/strong><\/h1>\n<h3 style=\"text-align: center;\">Oferecemos um ambiente sereno para a sua celebra\u00e7\u00e3o, rodeado por deslumbrantes jardins tropicais.<\/h3>\n<\/p>\n\n\n\n<div class=\"wp-block-buttons is-content-justification-center is-layout-flex wp-container-core-buttons-is-layout-16018d1d wp-block-buttons-is-layout-flex\">\n<div class=\"wp-block-button is-style-fill\"><a class=\"wp-block-button__link has-white-color has-black-background-color has-text-color has-background has-link-color wp-element-button\" href=\"https:\/\/wedding.edenalvor.com\/pt\" target=\"_blank\" rel=\"noreferrer noopener\">Saiba mais<\/a><\/div>\n<\/div>\n<\/div>\n<\/div>\n\n<div class=\"wp-block-columns specialbox is-layout-flex wp-container-core-columns-is-layout-9d6595d7 wp-block-columns-is-layout-flex\">\n<div class=\"wp-block-column is-layout-flow wp-block-column-is-layout-flow\" style=\"flex-basis:50%\">\n<figure class=\"wp-block-gallery has-nested-images columns-default wp-block-gallery-4 is-layout-flex wp-block-gallery-is-layout-flex\">\n<figure class=\"wp-block-image size-full is-style-default img-radius\"><img loading=\"lazy\" decoding=\"async\" width=\"600\" height=\"400\" data-id=\"5702\" src=\"https:\/\/edenalvor.com\/wp-content\/uploads\/2025\/09\/become-an-affiliate.jpg\" alt=\"\" class=\"wp-image-5702\" srcset=\"https:\/\/edenalvor.com\/wp-content\/uploads\/2025\/09\/become-an-affiliate.jpg 600w, https:\/\/edenalvor.com\/wp-content\/uploads\/2025\/09\/become-an-affiliate-300x200.jpg 300w\" sizes=\"auto, (max-width: 600px) 100vw, 600px\" \/><\/figure>\n<\/figure>\n<\/div>\n\n\n\n<div class=\"wp-block-column is-vertically-aligned-center is-layout-flow wp-block-column-is-layout-flow\" style=\"flex-basis:50%\">\n<h1 style=\"text-align: center;\"><strong>Ganhe com o Eden Alvor!<\/strong><\/h1>\n<h3 style=\"text-align: center;\">Promova o nosso spa, mini golfe, simulador de golfe e experi\u00eancias gastron\u00f3micas.<br>Adira hoje ao nosso programa de afiliados.<\/h3>\n<p>&nbsp;<\/p>\n\n\n\n<div class=\"wp-block-buttons is-content-justification-center is-layout-flex wp-container-core-buttons-is-layout-16018d1d wp-block-buttons-is-layout-flex\">\n<div class=\"wp-block-button is-style-fill\"><a class=\"wp-block-button__link has-white-color has-black-background-color has-text-color has-background has-link-color wp-element-button\" href=\"https:\/\/edenalvor.com\/pt-pt\/junte-se-a-rede-de-parceiros-do-eden-alvor\/\">Comece agora<\/a><\/div>\n<\/div>\n<\/div>\n<\/div>\n<ul class=\"wp-block-latest-posts__list is-grid columns-3 aligncenter wp-block-latest-posts\"><li><div class=\"wp-block-latest-posts__featured-image aligncenter\"><a href=\"https:\/\/edenalvor.com\/pt-pt\/roteiro-de-1-dia-em-alvor-como-passar-o-dia-perfeito\/\" aria-label=\"Roteiro de 1 dia em Alvor: como passar o dia perfeito\"><img loading=\"lazy\" decoding=\"async\" width=\"980\" height=\"515\" src=\"https:\/\/edenalvor.com\/wp-content\/uploads\/2026\/04\/1-Day-in-Alvor-The-Perfect-Itinerary-1024x538.png\" class=\"attachment-large size-large wp-post-image\" alt=\"1 dia em Alvor: o roteiro perfeito\" style=\"\" srcset=\"https:\/\/edenalvor.com\/wp-content\/uploads\/2026\/04\/1-Day-in-Alvor-The-Perfect-Itinerary-1024x538.png 1024w, https:\/\/edenalvor.com\/wp-content\/uploads\/2026\/04\/1-Day-in-Alvor-The-Perfect-Itinerary-300x158.png 300w, https:\/\/edenalvor.com\/wp-content\/uploads\/2026\/04\/1-Day-in-Alvor-The-Perfect-Itinerary-768x403.png 768w, https:\/\/edenalvor.com\/wp-content\/uploads\/2026\/04\/1-Day-in-Alvor-The-Perfect-Itinerary-800x420.png 800w, https:\/\/edenalvor.com\/wp-content\/uploads\/2026\/04\/1-Day-in-Alvor-The-Perfect-Itinerary.png 1200w\" sizes=\"auto, (max-width: 980px) 100vw, 980px\" \/><\/a><\/div><a class=\"wp-block-latest-posts__post-title\" href=\"https:\/\/edenalvor.com\/pt-pt\/roteiro-de-1-dia-em-alvor-como-passar-o-dia-perfeito\/\">Roteiro de 1 dia em Alvor: como passar o dia perfeito<\/a><\/li>\n<li><div class=\"wp-block-latest-posts__featured-image aligncenter\"><a href=\"https:\/\/edenalvor.com\/pt-pt\/o-que-fazer-em-alvor-um-guia-para-visitantes\/\" aria-label=\"O que fazer em Alvor: Um guia para visitantes\"><img loading=\"lazy\" decoding=\"async\" width=\"980\" height=\"515\" src=\"https:\/\/edenalvor.com\/wp-content\/uploads\/2026\/03\/O-que-fazer-em-Alvor-Guia-para-visitantes-1024x538.png\" class=\"attachment-large size-large wp-post-image\" alt=\"O que fazer em Alvor Guia para visitantes\" style=\"\" srcset=\"https:\/\/edenalvor.com\/wp-content\/uploads\/2026\/03\/O-que-fazer-em-Alvor-Guia-para-visitantes-1024x538.png 1024w, https:\/\/edenalvor.com\/wp-content\/uploads\/2026\/03\/O-que-fazer-em-Alvor-Guia-para-visitantes-300x158.png 300w, https:\/\/edenalvor.com\/wp-content\/uploads\/2026\/03\/O-que-fazer-em-Alvor-Guia-para-visitantes-768x403.png 768w, https:\/\/edenalvor.com\/wp-content\/uploads\/2026\/03\/O-que-fazer-em-Alvor-Guia-para-visitantes-800x420.png 800w, https:\/\/edenalvor.com\/wp-content\/uploads\/2026\/03\/O-que-fazer-em-Alvor-Guia-para-visitantes.png 1200w\" sizes=\"auto, (max-width: 980px) 100vw, 980px\" \/><\/a><\/div><a class=\"wp-block-latest-posts__post-title\" href=\"https:\/\/edenalvor.com\/pt-pt\/o-que-fazer-em-alvor-um-guia-para-visitantes\/\">O que fazer em Alvor: Um guia para visitantes<\/a><\/li>\n<li><div class=\"wp-block-latest-posts__featured-image aligncenter\"><a href=\"https:\/\/edenalvor.com\/pt-pt\/entrevista-com-o-chef-filipe-do-restaurante-eden\/\" aria-label=\"Entrevista com o Chef Filipe do Restaurante Eden\"><img loading=\"lazy\" decoding=\"async\" width=\"980\" height=\"515\" src=\"https:\/\/edenalvor.com\/wp-content\/uploads\/2026\/01\/Conheca-chef-1024x538.png\" class=\"attachment-large size-large wp-post-image\" alt=\"\" style=\"\" srcset=\"https:\/\/edenalvor.com\/wp-content\/uploads\/2026\/01\/Conheca-chef-1024x538.png 1024w, https:\/\/edenalvor.com\/wp-content\/uploads\/2026\/01\/Conheca-chef-300x158.png 300w, https:\/\/edenalvor.com\/wp-content\/uploads\/2026\/01\/Conheca-chef-768x403.png 768w, https:\/\/edenalvor.com\/wp-content\/uploads\/2026\/01\/Conheca-chef-800x420.png 800w, https:\/\/edenalvor.com\/wp-content\/uploads\/2026\/01\/Conheca-chef.png 1200w\" sizes=\"auto, (max-width: 980px) 100vw, 980px\" \/><\/a><\/div><a class=\"wp-block-latest-posts__post-title\" href=\"https:\/\/edenalvor.com\/pt-pt\/entrevista-com-o-chef-filipe-do-restaurante-eden\/\">Entrevista com o Chef Filipe do Restaurante Eden<\/a><\/li>\n<\/ul>","protected":false},"excerpt":{"rendered":"<p>Mini Golfe Piscina &amp; Spa Restaurante Simulador Planeie as Suas F\u00e9rias Pr\u00e9-reserve mini golfe, visitas ao restaurante ou dias relaxantes no nosso spa para a dura\u00e7\u00e3o das suas f\u00e9rias com um clique. Casamentos Perfeitos no Eden Alvor Oferecemos um ambiente sereno para a sua celebra\u00e7\u00e3o, rodeado por deslumbrantes jardins tropicais. Ganhe com o Eden Alvor! [&hellip;]<\/p>\n","protected":false},"author":1,"featured_media":0,"parent":0,"menu_order":0,"comment_status":"closed","ping_status":"closed","template":"template-fullwidth.php","meta":{"_piecal_is_event":false,"_piecal_start_date":"","_piecal_end_date":"","_piecal_is_allday":false,"footnotes":""},"class_list":["post-9565","page","type-page","status-publish","hentry"],"_links":{"self":[{"href":"https:\/\/edenalvor.com\/pt-pt\/wp-json\/wp\/v2\/pages\/9565","targetHints":{"allow":["GET"]}}],"collection":[{"href":"https:\/\/edenalvor.com\/pt-pt\/wp-json\/wp\/v2\/pages"}],"about":[{"href":"https:\/\/edenalvor.com\/pt-pt\/wp-json\/wp\/v2\/types\/page"}],"author":[{"embeddable":true,"href":"https:\/\/edenalvor.com\/pt-pt\/wp-json\/wp\/v2\/users\/1"}],"replies":[{"embeddable":true,"href":"https:\/\/edenalvor.com\/pt-pt\/wp-json\/wp\/v2\/comments?post=9565"}],"version-history":[{"count":20,"href":"https:\/\/edenalvor.com\/pt-pt\/wp-json\/wp\/v2\/pages\/9565\/revisions"}],"predecessor-version":[{"id":19443,"href":"https:\/\/edenalvor.com\/pt-pt\/wp-json\/wp\/v2\/pages\/9565\/revisions\/19443"}],"wp:attachment":[{"href":"https:\/\/edenalvor.com\/pt-pt\/wp-json\/wp\/v2\/media?parent=9565"}],"curies":[{"name":"wp","href":"https:\/\/api.w.org\/{rel}","templated":true}]}}