{"id":11718,"date":"2025-07-22T11:39:48","date_gmt":"2025-07-22T10:39:48","guid":{"rendered":"https:\/\/edenalvor.com\/booking\/jantar-de-natal-gfg\/"},"modified":"2026-04-29T11:21:14","modified_gmt":"2026-04-29T10:21:14","slug":"jantar-de-natal-gfg","status":"publish","type":"product","link":"https:\/\/edenalvor.com\/pt-pt\/reserva\/jantar-de-natal-gfg\/","title":{"rendered":"Jantar de Natal GFG"},"content":{"rendered":"","protected":false},"excerpt":{"rendered":"<p><span style=\"font-weight: 400;\">Um jantar de Natal exclusivo para membros GFG e respetivas fam\u00edlias e amigos. Realizar-se-\u00e1 no dia 13 de dezembro a partir das 19h00. <\/span><\/p>\n<details class=\"wp-block-details has-small-font-size is-layout-flow wp-block-details-is-layout-flow\" style=\"font-style: normal; font-weight: bold; text-decoration: none;\">\n<summary>Menu de Jantar de 4 Pratos \u2013 33 \u20ac por pessoa<\/summary>\n<div class=\"wp-block-spacer\" style=\"height: 20px;\" aria-hidden=\"true\"><\/div>\n<p style=\"padding-left: 40px;\"><u>Couvert<\/u><br \/>\nP\u00e3o, manteigas aromatizadas, azeite infusionado, pasta de azeitona<\/p>\n<p style=\"padding-left: 40px;\"><u>Entrada<\/u><br \/>\nCamar\u00e3o frito<\/p>\n<p style=\"padding-left: 40px;\"><u>Prato Principal<\/u><br \/>\nBife do lombo com pur\u00e9 de batata, br\u00f3colos e molho<br \/>\nou<br \/>\nBacalhau com xer\u00e9m de am\u00eaijoas e couve-flor romanesco<\/p>\n<p style=\"padding-left: 40px;\"><u>Op\u00e7\u00e3o Vegetariana<\/u><br \/>\nRisoto de legumes com a\u00e7afr\u00e3o e am\u00eandoas tostadas<\/p>\n<p style=\"padding-left: 40px;\"><u>Sobremesa<\/u><br \/>\nTarte de am\u00eandoa com gelado de pist\u00e1cio<\/p>\n<\/details>\n<div class=\"wp-block-spacer\" style=\"height: 20px;\" aria-hidden=\"true\"><\/div>\n<p><u>Pacote de Bebidas B\u00e1sico:<\/u> Cerveja de press\u00e3o, refrigerantes, \u00e1gua e vinhos selecionados ilimitados. Pre\u00e7o: 9 \u20ac por pessoa <\/p>\n<p><u>Pacote de Bebidas Premium:<\/u> Vinhos premium ilimitados, refrigerantes ilimitados, cerveja engarrafada ilimitada, 1 copo de brandy ou whisky, e caf\u00e9 ou ch\u00e1 ilimitados. Pre\u00e7o: 18 \u20ac por pessoa <\/p>\n<p>Em alternativa, os convidados podem pedir do menu com um desconto de 10%.<\/p>\n<p>Nota: Para mais de 12 pessoas, por favor <a class=\"orange\" href=\"https:\/\/edenalvor.com\/pt-pt\/contacte-nos\/\">contacte-nos<\/a>.<\/p>\n","protected":false},"featured_media":6743,"comment_status":"open","ping_status":"closed","template":"","meta":{"_piecal_is_event":false,"_piecal_start_date":"","_piecal_end_date":"","_piecal_is_allday":false},"product_brand":[],"product_cat":[70],"product_tag":[],"class_list":{"0":"post-11718","1":"product","2":"type-product","3":"status-publish","4":"has-post-thumbnail","6":"product_cat-restaurante","8":"first","9":"instock","10":"virtual","11":"sold-individually","12":"purchasable","13":"product-type-booking"},"bundled_by":[],"bundle_stock_status":"instock","bundle_stock_quantity":null,"bundle_virtual":false,"bundle_layout":"","bundle_add_to_cart_form_location":"","bundle_editable_in_cart":false,"bundle_sold_individually_context":"","bundle_item_grouping":"","bundle_min_size":"","bundle_max_size":"","bundle_price":[],"bundled_items":[],"bundle_sell_ids":[],"group_of_quantity":0,"min_quantity":0,"max_quantity":"","exclude_order_quantity_value_rules":"no","exclude_category_quantity_rules":"no","combine_variations":"no","_links":{"self":[{"href":"https:\/\/edenalvor.com\/pt-pt\/wp-json\/wp\/v2\/product\/11718","targetHints":{"allow":["GET"]}}],"collection":[{"href":"https:\/\/edenalvor.com\/pt-pt\/wp-json\/wp\/v2\/product"}],"about":[{"href":"https:\/\/edenalvor.com\/pt-pt\/wp-json\/wp\/v2\/types\/product"}],"replies":[{"embeddable":true,"href":"https:\/\/edenalvor.com\/pt-pt\/wp-json\/wp\/v2\/comments?post=11718"}],"wp:featuredmedia":[{"embeddable":true,"href":"https:\/\/edenalvor.com\/pt-pt\/wp-json\/wp\/v2\/media\/6743"}],"wp:attachment":[{"href":"https:\/\/edenalvor.com\/pt-pt\/wp-json\/wp\/v2\/media?parent=11718"}],"wp:term":[{"taxonomy":"product_brand","embeddable":true,"href":"https:\/\/edenalvor.com\/pt-pt\/wp-json\/wp\/v2\/product_brand?post=11718"},{"taxonomy":"product_cat","embeddable":true,"href":"https:\/\/edenalvor.com\/pt-pt\/wp-json\/wp\/v2\/product_cat?post=11718"},{"taxonomy":"product_tag","embeddable":true,"href":"https:\/\/edenalvor.com\/pt-pt\/wp-json\/wp\/v2\/product_tag?post=11718"}],"curies":[{"name":"wp","href":"https:\/\/api.w.org\/{rel}","templated":true}]}}