{"id":14962,"date":"2025-07-13T15:15:45","date_gmt":"2025-07-13T14:15:45","guid":{"rendered":"https:\/\/edenalvor.com\/booking\/experiencias-de-rv\/"},"modified":"2026-04-10T11:45:04","modified_gmt":"2026-04-10T10:45:04","slug":"experiencias-de-rv","status":"publish","type":"product","link":"https:\/\/edenalvor.com\/pt-pt\/reserva\/experiencias-de-rv\/","title":{"rendered":"Experi\u00eancias VR"},"content":{"rendered":"","protected":false},"excerpt":{"rendered":"<p>Vive aventuras \u00fanicas em realidade virtual. Explora mundos incr\u00edveis, desafia-te em escape rooms virtuais e mergulha em experi\u00eancias imersivas sozinho ou com amigos. Sensa\u00e7\u00f5es que s\u00f3 a tecnologia pode proporcionar, em momentos inesquec\u00edveis.<\/p>\n<p><strong>Nota: 10 \u20ac\/30 min. ou 19 \u20ac\/60 min. <\/strong><\/p>\n","protected":false},"featured_media":14964,"comment_status":"open","ping_status":"closed","template":"","meta":{"_piecal_is_event":false,"_piecal_start_date":"","_piecal_end_date":"","_piecal_is_allday":false},"product_brand":[],"product_cat":[81],"product_tag":[],"class_list":{"0":"post-14962","1":"product","2":"type-product","3":"status-publish","4":"has-post-thumbnail","6":"product_cat-sala-do-simulador","8":"first","9":"instock","10":"virtual","11":"sold-individually","12":"purchasable","13":"product-type-booking"},"bundled_by":[],"bundle_stock_status":"instock","bundle_stock_quantity":null,"bundle_virtual":false,"bundle_layout":"","bundle_add_to_cart_form_location":"","bundle_editable_in_cart":false,"bundle_sold_individually_context":"","bundle_item_grouping":"","bundle_min_size":"","bundle_max_size":"","bundle_price":[],"bundled_items":[],"bundle_sell_ids":[],"group_of_quantity":0,"min_quantity":0,"max_quantity":"","exclude_order_quantity_value_rules":"no","exclude_category_quantity_rules":"no","combine_variations":"no","_links":{"self":[{"href":"https:\/\/edenalvor.com\/pt-pt\/wp-json\/wp\/v2\/product\/14962","targetHints":{"allow":["GET"]}}],"collection":[{"href":"https:\/\/edenalvor.com\/pt-pt\/wp-json\/wp\/v2\/product"}],"about":[{"href":"https:\/\/edenalvor.com\/pt-pt\/wp-json\/wp\/v2\/types\/product"}],"replies":[{"embeddable":true,"href":"https:\/\/edenalvor.com\/pt-pt\/wp-json\/wp\/v2\/comments?post=14962"}],"wp:featuredmedia":[{"embeddable":true,"href":"https:\/\/edenalvor.com\/pt-pt\/wp-json\/wp\/v2\/media\/14964"}],"wp:attachment":[{"href":"https:\/\/edenalvor.com\/pt-pt\/wp-json\/wp\/v2\/media?parent=14962"}],"wp:term":[{"taxonomy":"product_brand","embeddable":true,"href":"https:\/\/edenalvor.com\/pt-pt\/wp-json\/wp\/v2\/product_brand?post=14962"},{"taxonomy":"product_cat","embeddable":true,"href":"https:\/\/edenalvor.com\/pt-pt\/wp-json\/wp\/v2\/product_cat?post=14962"},{"taxonomy":"product_tag","embeddable":true,"href":"https:\/\/edenalvor.com\/pt-pt\/wp-json\/wp\/v2\/product_tag?post=14962"}],"curies":[{"name":"wp","href":"https:\/\/api.w.org\/{rel}","templated":true}]}}