{"id":21145,"date":"2026-04-24T12:08:45","date_gmt":"2026-04-24T11:08:45","guid":{"rendered":"https:\/\/edenalvor.com\/?post_type=product&#038;p=21145"},"modified":"2026-04-24T13:02:29","modified_gmt":"2026-04-24T12:02:29","slug":"experiencia-dia-mae-2026","status":"publish","type":"product","link":"https:\/\/edenalvor.com\/pt-pt\/reserva\/experiencia-dia-mae-2026\/","title":{"rendered":"Experi\u00eancia do Dia das M\u00e3es 2026"},"content":{"rendered":"","protected":false},"excerpt":{"rendered":"<p><span class=\"a_GcMg font-feature-liga-off font-feature-clig-off font-feature-calt-off text-decoration-none text-strikethrough-none\">Eden Alvor e BodhiFlow trazem uma experi\u00eancia \u00fanica para celebrar o Dia das M\u00e3es em 3 de maio de 2026.<\/span><\/p>\n<p>Uma escolha entre algumas ou todas as op\u00e7\u00f5es:<\/p>\n<ul>\n<li><strong>10:00 \u2013 11:00<\/strong> \u2192 Ioga<\/li>\n<li><strong>11:00 \u2013 11:20<\/strong> \u2192 Cura Sonora<\/li>\n<li><strong>11:20 \u2013 12:30<\/strong> \u2192 Acesso ao spa e \u00e0 piscina<\/li>\n<li><strong>12:30<\/strong> \u2192 Almo\u00e7o<\/li>\n<li>Minigolfe durante esse per\u00edodo<\/li>\n<\/ul>\n<details class=\"wp-block-details has-small-font-size is-layout-flow wp-block-details-is-layout-flow\" style=\"font-style: normal; font-weight: bold; text-decoration: none;\">\n<summary>Op\u00e7\u00e3o 1: Experi\u00eancia Essencial \u2013 \u20ac25 por pessoa<\/summary>\n<div class=\"wp-block-spacer\" style=\"height: 20px;\" aria-hidden=\"true\"><\/div>\n<p style=\"padding-left: 40px;\">Yoga + Cura Sonora<\/p>\n<p style=\"padding-left: 40px;\">Acesso ao Spa (Piscina, Sauna)<\/p>\n<\/details>\n<div class=\"wp-block-spacer\" style=\"height: 20px;\" aria-hidden=\"true\"><\/div>\n<details class=\"wp-block-details has-small-font-size is-layout-flow wp-block-details-is-layout-flow\" style=\"font-style: normal; font-weight: bold; text-decoration: none;\">\n<summary>Op\u00e7\u00e3o 2: Essencial + Almo\u00e7o \u2013 \u20ac45 por pessoa<\/summary>\n<div class=\"wp-block-spacer\" style=\"height: 20px;\" aria-hidden=\"true\"><\/div>\n<p style=\"padding-left: 40px;\">Yoga + Cura Sonora<\/p>\n<p style=\"padding-left: 40px;\">Acesso ao Spa (Piscina, Sauna)<\/p>\n<p style=\"padding-left: 40px;\">Almo\u00e7o<\/p>\n<\/details>\n<div class=\"wp-block-spacer\" style=\"height: 20px;\" aria-hidden=\"true\"><\/div>\n<details class=\"wp-block-details has-small-font-size is-layout-flow wp-block-details-is-layout-flow\" style=\"font-style: normal; font-weight: bold; text-decoration: none;\">\n<summary>Experi\u00eancia completa \u2013 \u20ac55 por pessoa<\/summary>\n<div class=\"wp-block-spacer\" style=\"height: 20px;\" aria-hidden=\"true\"><\/div>\n<p style=\"padding-left: 40px;\">Yoga + Cura Sonora<\/p>\n<p style=\"padding-left: 40px;\">Acesso ao Spa (Piscina, Sauna)<\/p>\n<p style=\"padding-left: 40px;\">Minigolfe<\/p>\n<p style=\"padding-left: 40px;\">Lunch<\/p>\n<\/details>\n<div class=\"wp-block-spacer\" style=\"height: 20px;\" aria-hidden=\"true\"><\/div>\n<p>&nbsp;<\/p>\n","protected":false},"featured_media":21151,"comment_status":"open","ping_status":"closed","template":"","meta":{"_piecal_is_event":false,"_piecal_start_date":"","_piecal_end_date":"","_piecal_is_allday":false},"product_brand":[],"product_cat":[73],"product_tag":[],"class_list":{"0":"post-21145","1":"product","2":"type-product","3":"status-publish","4":"has-post-thumbnail","6":"product_cat-oferta-especial","8":"first","9":"instock","10":"virtual","11":"sold-individually","12":"purchasable","13":"product-type-booking"},"bundled_by":[],"bundle_stock_status":"instock","bundle_stock_quantity":null,"bundle_virtual":false,"bundle_layout":"","bundle_add_to_cart_form_location":"","bundle_editable_in_cart":false,"bundle_sold_individually_context":"","bundle_item_grouping":"","bundle_min_size":"","bundle_max_size":"","bundle_price":[],"bundled_items":[],"bundle_sell_ids":[],"group_of_quantity":0,"min_quantity":0,"max_quantity":"","exclude_order_quantity_value_rules":"no","exclude_category_quantity_rules":"no","combine_variations":"no","_links":{"self":[{"href":"https:\/\/edenalvor.com\/pt-pt\/wp-json\/wp\/v2\/product\/21145","targetHints":{"allow":["GET"]}}],"collection":[{"href":"https:\/\/edenalvor.com\/pt-pt\/wp-json\/wp\/v2\/product"}],"about":[{"href":"https:\/\/edenalvor.com\/pt-pt\/wp-json\/wp\/v2\/types\/product"}],"replies":[{"embeddable":true,"href":"https:\/\/edenalvor.com\/pt-pt\/wp-json\/wp\/v2\/comments?post=21145"}],"wp:featuredmedia":[{"embeddable":true,"href":"https:\/\/edenalvor.com\/pt-pt\/wp-json\/wp\/v2\/media\/21151"}],"wp:attachment":[{"href":"https:\/\/edenalvor.com\/pt-pt\/wp-json\/wp\/v2\/media?parent=21145"}],"wp:term":[{"taxonomy":"product_brand","embeddable":true,"href":"https:\/\/edenalvor.com\/pt-pt\/wp-json\/wp\/v2\/product_brand?post=21145"},{"taxonomy":"product_cat","embeddable":true,"href":"https:\/\/edenalvor.com\/pt-pt\/wp-json\/wp\/v2\/product_cat?post=21145"},{"taxonomy":"product_tag","embeddable":true,"href":"https:\/\/edenalvor.com\/pt-pt\/wp-json\/wp\/v2\/product_tag?post=21145"}],"curies":[{"name":"wp","href":"https:\/\/api.w.org\/{rel}","templated":true}]}}