{"id":6744,"date":"2025-07-18T14:00:45","date_gmt":"2025-07-18T13:00:45","guid":{"rendered":"https:\/\/edenalvor.com\/booking\/pacote-de-luxo-eden-spa\/"},"modified":"2026-02-10T12:49:53","modified_gmt":"2026-02-10T12:49:53","slug":"pacote-de-luxo-eden-spa","status":"publish","type":"product","link":"https:\/\/edenalvor.com\/pt-pt\/reserva\/pacote-de-luxo-eden-spa\/","title":{"rendered":"Pacote de luxo Eden Spa"},"content":{"rendered":"","protected":false},"excerpt":{"rendered":"<p>Acesso ao spa durante todo o dia das 10h \u00e0s 18h + toalha + massagem de 1 hora + bebida de boas-vindas inclu\u00edda (ch\u00e1 ou smoothie).<br \/>\n(Pre\u00e7o normal 97 \u20ac)<\/p>\n<p><strong>Nota: A reserva online est\u00e1 temporariamente inativa. Reserva dispon\u00edvel apenas mediante <a class=\"orange\" href=\"https:\/\/edenalvor.com\/pt-pt\/contacte-nos\/\">pedido<\/a>.<\/strong><\/p>\n","protected":false},"featured_media":6740,"comment_status":"open","ping_status":"closed","template":"","meta":{"_piecal_is_event":false,"_piecal_start_date":"","_piecal_end_date":"","_piecal_is_allday":false},"product_brand":[],"product_cat":[69],"product_tag":[74],"class_list":{"0":"post-6744","1":"product","2":"type-product","3":"status-publish","4":"has-post-thumbnail","6":"product_cat-spa","7":"product_tag-especial","9":"first","10":"instock","11":"virtual","12":"sold-individually","13":"purchasable","14":"product-type-booking"},"bundled_by":[],"bundle_stock_status":"instock","bundle_stock_quantity":null,"bundle_virtual":false,"bundle_layout":"","bundle_add_to_cart_form_location":"","bundle_editable_in_cart":false,"bundle_sold_individually_context":"","bundle_item_grouping":"","bundle_min_size":"","bundle_max_size":"","bundle_price":[],"bundled_items":[],"bundle_sell_ids":[7224],"group_of_quantity":0,"min_quantity":0,"max_quantity":"","exclude_order_quantity_value_rules":"no","exclude_category_quantity_rules":"no","combine_variations":"no","_links":{"self":[{"href":"https:\/\/edenalvor.com\/pt-pt\/wp-json\/wp\/v2\/product\/6744","targetHints":{"allow":["GET"]}}],"collection":[{"href":"https:\/\/edenalvor.com\/pt-pt\/wp-json\/wp\/v2\/product"}],"about":[{"href":"https:\/\/edenalvor.com\/pt-pt\/wp-json\/wp\/v2\/types\/product"}],"replies":[{"embeddable":true,"href":"https:\/\/edenalvor.com\/pt-pt\/wp-json\/wp\/v2\/comments?post=6744"}],"wp:featuredmedia":[{"embeddable":true,"href":"https:\/\/edenalvor.com\/pt-pt\/wp-json\/wp\/v2\/media\/6740"}],"wp:attachment":[{"href":"https:\/\/edenalvor.com\/pt-pt\/wp-json\/wp\/v2\/media?parent=6744"}],"wp:term":[{"taxonomy":"product_brand","embeddable":true,"href":"https:\/\/edenalvor.com\/pt-pt\/wp-json\/wp\/v2\/product_brand?post=6744"},{"taxonomy":"product_cat","embeddable":true,"href":"https:\/\/edenalvor.com\/pt-pt\/wp-json\/wp\/v2\/product_cat?post=6744"},{"taxonomy":"product_tag","embeddable":true,"href":"https:\/\/edenalvor.com\/pt-pt\/wp-json\/wp\/v2\/product_tag?post=6744"}],"curies":[{"name":"wp","href":"https:\/\/api.w.org\/{rel}","templated":true}]}}