{"id":6801,"date":"2025-07-23T10:00:49","date_gmt":"2025-07-23T09:00:49","guid":{"rendered":"https:\/\/edenalvor.com\/booking\/restaurante\/"},"modified":"2026-02-27T13:51:57","modified_gmt":"2026-02-27T13:51:57","slug":"restaurante","status":"publish","type":"product","link":"https:\/\/edenalvor.com\/pt-pt\/reserva\/restaurante\/","title":{"rendered":"Restaurante"},"content":{"rendered":"","protected":false},"excerpt":{"rendered":"<p>O <a href=\"https:\/\/edenalvor.com\/pt-pt\/booking\/reserve-uma-mesa-no-restaurante-eden\/\">Restaurante Eden<\/a> est\u00e1 aberto diariamente para pequeno-almo\u00e7o, almo\u00e7o, snacks e tapas, e jantar gourmet.<\/p>\n<p>Ao jantar, vem experimentar uma experi\u00eancia gastron\u00f3mica com o Chef Filipe \u2013 vencedor do pr\u00e9mio Chef do Ano de Portim\u00e3o em 2024 gra\u00e7as \u00e0s suas obras-primas culin\u00e1rias \u2013 ou reserva antecipadamente a experi\u00eancia do seu Menu de Degusta\u00e7\u00e3o. Para uma experi\u00eancia rom\u00e2ntica num ambiente sereno no Eden Alvor, podes optar por reservar antecipadamente uma mesa junto \u00e0 piscina no Eden Spa. <\/p>\n<p>Se adoras mini-golfe, combina a tua reserva no restaurante com uma volta de golfe, selecionando um dos conjuntos abaixo.<\/p>\n","protected":false},"featured_media":6807,"comment_status":"open","ping_status":"closed","template":"","meta":{"_piecal_is_event":false,"_piecal_start_date":"","_piecal_end_date":"","_piecal_is_allday":false},"product_brand":[],"product_cat":[70],"product_tag":[],"class_list":{"0":"post-6801","1":"product","2":"type-product","3":"status-publish","4":"has-post-thumbnail","6":"product_cat-restaurante","8":"first","9":"instock","10":"featured","11":"shipping-taxable","12":"product-type-grouped"},"bundled_by":[],"bundle_stock_status":"instock","bundle_stock_quantity":null,"bundle_virtual":false,"bundle_layout":"","bundle_add_to_cart_form_location":"","bundle_editable_in_cart":false,"bundle_sold_individually_context":"","bundle_item_grouping":"","bundle_min_size":"","bundle_max_size":"","bundle_price":[],"bundled_items":[],"bundle_sell_ids":[],"group_of_quantity":0,"min_quantity":0,"max_quantity":"","exclude_order_quantity_value_rules":"no","exclude_category_quantity_rules":"no","combine_variations":"no","_links":{"self":[{"href":"https:\/\/edenalvor.com\/pt-pt\/wp-json\/wp\/v2\/product\/6801","targetHints":{"allow":["GET"]}}],"collection":[{"href":"https:\/\/edenalvor.com\/pt-pt\/wp-json\/wp\/v2\/product"}],"about":[{"href":"https:\/\/edenalvor.com\/pt-pt\/wp-json\/wp\/v2\/types\/product"}],"replies":[{"embeddable":true,"href":"https:\/\/edenalvor.com\/pt-pt\/wp-json\/wp\/v2\/comments?post=6801"}],"wp:featuredmedia":[{"embeddable":true,"href":"https:\/\/edenalvor.com\/pt-pt\/wp-json\/wp\/v2\/media\/6807"}],"wp:attachment":[{"href":"https:\/\/edenalvor.com\/pt-pt\/wp-json\/wp\/v2\/media?parent=6801"}],"wp:term":[{"taxonomy":"product_brand","embeddable":true,"href":"https:\/\/edenalvor.com\/pt-pt\/wp-json\/wp\/v2\/product_brand?post=6801"},{"taxonomy":"product_cat","embeddable":true,"href":"https:\/\/edenalvor.com\/pt-pt\/wp-json\/wp\/v2\/product_cat?post=6801"},{"taxonomy":"product_tag","embeddable":true,"href":"https:\/\/edenalvor.com\/pt-pt\/wp-json\/wp\/v2\/product_tag?post=6801"}],"curies":[{"name":"wp","href":"https:\/\/api.w.org\/{rel}","templated":true}]}}