{"id":6892,"date":"2025-07-22T11:47:07","date_gmt":"2025-07-22T10:47:07","guid":{"rendered":"https:\/\/edenalvor.com\/booking\/jantar-romantico-a-beira-da-piscina\/"},"modified":"2026-01-02T18:09:38","modified_gmt":"2026-01-02T18:09:38","slug":"jantar-romantico-a-beira-da-piscina","status":"publish","type":"product","link":"https:\/\/edenalvor.com\/pt-pt\/reserva\/jantar-romantico-a-beira-da-piscina\/","title":{"rendered":"Jantar Rom\u00e2ntico \u00e0 Beira da Piscina"},"content":{"rendered":"","protected":false},"excerpt":{"rendered":"<p>Para uma experi\u00eancia de jantar rom\u00e2ntica no ambiente sereno do Eden Alvor, podes pr\u00e9-reservar uma mesa perto da piscina no Eden Spa. Ao p\u00f4r do sol, oferece a ti pr\u00f3prio(a) uma noite inesquec\u00edvel para celebrar uma ocasi\u00e3o especial ou para te reconectares com a(s) tua(s) pessoa(s) amada(s). <\/p>\n<p>Nota: Para mais de 4 pessoas, por favor, <a class=\"orange\" href=\"https:\/\/edenalvor.com\/pt-pt\/contacte-nos\/\">contacta-nos<\/a>.<\/p>\n","protected":false},"featured_media":6902,"comment_status":"open","ping_status":"closed","template":"","meta":{"_piecal_is_event":false,"_piecal_start_date":"","_piecal_end_date":"","_piecal_is_allday":false},"product_brand":[],"product_cat":[70],"product_tag":[],"class_list":{"0":"post-6892","1":"product","2":"type-product","3":"status-publish","4":"has-post-thumbnail","6":"product_cat-restaurante","8":"first","9":"instock","10":"virtual","11":"sold-individually","12":"purchasable","13":"product-type-booking"},"bundled_by":[],"bundle_stock_status":"instock","bundle_stock_quantity":null,"bundle_virtual":false,"bundle_layout":"","bundle_add_to_cart_form_location":"","bundle_editable_in_cart":false,"bundle_sold_individually_context":"","bundle_item_grouping":"","bundle_min_size":"","bundle_max_size":"","bundle_price":[],"bundled_items":[],"bundle_sell_ids":[],"group_of_quantity":0,"min_quantity":0,"max_quantity":"","exclude_order_quantity_value_rules":"no","exclude_category_quantity_rules":"no","combine_variations":"no","_links":{"self":[{"href":"https:\/\/edenalvor.com\/pt-pt\/wp-json\/wp\/v2\/product\/6892","targetHints":{"allow":["GET"]}}],"collection":[{"href":"https:\/\/edenalvor.com\/pt-pt\/wp-json\/wp\/v2\/product"}],"about":[{"href":"https:\/\/edenalvor.com\/pt-pt\/wp-json\/wp\/v2\/types\/product"}],"replies":[{"embeddable":true,"href":"https:\/\/edenalvor.com\/pt-pt\/wp-json\/wp\/v2\/comments?post=6892"}],"wp:featuredmedia":[{"embeddable":true,"href":"https:\/\/edenalvor.com\/pt-pt\/wp-json\/wp\/v2\/media\/6902"}],"wp:attachment":[{"href":"https:\/\/edenalvor.com\/pt-pt\/wp-json\/wp\/v2\/media?parent=6892"}],"wp:term":[{"taxonomy":"product_brand","embeddable":true,"href":"https:\/\/edenalvor.com\/pt-pt\/wp-json\/wp\/v2\/product_brand?post=6892"},{"taxonomy":"product_cat","embeddable":true,"href":"https:\/\/edenalvor.com\/pt-pt\/wp-json\/wp\/v2\/product_cat?post=6892"},{"taxonomy":"product_tag","embeddable":true,"href":"https:\/\/edenalvor.com\/pt-pt\/wp-json\/wp\/v2\/product_tag?post=6892"}],"curies":[{"name":"wp","href":"https:\/\/api.w.org\/{rel}","templated":true}]}}