{"id":6941,"date":"2025-07-08T13:50:54","date_gmt":"2025-07-08T12:50:54","guid":{"rendered":"https:\/\/edenalvor.com\/booking\/massagem-de-corpo-inteiro-para-casais\/"},"modified":"2026-03-06T17:39:15","modified_gmt":"2026-03-06T17:39:15","slug":"massagem-de-corpo-inteiro-para-casais","status":"publish","type":"product","link":"https:\/\/edenalvor.com\/pt-pt\/reserva\/massagem-de-corpo-inteiro-para-casais\/","title":{"rendered":"Massagem de corpo inteiro para casais"},"content":{"rendered":"","protected":false},"excerpt":{"rendered":"<p>Desfrute dos benef\u00edcios terap\u00eauticos da massagem em conjunto, aliviando a tens\u00e3o e reduzindo o stress.<\/p>\n<p><strong>Nota: A reserva online da Massagem de Corpo Inteiro para Casais est\u00e1 temporariamente inativa. Reserva dispon\u00edvel apenas mediante <a class=\"orange\" href=\"https:\/\/edenalvor.com\/pt-pt\/contacte-nos\/\">pedido<\/a>.<\/strong><\/p>\n","protected":false},"featured_media":6848,"comment_status":"open","ping_status":"closed","template":"","meta":{"_piecal_is_event":false,"_piecal_start_date":"","_piecal_end_date":"","_piecal_is_allday":false},"product_brand":[],"product_cat":[71],"product_tag":[],"class_list":{"0":"post-6941","1":"product","2":"type-product","3":"status-publish","4":"has-post-thumbnail","6":"product_cat-massagens","8":"first","9":"instock","10":"virtual","11":"sold-individually","12":"purchasable","13":"product-type-booking"},"bundled_by":[],"bundle_stock_status":"instock","bundle_stock_quantity":null,"bundle_virtual":false,"bundle_layout":"","bundle_add_to_cart_form_location":"","bundle_editable_in_cart":false,"bundle_sold_individually_context":"","bundle_item_grouping":"","bundle_min_size":"","bundle_max_size":"","bundle_price":[],"bundled_items":[],"bundle_sell_ids":[],"group_of_quantity":0,"min_quantity":0,"max_quantity":"","exclude_order_quantity_value_rules":"no","exclude_category_quantity_rules":"no","combine_variations":"no","_links":{"self":[{"href":"https:\/\/edenalvor.com\/pt-pt\/wp-json\/wp\/v2\/product\/6941","targetHints":{"allow":["GET"]}}],"collection":[{"href":"https:\/\/edenalvor.com\/pt-pt\/wp-json\/wp\/v2\/product"}],"about":[{"href":"https:\/\/edenalvor.com\/pt-pt\/wp-json\/wp\/v2\/types\/product"}],"replies":[{"embeddable":true,"href":"https:\/\/edenalvor.com\/pt-pt\/wp-json\/wp\/v2\/comments?post=6941"}],"wp:featuredmedia":[{"embeddable":true,"href":"https:\/\/edenalvor.com\/pt-pt\/wp-json\/wp\/v2\/media\/6848"}],"wp:attachment":[{"href":"https:\/\/edenalvor.com\/pt-pt\/wp-json\/wp\/v2\/media?parent=6941"}],"wp:term":[{"taxonomy":"product_brand","embeddable":true,"href":"https:\/\/edenalvor.com\/pt-pt\/wp-json\/wp\/v2\/product_brand?post=6941"},{"taxonomy":"product_cat","embeddable":true,"href":"https:\/\/edenalvor.com\/pt-pt\/wp-json\/wp\/v2\/product_cat?post=6941"},{"taxonomy":"product_tag","embeddable":true,"href":"https:\/\/edenalvor.com\/pt-pt\/wp-json\/wp\/v2\/product_tag?post=6941"}],"curies":[{"name":"wp","href":"https:\/\/api.w.org\/{rel}","templated":true}]}}