{"id":6955,"date":"2025-06-27T13:59:43","date_gmt":"2025-06-27T12:59:43","guid":{"rendered":"https:\/\/edenalvor.com\/booking\/yoga-meio-dia-de-spa\/"},"modified":"2025-11-07T13:34:25","modified_gmt":"2025-11-07T13:34:25","slug":"yoga-meio-dia-de-spa","status":"publish","type":"product","link":"https:\/\/edenalvor.com\/pt-pt\/reserva\/yoga-meio-dia-de-spa\/","title":{"rendered":"Yoga &amp; meio dia de Spa"},"content":{"rendered":"","protected":false},"excerpt":{"rendered":"<p>Junte-se a n\u00f3s todos os s\u00e1bados do m\u00eas para Yoga no Eden Spa, co-organizado pela Shoreline Yoga Therapy, e quando combinado com o nosso acesso de meio dia ao spa, pode descontrair e relaxar na nossa piscina de \u00e1gua salgada aquecida.<\/p>\n<p><strong>Nota: Uma hora de Yoga e meio dia de relaxamento no Spa (incluindo espregui\u00e7adeira). As aulas est\u00e3o dispon\u00edveis: quarta-feira e s\u00e1bado \u00e0s 9:45. A reserva online est\u00e1 temporariamente inativa. Reserva dispon\u00edvel apenas mediante <a class=\"orange\" href=\"https:\/\/wa.me\/+351937901680\" target=\"_blank\" rel=\"noopener\">pedido<\/a>.<\/strong><\/p>\n","protected":false},"featured_media":6938,"comment_status":"open","ping_status":"closed","template":"","meta":{"_piecal_is_event":false,"_piecal_start_date":"","_piecal_end_date":"","_piecal_is_allday":false},"product_brand":[],"product_cat":[76],"product_tag":[],"class_list":{"0":"post-6955","1":"product","2":"type-product","3":"status-publish","4":"has-post-thumbnail","6":"product_cat-ioga","8":"first","9":"instock","10":"virtual","11":"sold-individually","12":"purchasable","13":"product-type-booking"},"bundled_by":[],"bundle_stock_status":"instock","bundle_stock_quantity":null,"bundle_virtual":false,"bundle_layout":"","bundle_add_to_cart_form_location":"","bundle_editable_in_cart":false,"bundle_sold_individually_context":"","bundle_item_grouping":"","bundle_min_size":"","bundle_max_size":"","bundle_price":[],"bundled_items":[],"bundle_sell_ids":[],"group_of_quantity":0,"min_quantity":0,"max_quantity":"","exclude_order_quantity_value_rules":"no","exclude_category_quantity_rules":"no","combine_variations":"no","_links":{"self":[{"href":"https:\/\/edenalvor.com\/pt-pt\/wp-json\/wp\/v2\/product\/6955","targetHints":{"allow":["GET"]}}],"collection":[{"href":"https:\/\/edenalvor.com\/pt-pt\/wp-json\/wp\/v2\/product"}],"about":[{"href":"https:\/\/edenalvor.com\/pt-pt\/wp-json\/wp\/v2\/types\/product"}],"replies":[{"embeddable":true,"href":"https:\/\/edenalvor.com\/pt-pt\/wp-json\/wp\/v2\/comments?post=6955"}],"wp:featuredmedia":[{"embeddable":true,"href":"https:\/\/edenalvor.com\/pt-pt\/wp-json\/wp\/v2\/media\/6938"}],"wp:attachment":[{"href":"https:\/\/edenalvor.com\/pt-pt\/wp-json\/wp\/v2\/media?parent=6955"}],"wp:term":[{"taxonomy":"product_brand","embeddable":true,"href":"https:\/\/edenalvor.com\/pt-pt\/wp-json\/wp\/v2\/product_brand?post=6955"},{"taxonomy":"product_cat","embeddable":true,"href":"https:\/\/edenalvor.com\/pt-pt\/wp-json\/wp\/v2\/product_cat?post=6955"},{"taxonomy":"product_tag","embeddable":true,"href":"https:\/\/edenalvor.com\/pt-pt\/wp-json\/wp\/v2\/product_tag?post=6955"}],"curies":[{"name":"wp","href":"https:\/\/api.w.org\/{rel}","templated":true}]}}