{"id":7239,"date":"2025-07-15T14:22:46","date_gmt":"2025-07-15T13:22:46","guid":{"rendered":"https:\/\/edenalvor.com\/booking\/eden-spa-minigolfe-e-bebidas\/"},"modified":"2026-02-10T12:49:56","modified_gmt":"2026-02-10T12:49:56","slug":"eden-spa-minigolfe-e-bebidas","status":"publish","type":"product","link":"https:\/\/edenalvor.com\/pt-pt\/reserva\/eden-spa-minigolfe-e-bebidas\/","title":{"rendered":"Eden Spa, minigolfe e bebidas"},"content":{"rendered":"","protected":false},"excerpt":{"rendered":"<p>Per\u00edodo da manh\u00e3 ou da tarde incluindo espregui\u00e7adeira, acesso \u00e0 piscina e sauna, uma ronda de minigolfe e duas bebidas por pessoa (cerveja, vinho ou refrigerante).<\/p>\n<p><strong>Nota: O per\u00edodo \u00e9 das 10h \u00e0s 14h ou das 14h \u00e0s 18h, que inclui a espregui\u00e7adeira e custa 38\u20ac por adulto (crian\u00e7as 27\u20ac, menores de 5 anos entrada gratuita).<\/strong><\/p>\n","protected":false},"featured_media":6740,"comment_status":"open","ping_status":"closed","template":"","meta":{"_piecal_is_event":false,"_piecal_start_date":"","_piecal_end_date":"","_piecal_is_allday":false},"product_brand":[],"product_cat":[69],"product_tag":[74],"class_list":{"0":"post-7239","1":"product","2":"type-product","3":"status-publish","4":"has-post-thumbnail","6":"product_cat-spa","7":"product_tag-especial","9":"first","10":"instock","11":"virtual","12":"sold-individually","13":"purchasable","14":"product-type-booking"},"bundled_by":[],"bundle_stock_status":"instock","bundle_stock_quantity":null,"bundle_virtual":false,"bundle_layout":"","bundle_add_to_cart_form_location":"","bundle_editable_in_cart":false,"bundle_sold_individually_context":"","bundle_item_grouping":"","bundle_min_size":"","bundle_max_size":"","bundle_price":[],"bundled_items":[],"bundle_sell_ids":[],"group_of_quantity":0,"min_quantity":0,"max_quantity":"","exclude_order_quantity_value_rules":"no","exclude_category_quantity_rules":"no","combine_variations":"no","_links":{"self":[{"href":"https:\/\/edenalvor.com\/pt-pt\/wp-json\/wp\/v2\/product\/7239","targetHints":{"allow":["GET"]}}],"collection":[{"href":"https:\/\/edenalvor.com\/pt-pt\/wp-json\/wp\/v2\/product"}],"about":[{"href":"https:\/\/edenalvor.com\/pt-pt\/wp-json\/wp\/v2\/types\/product"}],"replies":[{"embeddable":true,"href":"https:\/\/edenalvor.com\/pt-pt\/wp-json\/wp\/v2\/comments?post=7239"}],"wp:featuredmedia":[{"embeddable":true,"href":"https:\/\/edenalvor.com\/pt-pt\/wp-json\/wp\/v2\/media\/6740"}],"wp:attachment":[{"href":"https:\/\/edenalvor.com\/pt-pt\/wp-json\/wp\/v2\/media?parent=7239"}],"wp:term":[{"taxonomy":"product_brand","embeddable":true,"href":"https:\/\/edenalvor.com\/pt-pt\/wp-json\/wp\/v2\/product_brand?post=7239"},{"taxonomy":"product_cat","embeddable":true,"href":"https:\/\/edenalvor.com\/pt-pt\/wp-json\/wp\/v2\/product_cat?post=7239"},{"taxonomy":"product_tag","embeddable":true,"href":"https:\/\/edenalvor.com\/pt-pt\/wp-json\/wp\/v2\/product_tag?post=7239"}],"curies":[{"name":"wp","href":"https:\/\/api.w.org\/{rel}","templated":true}]}}