{"id":7242,"date":"2025-07-04T11:26:58","date_gmt":"2025-07-04T10:26:58","guid":{"rendered":"https:\/\/edenalvor.com\/booking\/o-menu-de-almoco\/"},"modified":"2025-07-04T11:26:58","modified_gmt":"2025-07-04T10:26:58","slug":"o-menu-de-almoco","status":"publish","type":"product","link":"https:\/\/edenalvor.com\/pt-pt\/reserva\/o-menu-de-almoco\/","title":{"rendered":"O menu de almo\u00e7o"},"content":{"rendered":"<p>Este conjunto deve ser reservado com o <strong>Mini Golfe<\/strong>, n\u00e3o pode ser separado.<\/p>\n<p style=\"text-align: center;\"><a class=\"button\" href=\"https:\/\/edenalvor.com\/booking\/mini-golf\/\">Reservar agora<\/a><\/p>\n","protected":false},"excerpt":{"rendered":"<p>Uma escolha do menu de almo\u00e7o + uma sobremesa + 2 bebidas (cerveja, vinho ou refrigerante).<br \/>\n*O menu de almo\u00e7o s\u00f3 est\u00e1 dispon\u00edvel at\u00e9 \u00e0s 18h.<\/p>\n","protected":false},"featured_media":742,"comment_status":"closed","ping_status":"closed","template":"","meta":{"_piecal_is_event":false,"_piecal_start_date":"","_piecal_end_date":"","_piecal_is_allday":false},"product_brand":[],"product_cat":[80],"product_tag":[],"class_list":{"0":"post-7242","1":"product","2":"type-product","3":"status-publish","4":"has-post-thumbnail","6":"product_cat-extras-mini-golfe","8":"first","9":"instock","10":"sale","11":"virtual","12":"purchasable","13":"product-type-simple"},"bundled_by":[],"bundle_stock_status":"instock","bundle_stock_quantity":null,"bundle_virtual":false,"bundle_layout":"","bundle_add_to_cart_form_location":"","bundle_editable_in_cart":false,"bundle_sold_individually_context":"","bundle_item_grouping":"","bundle_min_size":"","bundle_max_size":"","bundle_price":[],"bundled_items":[],"bundle_sell_ids":[],"group_of_quantity":0,"min_quantity":0,"max_quantity":"","exclude_order_quantity_value_rules":"no","exclude_category_quantity_rules":"no","combine_variations":"no","_links":{"self":[{"href":"https:\/\/edenalvor.com\/pt-pt\/wp-json\/wp\/v2\/product\/7242","targetHints":{"allow":["GET"]}}],"collection":[{"href":"https:\/\/edenalvor.com\/pt-pt\/wp-json\/wp\/v2\/product"}],"about":[{"href":"https:\/\/edenalvor.com\/pt-pt\/wp-json\/wp\/v2\/types\/product"}],"replies":[{"embeddable":true,"href":"https:\/\/edenalvor.com\/pt-pt\/wp-json\/wp\/v2\/comments?post=7242"}],"wp:featuredmedia":[{"embeddable":true,"href":"https:\/\/edenalvor.com\/pt-pt\/wp-json\/wp\/v2\/media\/742"}],"wp:attachment":[{"href":"https:\/\/edenalvor.com\/pt-pt\/wp-json\/wp\/v2\/media?parent=7242"}],"wp:term":[{"taxonomy":"product_brand","embeddable":true,"href":"https:\/\/edenalvor.com\/pt-pt\/wp-json\/wp\/v2\/product_brand?post=7242"},{"taxonomy":"product_cat","embeddable":true,"href":"https:\/\/edenalvor.com\/pt-pt\/wp-json\/wp\/v2\/product_cat?post=7242"},{"taxonomy":"product_tag","embeddable":true,"href":"https:\/\/edenalvor.com\/pt-pt\/wp-json\/wp\/v2\/product_tag?post=7242"}],"curies":[{"name":"wp","href":"https:\/\/api.w.org\/{rel}","templated":true}]}}