{"id":7270,"date":"2025-07-11T15:30:24","date_gmt":"2025-07-11T14:30:24","guid":{"rendered":"https:\/\/edenalvor.com\/booking\/massagem-de-corpo-inteiro-de-tecidos-profundos\/"},"modified":"2026-03-06T17:39:16","modified_gmt":"2026-03-06T17:39:16","slug":"massagem-de-corpo-inteiro-de-tecidos-profundos","status":"publish","type":"product","link":"https:\/\/edenalvor.com\/pt-pt\/reserva\/massagem-de-corpo-inteiro-de-tecidos-profundos\/","title":{"rendered":"Massagem de corpo inteiro de tecidos profundos"},"content":{"rendered":"","protected":false},"excerpt":{"rendered":"<p>Explore os benef\u00edcios da massagem de tecidos profundos, uma t\u00e9cnica para aliviar a dor cr\u00f3nica, reduzir o stress e melhorar a mobilidade, visando as camadas musculares mais profundas.<\/p>\n<p><strong>Nota: Dura\u00e7\u00e3o de 1 hora.<\/strong><\/p>\n","protected":false},"featured_media":7272,"comment_status":"open","ping_status":"closed","template":"","meta":{"_piecal_is_event":false,"_piecal_start_date":"","_piecal_end_date":"","_piecal_is_allday":false},"product_brand":[],"product_cat":[71],"product_tag":[],"class_list":{"0":"post-7270","1":"product","2":"type-product","3":"status-publish","4":"has-post-thumbnail","6":"product_cat-massagens","8":"first","9":"instock","10":"virtual","11":"sold-individually","12":"purchasable","13":"product-type-booking"},"bundled_by":[],"bundle_stock_status":"instock","bundle_stock_quantity":null,"bundle_virtual":false,"bundle_layout":"","bundle_add_to_cart_form_location":"","bundle_editable_in_cart":false,"bundle_sold_individually_context":"","bundle_item_grouping":"","bundle_min_size":"","bundle_max_size":"","bundle_price":[],"bundled_items":[],"bundle_sell_ids":[],"group_of_quantity":0,"min_quantity":0,"max_quantity":"","exclude_order_quantity_value_rules":"no","exclude_category_quantity_rules":"no","combine_variations":"no","_links":{"self":[{"href":"https:\/\/edenalvor.com\/pt-pt\/wp-json\/wp\/v2\/product\/7270","targetHints":{"allow":["GET"]}}],"collection":[{"href":"https:\/\/edenalvor.com\/pt-pt\/wp-json\/wp\/v2\/product"}],"about":[{"href":"https:\/\/edenalvor.com\/pt-pt\/wp-json\/wp\/v2\/types\/product"}],"replies":[{"embeddable":true,"href":"https:\/\/edenalvor.com\/pt-pt\/wp-json\/wp\/v2\/comments?post=7270"}],"wp:featuredmedia":[{"embeddable":true,"href":"https:\/\/edenalvor.com\/pt-pt\/wp-json\/wp\/v2\/media\/7272"}],"wp:attachment":[{"href":"https:\/\/edenalvor.com\/pt-pt\/wp-json\/wp\/v2\/media?parent=7270"}],"wp:term":[{"taxonomy":"product_brand","embeddable":true,"href":"https:\/\/edenalvor.com\/pt-pt\/wp-json\/wp\/v2\/product_brand?post=7270"},{"taxonomy":"product_cat","embeddable":true,"href":"https:\/\/edenalvor.com\/pt-pt\/wp-json\/wp\/v2\/product_cat?post=7270"},{"taxonomy":"product_tag","embeddable":true,"href":"https:\/\/edenalvor.com\/pt-pt\/wp-json\/wp\/v2\/product_tag?post=7270"}],"curies":[{"name":"wp","href":"https:\/\/api.w.org\/{rel}","templated":true}]}}