{"id":7528,"date":"2025-07-04T11:21:55","date_gmt":"2025-07-04T10:21:55","guid":{"rendered":"https:\/\/edenalvor.com\/booking\/o-conjunto-de-pequeno-almoco\/"},"modified":"2025-07-04T11:21:55","modified_gmt":"2025-07-04T10:21:55","slug":"o-conjunto-de-pequeno-almoco","status":"publish","type":"product","link":"https:\/\/edenalvor.com\/pt-pt\/reserva\/o-conjunto-de-pequeno-almoco\/","title":{"rendered":"O conjunto de pequeno-almo\u00e7o"},"content":{"rendered":"<p>Este conjunto deve ser reservado com o <strong>Mini Golfe<\/strong>, n\u00e3o pode ser separado.<\/p>\n<p style=\"text-align: center;\"><a class=\"button\" href=\"https:\/\/edenalvor.com\/booking\/mini-golf\/\">Reservar agora<\/a><\/p>\n","protected":false},"excerpt":{"rendered":"<p>Pequeno-almo\u00e7o ingl\u00eas completo ou pequeno-almo\u00e7o Eden incl. um copo de vinho espumante.<br \/>\n*O conjunto de pequeno-almo\u00e7o est\u00e1 dispon\u00edvel apenas at\u00e9 \u00e0s 13h.<\/p>\n","protected":false},"featured_media":0,"comment_status":"closed","ping_status":"closed","template":"","meta":{"_piecal_is_event":false,"_piecal_start_date":"","_piecal_end_date":"","_piecal_is_allday":false},"product_brand":[],"product_cat":[80],"product_tag":[],"class_list":{"0":"post-7528","1":"product","2":"type-product","3":"status-publish","5":"product_cat-extras-mini-golfe","7":"first","8":"instock","9":"sale","10":"virtual","11":"purchasable","12":"product-type-simple"},"bundled_by":[],"bundle_stock_status":"instock","bundle_stock_quantity":null,"bundle_virtual":false,"bundle_layout":"","bundle_add_to_cart_form_location":"","bundle_editable_in_cart":false,"bundle_sold_individually_context":"","bundle_item_grouping":"","bundle_min_size":"","bundle_max_size":"","bundle_price":[],"bundled_items":[],"bundle_sell_ids":[],"group_of_quantity":0,"min_quantity":0,"max_quantity":"","exclude_order_quantity_value_rules":"no","exclude_category_quantity_rules":"no","combine_variations":"no","_links":{"self":[{"href":"https:\/\/edenalvor.com\/pt-pt\/wp-json\/wp\/v2\/product\/7528","targetHints":{"allow":["GET"]}}],"collection":[{"href":"https:\/\/edenalvor.com\/pt-pt\/wp-json\/wp\/v2\/product"}],"about":[{"href":"https:\/\/edenalvor.com\/pt-pt\/wp-json\/wp\/v2\/types\/product"}],"replies":[{"embeddable":true,"href":"https:\/\/edenalvor.com\/pt-pt\/wp-json\/wp\/v2\/comments?post=7528"}],"wp:attachment":[{"href":"https:\/\/edenalvor.com\/pt-pt\/wp-json\/wp\/v2\/media?parent=7528"}],"wp:term":[{"taxonomy":"product_brand","embeddable":true,"href":"https:\/\/edenalvor.com\/pt-pt\/wp-json\/wp\/v2\/product_brand?post=7528"},{"taxonomy":"product_cat","embeddable":true,"href":"https:\/\/edenalvor.com\/pt-pt\/wp-json\/wp\/v2\/product_cat?post=7528"},{"taxonomy":"product_tag","embeddable":true,"href":"https:\/\/edenalvor.com\/pt-pt\/wp-json\/wp\/v2\/product_tag?post=7528"}],"curies":[{"name":"wp","href":"https:\/\/api.w.org\/{rel}","templated":true}]}}