{"id":7529,"date":"2025-07-13T16:11:30","date_gmt":"2025-07-13T15:11:30","guid":{"rendered":"https:\/\/edenalvor.com\/booking\/pacote-de-simulador-de-golfe\/"},"modified":"2026-02-10T12:50:04","modified_gmt":"2026-02-10T12:50:04","slug":"pacote-de-simulador-de-golfe","status":"publish","type":"product","link":"https:\/\/edenalvor.com\/pt-pt\/reserva\/pacote-de-simulador-de-golfe\/","title":{"rendered":"Pacote Simulador de Golfe"},"content":{"rendered":"<p>O Eden Alvor orgulha-se de apresentar a experi\u00eancia de golfe indoor mais moderna de Portugal. No simulador TrackMan, podes jogar em 200 campos mundialmente famosos, onde \u00e9 quase imposs\u00edvel marcar um hor\u00e1rio de jogo. E por uma fra\u00e7\u00e3o do pre\u00e7o. Um \u00fanico jogador pode terminar 18 buracos em uma hora. 2-4 jogadores devem reservar 2-3 horas para terminar uma volta.    <\/p>\n<p>Podes trazer os teus pr\u00f3prios tacos, mas certifica-te de que est\u00e3o limpos. O Eden Alvor fornece as bolas. <\/p>\n<p>Desfruta da bela vista do terra\u00e7o ou experimenta algo dos nossos menus de bar e restaurante.<\/p>\n<p>As solu\u00e7\u00f5es de golfe do simulador TrackMan oferecem uma experi\u00eancia que redefine o que \u00e9 poss\u00edvel alcan\u00e7ar num ambiente de simulador. Cada sess\u00e3o de treino, cada buraco que jogas, cada torneio divertido que tens com os teus amigos&#8230; tudo \u00e9 fiel \u00e0 verdadeira sensa\u00e7\u00e3o do jogo. <\/p>\n<p>Ent\u00e3o, se achas que sabes o que o golfe de simulador pode fazer, pensa de novo!<\/p>\n","protected":false},"excerpt":{"rendered":"<p>Campos mundialmente famosos surgem com detalhes simplesmente impressionantes no nosso Simulador TrackMan. A jogabilidade \u00e9 incrivelmente suave e todos os dados do seu taco e da bola s\u00e3o apresentados. <\/p>\n<p><strong>O pacote inclui: Duas horas no simulador de golfe, um Golfland Burger + 2 bebidas (cerveja, vinho, refrigerante) por pessoa.<\/strong><\/p>\n","protected":false},"featured_media":7532,"comment_status":"open","ping_status":"closed","template":"","meta":{"_piecal_is_event":false,"_piecal_start_date":"","_piecal_end_date":"","_piecal_is_allday":false},"product_brand":[],"product_cat":[81],"product_tag":[],"class_list":{"0":"post-7529","1":"product","2":"type-product","3":"status-publish","4":"has-post-thumbnail","6":"product_cat-sala-do-simulador","8":"first","9":"instock","10":"virtual","11":"sold-individually","12":"purchasable","13":"product-type-booking"},"bundled_by":[],"bundle_stock_status":"instock","bundle_stock_quantity":null,"bundle_virtual":false,"bundle_layout":"","bundle_add_to_cart_form_location":"","bundle_editable_in_cart":false,"bundle_sold_individually_context":"","bundle_item_grouping":"","bundle_min_size":"","bundle_max_size":"","bundle_price":[],"bundled_items":[],"bundle_sell_ids":[],"group_of_quantity":0,"min_quantity":0,"max_quantity":"","exclude_order_quantity_value_rules":"no","exclude_category_quantity_rules":"no","combine_variations":"no","_links":{"self":[{"href":"https:\/\/edenalvor.com\/pt-pt\/wp-json\/wp\/v2\/product\/7529","targetHints":{"allow":["GET"]}}],"collection":[{"href":"https:\/\/edenalvor.com\/pt-pt\/wp-json\/wp\/v2\/product"}],"about":[{"href":"https:\/\/edenalvor.com\/pt-pt\/wp-json\/wp\/v2\/types\/product"}],"replies":[{"embeddable":true,"href":"https:\/\/edenalvor.com\/pt-pt\/wp-json\/wp\/v2\/comments?post=7529"}],"wp:featuredmedia":[{"embeddable":true,"href":"https:\/\/edenalvor.com\/pt-pt\/wp-json\/wp\/v2\/media\/7532"}],"wp:attachment":[{"href":"https:\/\/edenalvor.com\/pt-pt\/wp-json\/wp\/v2\/media?parent=7529"}],"wp:term":[{"taxonomy":"product_brand","embeddable":true,"href":"https:\/\/edenalvor.com\/pt-pt\/wp-json\/wp\/v2\/product_brand?post=7529"},{"taxonomy":"product_cat","embeddable":true,"href":"https:\/\/edenalvor.com\/pt-pt\/wp-json\/wp\/v2\/product_cat?post=7529"},{"taxonomy":"product_tag","embeddable":true,"href":"https:\/\/edenalvor.com\/pt-pt\/wp-json\/wp\/v2\/product_tag?post=7529"}],"curies":[{"name":"wp","href":"https:\/\/api.w.org\/{rel}","templated":true}]}}