{"id":7772,"date":"2025-07-19T15:30:06","date_gmt":"2025-07-19T14:30:06","guid":{"rendered":"https:\/\/edenalvor.com\/booking\/pacotes-eden-spa\/"},"modified":"2026-02-10T12:49:55","modified_gmt":"2026-02-10T12:49:55","slug":"pacotes-eden-spa","status":"publish","type":"product","link":"https:\/\/edenalvor.com\/pt-pt\/reserva\/pacotes-eden-spa\/","title":{"rendered":"Pacotes Eden Spa"},"content":{"rendered":"","protected":false},"excerpt":{"rendered":"<p>Selecione entre pacotes de meio dia ou dia completo para aceder ao Eden Spa. Relaxe na nossa piscina exterior de \u00e1gua salgada, ou sauna, ou reserve uma massagem ou tratamento de beleza. <\/p>\n<p><strong>Nota: O meio dia \u00e9 das 10h \u00e0s 14h e das 14h \u00e0s 18h que inclui a espregui\u00e7adeira e custa 18 \u20ac por pessoa, enquanto um dia completo das 10h \u00e0s 18h inclui a espregui\u00e7adeira e custa 27 \u20ac por pessoa (crian\u00e7as 12 \u20ac meio dia e 18 \u20ac dia completo, menores de 5 anos entrada gratuita).<\/strong><\/p>\n","protected":false},"featured_media":6740,"comment_status":"open","ping_status":"closed","template":"","meta":{"_piecal_is_event":false,"_piecal_start_date":"","_piecal_end_date":"","_piecal_is_allday":false},"product_brand":[],"product_cat":[69],"product_tag":[74],"class_list":{"0":"post-7772","1":"product","2":"type-product","3":"status-publish","4":"has-post-thumbnail","6":"product_cat-spa","7":"product_tag-especial","9":"first","10":"instock","11":"virtual","12":"sold-individually","13":"purchasable","14":"product-type-booking"},"bundled_by":[],"bundle_stock_status":"instock","bundle_stock_quantity":null,"bundle_virtual":false,"bundle_layout":"","bundle_add_to_cart_form_location":"","bundle_editable_in_cart":false,"bundle_sold_individually_context":"","bundle_item_grouping":"","bundle_min_size":"","bundle_max_size":"","bundle_price":[],"bundled_items":[],"bundle_sell_ids":[7224],"group_of_quantity":0,"min_quantity":0,"max_quantity":"","exclude_order_quantity_value_rules":"no","exclude_category_quantity_rules":"no","combine_variations":"no","_links":{"self":[{"href":"https:\/\/edenalvor.com\/pt-pt\/wp-json\/wp\/v2\/product\/7772","targetHints":{"allow":["GET"]}}],"collection":[{"href":"https:\/\/edenalvor.com\/pt-pt\/wp-json\/wp\/v2\/product"}],"about":[{"href":"https:\/\/edenalvor.com\/pt-pt\/wp-json\/wp\/v2\/types\/product"}],"replies":[{"embeddable":true,"href":"https:\/\/edenalvor.com\/pt-pt\/wp-json\/wp\/v2\/comments?post=7772"}],"wp:featuredmedia":[{"embeddable":true,"href":"https:\/\/edenalvor.com\/pt-pt\/wp-json\/wp\/v2\/media\/6740"}],"wp:attachment":[{"href":"https:\/\/edenalvor.com\/pt-pt\/wp-json\/wp\/v2\/media?parent=7772"}],"wp:term":[{"taxonomy":"product_brand","embeddable":true,"href":"https:\/\/edenalvor.com\/pt-pt\/wp-json\/wp\/v2\/product_brand?post=7772"},{"taxonomy":"product_cat","embeddable":true,"href":"https:\/\/edenalvor.com\/pt-pt\/wp-json\/wp\/v2\/product_cat?post=7772"},{"taxonomy":"product_tag","embeddable":true,"href":"https:\/\/edenalvor.com\/pt-pt\/wp-json\/wp\/v2\/product_tag?post=7772"}],"curies":[{"name":"wp","href":"https:\/\/api.w.org\/{rel}","templated":true}]}}