{"id":8119,"date":"2025-07-22T10:08:46","date_gmt":"2025-07-22T09:08:46","guid":{"rendered":"https:\/\/edenalvor.com\/booking\/mini-golfe-da-tarde\/"},"modified":"2026-02-10T12:50:10","modified_gmt":"2026-02-10T12:50:10","slug":"mini-golfe-da-tarde","status":"publish","type":"product","link":"https:\/\/edenalvor.com\/pt-pt\/reserva\/mini-golfe-da-tarde\/","title":{"rendered":"Mini golfe da tarde"},"content":{"rendered":"<p>Conhe\u00e7a o King Kong, o Baz a \u00c1rvore Falante e o Sr. Cob Ra, os nossos animatr\u00f3nicos brincalh\u00f5es que encantam golfistas de todas as idades quando jogam no nosso percurso de 18 buracos.<\/p>\n<p>Ao cair da noite, o percurso transforma-se num mundo m\u00e1gico, com luzes coloridas que d\u00e3o vida aos jardins e aos seus peculiares habitantes.<\/p>\n<p>Uma ronda demora tipicamente 45 minutos em m\u00e9dia, mas os jogadores podem parar para fazer pausas e desfrutar de bebidas no nosso p\u00e1tio, que tamb\u00e9m disp\u00f5e de uma mesa de bilhar, mesas de h\u00f3quei no ar e matraquilhos, bem como jogos de arcada como corridas, basquetebol e boxe, entre outros.<\/p>\n<p>O nosso p\u00e1tio serve comida (recomendamos o famoso hamb\u00farguer Golfland), bebidas, gelados e chocolates.<\/p>\n","protected":false},"excerpt":{"rendered":"<p>D\u00ea o pontap\u00e9 de sa\u00edda numa viagem pelos exuberantes jardins tropicais do Eden, que albergam mais de 2.000 plantas vibrantes e um elenco de personagens curiosas. Conhe\u00e7a o King Kong, o Baz a \u00c1rvore Falante e o Sr. Cob Ra, os nossos animatr\u00f3nicos brincalh\u00f5es que encantam golfistas de todas as idades quando jogam no nosso percurso de 18 buracos. <\/p>\n<p><strong>Nota: Crian\u00e7as com menos de 5 anos jogam gratuitamente.<\/strong><\/p>\n","protected":false},"featured_media":7215,"comment_status":"open","ping_status":"closed","template":"","meta":{"_piecal_is_event":false,"_piecal_start_date":"","_piecal_end_date":"","_piecal_is_allday":false},"product_brand":[],"product_cat":[64],"product_tag":[],"class_list":{"0":"post-8119","1":"product","2":"type-product","3":"status-publish","4":"has-post-thumbnail","6":"product_cat-mini-golfe","8":"first","9":"instock","10":"virtual","11":"sold-individually","12":"purchasable","13":"product-type-booking"},"bundled_by":[],"bundle_stock_status":"instock","bundle_stock_quantity":null,"bundle_virtual":false,"bundle_layout":"","bundle_add_to_cart_form_location":"","bundle_editable_in_cart":false,"bundle_sold_individually_context":"","bundle_item_grouping":"","bundle_min_size":"","bundle_max_size":"","bundle_price":[],"bundled_items":[],"bundle_sell_ids":[8309,7242],"group_of_quantity":0,"min_quantity":0,"max_quantity":"","exclude_order_quantity_value_rules":"no","exclude_category_quantity_rules":"no","combine_variations":"no","_links":{"self":[{"href":"https:\/\/edenalvor.com\/pt-pt\/wp-json\/wp\/v2\/product\/8119","targetHints":{"allow":["GET"]}}],"collection":[{"href":"https:\/\/edenalvor.com\/pt-pt\/wp-json\/wp\/v2\/product"}],"about":[{"href":"https:\/\/edenalvor.com\/pt-pt\/wp-json\/wp\/v2\/types\/product"}],"replies":[{"embeddable":true,"href":"https:\/\/edenalvor.com\/pt-pt\/wp-json\/wp\/v2\/comments?post=8119"}],"wp:featuredmedia":[{"embeddable":true,"href":"https:\/\/edenalvor.com\/pt-pt\/wp-json\/wp\/v2\/media\/7215"}],"wp:attachment":[{"href":"https:\/\/edenalvor.com\/pt-pt\/wp-json\/wp\/v2\/media?parent=8119"}],"wp:term":[{"taxonomy":"product_brand","embeddable":true,"href":"https:\/\/edenalvor.com\/pt-pt\/wp-json\/wp\/v2\/product_brand?post=8119"},{"taxonomy":"product_cat","embeddable":true,"href":"https:\/\/edenalvor.com\/pt-pt\/wp-json\/wp\/v2\/product_cat?post=8119"},{"taxonomy":"product_tag","embeddable":true,"href":"https:\/\/edenalvor.com\/pt-pt\/wp-json\/wp\/v2\/product_tag?post=8119"}],"curies":[{"name":"wp","href":"https:\/\/api.w.org\/{rel}","templated":true}]}}