{"id":8553,"date":"2025-07-23T09:15:19","date_gmt":"2025-07-23T08:15:19","guid":{"rendered":"https:\/\/edenalvor.com\/booking\/trackman\/"},"modified":"2026-04-29T11:07:57","modified_gmt":"2026-04-29T10:07:57","slug":"sala-do-simulador","status":"publish","type":"product","link":"https:\/\/edenalvor.com\/pt-pt\/reserva\/sala-do-simulador\/","title":{"rendered":"Sala de Simulador"},"content":{"rendered":"<p><span style=\"font-weight: 400;\">Os simuladores de golfe TrackMan utilizam uma combina\u00e7\u00e3o de tecnologia de radar e c\u00e2mara para medir com precis\u00e3o os dados do taco e da bola, oferecendo uma experi\u00eancia de golfe virtual imersiva quando combinados com o software Virtual Golf. Este sistema de dois sensores permite captar informa\u00e7\u00e3o detalhada sobre o taco e a bola ao longo de todo o voo, incluindo o \u00e2ngulo de lan\u00e7amento, as taxas de rota\u00e7\u00e3o e a dist\u00e2ncia de carry.<\/span><\/p>\n<p><span style=\"font-weight: 400;\">Podes trazer os teus pr\u00f3prios tacos, mas certifica-te de que est\u00e3o limpos. Tamb\u00e9m disponibilizamos tacos e bolas de golfe.<\/span><\/p>\n<p><span style=\"font-weight: 400;\">Escolhe uma das op\u00e7\u00f5es abaixo para alugares o simulador ou combin\u00e1-lo com uma refei\u00e7\u00e3o e uma bebida.<\/span><\/p>\n<p><span style=\"font-weight: 400;\">Precisas de uma sess\u00e3o de Simulador da Academia de Golfe com um golfista profissional, <a class=\"orange\" href=\"https:\/\/edenalvor.com\/pt-pt\/academia-de-golfe\/\">clica aqui para saber mais<\/a>?<\/span><\/p>\n","protected":false},"excerpt":{"rendered":"<p><span style=\"font-weight: 400;\"><strong>Simulador de Golfe TrackMan:<\/strong> Leva o teu jogo de golfe ao pr\u00f3ximo n\u00edvel ao entrares no nosso simulador de golfe TrackMan indoor. Quer estejas a aperfei\u00e7oar o teu swing ou venhas jogar num dos mais de 400 campos de topo do mundo, desfruta de uma experi\u00eancia verdadeiramente imersiva no conforto do Eden. <\/span><\/p>\n<p><strong>Experi\u00eancias de RV<\/strong>: Vive aventuras \u00fanicas em realidade virtual. Explora mundos incr\u00edveis, desafia-te em escape rooms virtuais e mergulha em experi\u00eancias imersivas a s\u00f3s ou com amigos. Sensa\u00e7\u00f5es que s\u00f3 a tecnologia pode proporcionar, em momentos inesquec\u00edveis. <a class=\"orange\" href=\"https:\/\/edenalvor.com\/vrexperience_en\/\" target=\"_blank\" rel=\"noopener\">L\u00ea mais sobre as Experi\u00eancias VR&#8230;<\/a><\/p>\n","protected":false},"featured_media":14952,"comment_status":"open","ping_status":"closed","template":"","meta":{"_piecal_is_event":false,"_piecal_start_date":"","_piecal_end_date":"","_piecal_is_allday":false},"product_brand":[],"product_cat":[81],"product_tag":[],"class_list":{"0":"post-8553","1":"product","2":"type-product","3":"status-publish","4":"has-post-thumbnail","6":"product_cat-sala-do-simulador","8":"first","9":"instock","10":"featured","11":"shipping-taxable","12":"product-type-grouped"},"bundled_by":[],"bundle_stock_status":"instock","bundle_stock_quantity":null,"bundle_virtual":false,"bundle_layout":"","bundle_add_to_cart_form_location":"","bundle_editable_in_cart":false,"bundle_sold_individually_context":"","bundle_item_grouping":"","bundle_min_size":"","bundle_max_size":"","bundle_price":[],"bundled_items":[],"bundle_sell_ids":[],"group_of_quantity":0,"min_quantity":0,"max_quantity":"","exclude_order_quantity_value_rules":"no","exclude_category_quantity_rules":"no","combine_variations":"no","_links":{"self":[{"href":"https:\/\/edenalvor.com\/pt-pt\/wp-json\/wp\/v2\/product\/8553","targetHints":{"allow":["GET"]}}],"collection":[{"href":"https:\/\/edenalvor.com\/pt-pt\/wp-json\/wp\/v2\/product"}],"about":[{"href":"https:\/\/edenalvor.com\/pt-pt\/wp-json\/wp\/v2\/types\/product"}],"replies":[{"embeddable":true,"href":"https:\/\/edenalvor.com\/pt-pt\/wp-json\/wp\/v2\/comments?post=8553"}],"wp:featuredmedia":[{"embeddable":true,"href":"https:\/\/edenalvor.com\/pt-pt\/wp-json\/wp\/v2\/media\/14952"}],"wp:attachment":[{"href":"https:\/\/edenalvor.com\/pt-pt\/wp-json\/wp\/v2\/media?parent=8553"}],"wp:term":[{"taxonomy":"product_brand","embeddable":true,"href":"https:\/\/edenalvor.com\/pt-pt\/wp-json\/wp\/v2\/product_brand?post=8553"},{"taxonomy":"product_cat","embeddable":true,"href":"https:\/\/edenalvor.com\/pt-pt\/wp-json\/wp\/v2\/product_cat?post=8553"},{"taxonomy":"product_tag","embeddable":true,"href":"https:\/\/edenalvor.com\/pt-pt\/wp-json\/wp\/v2\/product_tag?post=8553"}],"curies":[{"name":"wp","href":"https:\/\/api.w.org\/{rel}","templated":true}]}}