{"id":8555,"date":"2025-07-23T11:10:04","date_gmt":"2025-07-23T10:10:04","guid":{"rendered":"https:\/\/edenalvor.com\/booking\/piscina-spa\/"},"modified":"2026-02-27T13:54:00","modified_gmt":"2026-02-27T13:54:00","slug":"piscina-spa","status":"publish","type":"product","link":"https:\/\/edenalvor.com\/pt-pt\/reserva\/piscina-spa\/","title":{"rendered":"Piscina e Spa"},"content":{"rendered":"<p><span style=\"font-weight: 400;\">Desfruta de puro relaxamento no Eden Spa, com:<\/span><\/p>\n<ul>\n<li><span style=\"font-weight: 400;\">Uma piscina tropical exterior aquecida (\u00e1gua temperada)<\/span><\/li>\n<li><span style=\"font-weight: 400;\">Um tanque de \u00e1gua fria para um revigoramento total<\/span><\/li>\n<li><span style=\"font-weight: 400;\">Sauna<\/span><\/li>\n<li><span style=\"font-weight: 400;\">Massagens e tratamentos de beleza<\/span><\/li>\n<li><span style=\"font-weight: 400;\">Espregui\u00e7adeiras de luxo<\/span><\/li>\n<\/ul>\n<p>O Eden Spa \u00e9 tamb\u00e9m o cen\u00e1rio perfeito para casamentos e eventos privados.<\/p>\n<p><span style=\"font-weight: 400;\">Sabe mais sobre o nosso <a class=\"orange\" href=\"https:\/\/edenalvor.com\/pt-pt\/booking\/jantar-romantico-a-beira-da-piscina\/\">Jantar Rom\u00e2ntico \u00e0 Beira da Piscina<\/a> no Eden Spa e oferece a ti pr\u00f3prio uma noite inesquec\u00edvel.<\/span><\/p>\n","protected":false},"excerpt":{"rendered":"<p>Desfruta de puro relaxamento no Eden Spa, o teu ref\u00fagio de bem-estar tropical. Relaxa na nossa piscina exterior (\u00e1gua temperada) ou sauna, ou reserva uma massagem ou tratamento de beleza. <\/p>\n","protected":false},"featured_media":8560,"comment_status":"open","ping_status":"closed","template":"","meta":{"_piecal_is_event":false,"_piecal_start_date":"","_piecal_end_date":"","_piecal_is_allday":false},"product_brand":[],"product_cat":[69],"product_tag":[],"class_list":{"0":"post-8555","1":"product","2":"type-product","3":"status-publish","4":"has-post-thumbnail","6":"product_cat-spa","8":"first","9":"instock","10":"featured","11":"shipping-taxable","12":"product-type-grouped"},"bundled_by":[],"bundle_stock_status":"instock","bundle_stock_quantity":null,"bundle_virtual":false,"bundle_layout":"","bundle_add_to_cart_form_location":"","bundle_editable_in_cart":false,"bundle_sold_individually_context":"","bundle_item_grouping":"","bundle_min_size":"","bundle_max_size":"","bundle_price":[],"bundled_items":[],"bundle_sell_ids":[],"group_of_quantity":0,"min_quantity":0,"max_quantity":"","exclude_order_quantity_value_rules":"no","exclude_category_quantity_rules":"no","combine_variations":"no","_links":{"self":[{"href":"https:\/\/edenalvor.com\/pt-pt\/wp-json\/wp\/v2\/product\/8555","targetHints":{"allow":["GET"]}}],"collection":[{"href":"https:\/\/edenalvor.com\/pt-pt\/wp-json\/wp\/v2\/product"}],"about":[{"href":"https:\/\/edenalvor.com\/pt-pt\/wp-json\/wp\/v2\/types\/product"}],"replies":[{"embeddable":true,"href":"https:\/\/edenalvor.com\/pt-pt\/wp-json\/wp\/v2\/comments?post=8555"}],"wp:featuredmedia":[{"embeddable":true,"href":"https:\/\/edenalvor.com\/pt-pt\/wp-json\/wp\/v2\/media\/8560"}],"wp:attachment":[{"href":"https:\/\/edenalvor.com\/pt-pt\/wp-json\/wp\/v2\/media?parent=8555"}],"wp:term":[{"taxonomy":"product_brand","embeddable":true,"href":"https:\/\/edenalvor.com\/pt-pt\/wp-json\/wp\/v2\/product_brand?post=8555"},{"taxonomy":"product_cat","embeddable":true,"href":"https:\/\/edenalvor.com\/pt-pt\/wp-json\/wp\/v2\/product_cat?post=8555"},{"taxonomy":"product_tag","embeddable":true,"href":"https:\/\/edenalvor.com\/pt-pt\/wp-json\/wp\/v2\/product_tag?post=8555"}],"curies":[{"name":"wp","href":"https:\/\/api.w.org\/{rel}","templated":true}]}}