{"id":8563,"date":"2025-07-23T13:37:10","date_gmt":"2025-07-23T12:37:10","guid":{"rendered":"https:\/\/edenalvor.com\/booking\/mini-golfe\/"},"modified":"2026-02-27T13:50:13","modified_gmt":"2026-02-27T13:50:13","slug":"mini-golfe","status":"publish","type":"product","link":"https:\/\/edenalvor.com\/pt-pt\/reserva\/mini-golfe\/","title":{"rendered":"Mini-golfe"},"content":{"rendered":"<p><span style=\"font-weight: 400;\">Vem conhecer o King Kong, o Baz (a \u00c1rvore Falante) e o Sr. Cob Ra, os nossos divertidos animatr\u00f3nicos que encantam golfistas de todas as idades no nosso percurso de 18 buracos.<\/span><\/p>\n<p><span style=\"font-weight: 400;\">Ao cair da noite, o campo transforma-se num mundo m\u00e1gico, com luzes coloridas que d\u00e3o vida aos jardins e aos seus peculiares residentes.<\/span><\/p>\n<p><span style=\"font-weight: 400;\">Uma partida demora, em m\u00e9dia, 45 minutos, mas podes fazer pausas e desfrutar de bebidas no nosso p\u00e1tio, que tamb\u00e9m tem bilhar, air hockey e matraquilhos, al\u00e9m de jogos arcade como corridas, basquetebol e boxe, entre outros.<\/span><\/p>\n<p><span style=\"font-weight: 400;\">O nosso p\u00e1tio serve refei\u00e7\u00f5es (recomendamos o famoso hamb\u00farguer Golfland), bebidas, gelados e chocolates.<\/span><\/p>\n<p><br style=\"font-weight: 400;\"><br style=\"font-weight: 400;\"><\/p>\n","protected":false},"excerpt":{"rendered":"<p><span style=\"font-weight: 400;\">D\u00e1 a tua tacada inicial numa viagem pelos jardins tropicais luxuriantes do Eden, que albergam mais de 2.000 plantas vibrantes e um elenco de personagens curiosas. Vem conhecer o King Kong, o Baz (a \u00c1rvore Falante) e o Sr. Cob Ra, os nossos divertidos animatr\u00f3nicos que encantam golfistas de todas as idades no nosso percurso de 18 buracos.<\/span><\/p>\n<p><strong>Nota: Adultos 13 \u20ac crian\u00e7as 8 \u20ac. Menores de 5 anos n\u00e3o pagam.<\/strong><\/p>\n<p>Poupa dinheiro ao jogar entre as 15h e as 18h.<\/p>\n","protected":false},"featured_media":7215,"comment_status":"open","ping_status":"closed","template":"","meta":{"_piecal_is_event":false,"_piecal_start_date":"","_piecal_end_date":"","_piecal_is_allday":false},"product_brand":[],"product_cat":[64],"product_tag":[],"class_list":{"0":"post-8563","1":"product","2":"type-product","3":"status-publish","4":"has-post-thumbnail","6":"product_cat-mini-golfe","8":"first","9":"instock","10":"featured","11":"virtual","12":"sold-individually","13":"purchasable","14":"product-type-booking"},"bundled_by":[],"bundle_stock_status":"instock","bundle_stock_quantity":null,"bundle_virtual":false,"bundle_layout":"","bundle_add_to_cart_form_location":"","bundle_editable_in_cart":false,"bundle_sold_individually_context":"","bundle_item_grouping":"","bundle_min_size":"","bundle_max_size":"","bundle_price":[],"bundled_items":[],"bundle_sell_ids":[8309,7528,7242,7237],"group_of_quantity":0,"min_quantity":0,"max_quantity":"","exclude_order_quantity_value_rules":"no","exclude_category_quantity_rules":"no","combine_variations":"no","_links":{"self":[{"href":"https:\/\/edenalvor.com\/pt-pt\/wp-json\/wp\/v2\/product\/8563","targetHints":{"allow":["GET"]}}],"collection":[{"href":"https:\/\/edenalvor.com\/pt-pt\/wp-json\/wp\/v2\/product"}],"about":[{"href":"https:\/\/edenalvor.com\/pt-pt\/wp-json\/wp\/v2\/types\/product"}],"replies":[{"embeddable":true,"href":"https:\/\/edenalvor.com\/pt-pt\/wp-json\/wp\/v2\/comments?post=8563"}],"wp:featuredmedia":[{"embeddable":true,"href":"https:\/\/edenalvor.com\/pt-pt\/wp-json\/wp\/v2\/media\/7215"}],"wp:attachment":[{"href":"https:\/\/edenalvor.com\/pt-pt\/wp-json\/wp\/v2\/media?parent=8563"}],"wp:term":[{"taxonomy":"product_brand","embeddable":true,"href":"https:\/\/edenalvor.com\/pt-pt\/wp-json\/wp\/v2\/product_brand?post=8563"},{"taxonomy":"product_cat","embeddable":true,"href":"https:\/\/edenalvor.com\/pt-pt\/wp-json\/wp\/v2\/product_cat?post=8563"},{"taxonomy":"product_tag","embeddable":true,"href":"https:\/\/edenalvor.com\/pt-pt\/wp-json\/wp\/v2\/product_tag?post=8563"}],"curies":[{"name":"wp","href":"https:\/\/api.w.org\/{rel}","templated":true}]}}