{"id":9570,"date":"2025-07-22T11:41:53","date_gmt":"2025-07-22T10:41:53","guid":{"rendered":"https:\/\/edenalvor.com\/?post_type=product&#038;p=9570"},"modified":"2026-02-10T12:50:04","modified_gmt":"2026-02-10T12:50:04","slug":"menus-de-natal-nordico","status":"publish","type":"product","link":"https:\/\/edenalvor.com\/pt-pt\/reserva\/menus-de-natal-nordico\/","title":{"rendered":"Menus de Natal N\u00f3rdico"},"content":{"rendered":"<p><strong>Charcutaria Fria<\/strong><\/p>\n<p>3 tipos de arenque, ovos recheados, salm\u00e3o curado, salm\u00e3o fumado a quente e fumado a frio. Salsicha de rena. <\/p>\n<p><strong>Molhos e saladas<\/strong><\/p>\n<p>Molho de mostarda caseiro, mostarda sueca, salada de camar\u00e3o e salada de beterraba.<\/p>\n<p><strong>Pratos quentes<\/strong><\/p>\n<p>Alm\u00f4ndegas suecas cl\u00e1ssicas, salsichas pequenas (<em>prinskorv<\/em>), tenta\u00e7\u00e3o de Jansson (gratinado de batata com sabor a anchova), costelas e batatas cozidas.<\/p>\n<p><strong>Fiambre de Natal Sueco<\/strong><\/p>\n<p>Fiambre cozido e vidrado servido com p\u00e3o de Natal, p\u00e3o estaladi\u00e7o, queijo e manteiga de Natal.<\/p>\n<p><strong>Mesa de sobremesas<\/strong><\/p>\n<p>Queijo e bolachas, doces de chocolate e arroz-doce cremoso com molho de framboesa.<\/p>\n","protected":false},"excerpt":{"rendered":"<p><strong>Buffet de Natal Completo<\/strong> (5 e 12 de dezembro, a partir das 18h)<\/p>\n<p style=\"text-align: left;\"><strong><em>  Por favor, nota que o evento marcado para 12 de dezembro est\u00e1 completamente reservado.<\/em><\/strong><\/p>\n<p>Vive um Natal N\u00f3rdico Aut\u00eantico no Algarve e junta-te a n\u00f3s no Restaurante Eden para uma noite festiva repleta de sabores escandinavos cl\u00e1ssicos. O nosso Julbord sueco tradicional re\u00fane o melhor do Norte \u2014 desde salm\u00e3o curado e arenque cremoso at\u00e9 presunto glaceado, molhos caseiros e pratos de inverno reconfortantes. <\/p>\n<p>Tamb\u00e9m podes reservar a tua mesa enviando-nos um email para info@edenalvor.com ou ligar para 282 483 447.<\/p>\n<p>Esperamos receber-te no Restaurante Eden para desfrutares da maravilhosa comida natal\u00edcia n\u00f3rdica.<\/p>\n<p style=\"text-align: center;\"><a class=\"button\" href=\"https:\/\/edenalvor.com\/pt-pt\/booking\/reserve-uma-mesa-no-restaurante-eden\/\">Reserve aqui o menu de Natal de 3 pratos<\/a><\/p>\n<p data-start=\"658\" data-end=\"790\">Re\u00fana-se com amigos e fam\u00edlia, partilhe risadas e desfrute das tradi\u00e7\u00f5es intemporais de um Natal N\u00f3rdico.<\/p>\n<p>Nota: Para mais de 12 pessoas, por favor  <a class=\"orange\" href=\"https:\/\/edenalvor.com\/pt-pt\/contacte-nos\/\">contacta-nos<\/a>.<\/p>\n","protected":false},"featured_media":9578,"comment_status":"open","ping_status":"closed","template":"","meta":{"_piecal_is_event":false,"_piecal_start_date":"","_piecal_end_date":"","_piecal_is_allday":false},"product_brand":[],"product_cat":[70],"product_tag":[],"class_list":{"0":"post-9570","1":"product","2":"type-product","3":"status-publish","4":"has-post-thumbnail","6":"product_cat-restaurante","8":"first","9":"instock","10":"virtual","11":"sold-individually","12":"purchasable","13":"product-type-booking"},"bundled_by":[],"bundle_stock_status":"instock","bundle_stock_quantity":null,"bundle_virtual":false,"bundle_layout":"","bundle_add_to_cart_form_location":"","bundle_editable_in_cart":false,"bundle_sold_individually_context":"","bundle_item_grouping":"","bundle_min_size":"","bundle_max_size":"","bundle_price":[],"bundled_items":[],"bundle_sell_ids":[],"group_of_quantity":0,"min_quantity":0,"max_quantity":"","exclude_order_quantity_value_rules":"no","exclude_category_quantity_rules":"no","combine_variations":"no","_links":{"self":[{"href":"https:\/\/edenalvor.com\/pt-pt\/wp-json\/wp\/v2\/product\/9570","targetHints":{"allow":["GET"]}}],"collection":[{"href":"https:\/\/edenalvor.com\/pt-pt\/wp-json\/wp\/v2\/product"}],"about":[{"href":"https:\/\/edenalvor.com\/pt-pt\/wp-json\/wp\/v2\/types\/product"}],"replies":[{"embeddable":true,"href":"https:\/\/edenalvor.com\/pt-pt\/wp-json\/wp\/v2\/comments?post=9570"}],"wp:featuredmedia":[{"embeddable":true,"href":"https:\/\/edenalvor.com\/pt-pt\/wp-json\/wp\/v2\/media\/9578"}],"wp:attachment":[{"href":"https:\/\/edenalvor.com\/pt-pt\/wp-json\/wp\/v2\/media?parent=9570"}],"wp:term":[{"taxonomy":"product_brand","embeddable":true,"href":"https:\/\/edenalvor.com\/pt-pt\/wp-json\/wp\/v2\/product_brand?post=9570"},{"taxonomy":"product_cat","embeddable":true,"href":"https:\/\/edenalvor.com\/pt-pt\/wp-json\/wp\/v2\/product_cat?post=9570"},{"taxonomy":"product_tag","embeddable":true,"href":"https:\/\/edenalvor.com\/pt-pt\/wp-json\/wp\/v2\/product_tag?post=9570"}],"curies":[{"name":"wp","href":"https:\/\/api.w.org\/{rel}","templated":true}]}}